{"id":40,"date":"2018-11-30T10:06:36","date_gmt":"2018-11-30T09:06:36","guid":{"rendered":"http:\/\/neu.sabine-ronsdorf.de\/?page_id=40"},"modified":"2026-05-04T10:56:22","modified_gmt":"2026-05-04T08:56:22","slug":"impressum","status":"publish","type":"page","link":"https:\/\/www.personalagentur-ronsdorf.de\/en\/impressum\/","title":{"rendered":"Impressum"},"content":{"rendered":"<section class=\"l-section wpb_row height_medium\"><div class=\"l-section-h i-cf\"><div class=\"g-cols vc_row via_flex valign_top type_default stacking_default\"><div class=\"vc_col-sm-12 wpb_column vc_column_container\"><div class=\"vc_column-inner\"><div class=\"wpb_wrapper\"><div class=\"wpb_text_column\"><div class=\"wpb_wrapper\"><h1>Impressum<\/h1>\n<h2>Anbieterkennzeichnung<\/h2>\n<div id=\"inhalt-bereich-1\" class=\"inhalt-bereich\">\n<div id=\"element1\" class=\"inhalt-baustein\">\n<div class=\"inhalt-beitrag inhalt-beitrag-9824\">\n<div class=\"inhalt-baustein-inhalt\">\n<div class=\"inhalt-beitrag-kurztext\">\n<h3>Anschrift und Rechtsform<\/h3>\n<address>Ronsdorf &#8211; Personal &amp; Business<br \/>\nSabine Ronsdorf<br \/>\nJordanstra\u00dfe 6<br \/>\n01099 Dresden<\/address>\n<p>Rechtsform: Einzelunternehmen<br \/>\nInhaberin: Sabine Ronsdorf<br \/>\nInhaltlich Verantwortlich: Sabine Ronsdorf<\/p>\n<h3>Umsatzsteueridentifikationsnummer<\/h3>\n<p>DE251696272<\/p>\n<h3><span>Information gem\u00e4\u00df \u00a7 36 VSBG<\/span><\/h3>\n<p><span>Gem\u00e4\u00df \u00a7 36 VSBG (Verbraucherstreitbeilegungsgesetz \u2013 Gesetz \u00fcber die alternative Streitbeilegung in Verbrauchersachen) erkl\u00e4rt der Betreiber dieser Website:<\/span><\/p>\n<div id=\"post-list\" role=\"main\">\n<div class=\"post-list-holder-by-time\">\n<div class=\"post-list__table\">\n<div id=\"virtualizedPostListContent\" class=\"post-list__content\">\n<div class=\"a11y__region\" data-a11y-sort-order=\"1\" data-a11y-focus-child=\"true\" data-a11y-order-reversed=\"true\" data-a11y-loop-navigation=\"false\" aria-label=\"Nachrichtenlisten-Hauptregion\">\n<div class=\"post-list-holder-by-time\">\n<div class=\"post-list__table\">\n<div id=\"postListContent\" class=\"post-list__content\">\n<div>\n<div id=\"postListScrollContainer\" class=\"post-list__dynamic\">\n<div role=\"list\">\n<div role=\"listitem\">\n<div class=\"post-row__padding top\">\n<div id=\"post_ptbehj4s5py89mr5gtrzhm6bdh\" class=\"a11y__section post other--root post--hovered\" aria-label=\"Am Mittwoch, 6. August um 17:24 schrieb Alexander Hei\u00df: Neuer Streitschlichtungsparagraph:Information gem\u00e4\u00df \u00a7 36 VSBGGem\u00e4\u00df \u00a7 36 VSBG (Verbraucherstreitbeilegungsgesetz \u2013 Gesetz \u00fcber die alternative Streitbeilegung in Verbrauchersachen) erkl\u00e4rt der Betreiber dieser Website:Wir sind weder bereit noch verpflichtet, an Streitbeilegungsverfahren vor einer Verbraucherschlichtungsstelle teilzunehmen.\" data-testid=\"postView\"><\/p>\n<div class=\"post__content\" data-testid=\"postContent\">\n<div>\n<div id=\"ptbehj4s5py89mr5gtrzhm6bdh_message\" class=\"post__body\">\n<div class=\"AutoHeight\">\n<div>\n<div class=\"post-message post-message--collapsed\">\n<div class=\"post-message__text-container\">\n<div id=\"postMessageText_ptbehj4s5py89mr5gtrzhm6bdh\" class=\"post-message__text\" dir=\"auto\">\n<p>Wir sind weder bereit noch verpflichtet, an Streitbeilegungsverfahren vor einer Verbraucherschlichtungsstelle teilzunehmen.<\/p>\n<\/div>\n<\/div>\n<\/div>\n<\/div>\n<\/div>\n<\/div>\n<\/div>\n<\/div>\n<\/div>\n<\/div>\n<\/div>\n<\/div>\n<\/div>\n<\/div>\n<\/div>\n<\/div>\n<\/div>\n<\/div>\n<\/div>\n<\/div>\n<\/div>\n<\/div>\n<h3>contact<\/h3>\n<p>Mobil: +49 172 3633252<br \/>\nE-Mail: <a href=\"mailto:mail@personalagentur-dresden.de\">mail@personalagentur-dresden.de<\/a><\/p>\n<p><strong>Betreuung der Webseite: <\/strong>falconDev IT GmbH &#8211; <a href=\"https:\/\/falcondev.de\/\">www.falconDev.de<\/a><\/p>\n<h3>Bildnachweise:<\/h3>\n<p>\u00a9 Dorothee Piroelle<\/p>\n<\/div>\n<\/div>\n<\/div>\n<\/div>\n<\/div>\n<\/div><\/div><\/div><\/div><\/div><\/div><\/div><\/section>","protected":false},"excerpt":{"rendered":"Impressum Anbieterkennzeichnung Anschrift und Rechtsform Ronsdorf &#8211; Personal &amp; Business Sabine Ronsdorf Jordanstra\u00dfe 6 01099 Dresden Rechtsform: Einzelunternehmen Inhaberin: Sabine Ronsdorf Inhaltlich Verantwortlich: Sabine Ronsdorf Umsatzsteueridentifikationsnummer DE251696272 Information gem\u00e4\u00df \u00a7 36 VSBG Gem\u00e4\u00df \u00a7 36 VSBG (Verbraucherstreitbeilegungsgesetz \u2013 Gesetz \u00fcber die alternative Streitbeilegung in Verbrauchersachen) erkl\u00e4rt der Betreiber dieser Website: Wir sind weder bereit noch...","protected":false},"author":7,"featured_media":0,"parent":0,"menu_order":67,"comment_status":"closed","ping_status":"closed","template":"","meta":{"footnotes":""},"class_list":["post-40","page","type-page","status-publish","hentry"],"yoast_head":"<!-- This site is optimized with the Yoast SEO plugin v27.5 - https:\/\/yoast.com\/product\/yoast-seo-wordpress\/ -->\n<title>Impressum - Personalberatung Ronsdorf<\/title>\n<meta name=\"robots\" content=\"index, follow, max-snippet:-1, max-image-preview:large, max-video-preview:-1\" \/>\n<link rel=\"canonical\" href=\"https:\/\/www.personalagentur-ronsdorf.de\/en\/impressum\/\" \/>\n<meta property=\"og:locale\" content=\"en_US\" \/>\n<meta property=\"og:type\" content=\"article\" \/>\n<meta property=\"og:title\" content=\"Impressum - Personalberatung Ronsdorf\" \/>\n<meta property=\"og:url\" content=\"https:\/\/www.personalagentur-ronsdorf.de\/en\/impressum\/\" \/>\n<meta property=\"og:site_name\" content=\"Personalberatung Ronsdorf\" \/>\n<meta property=\"article:modified_time\" content=\"2026-05-04T08:56:22+00:00\" \/>\n<meta name=\"twitter:card\" content=\"summary_large_image\" \/>\n<script type=\"application\/ld+json\" class=\"yoast-schema-graph\">{\"@context\":\"https:\\\/\\\/schema.org\",\"@graph\":[{\"@type\":\"WebPage\",\"@id\":\"https:\\\/\\\/www.personalagentur-ronsdorf.de\\\/impressum\\\/\",\"url\":\"https:\\\/\\\/www.personalagentur-ronsdorf.de\\\/impressum\\\/\",\"name\":\"Impressum - Personalberatung Ronsdorf\",\"isPartOf\":{\"@id\":\"https:\\\/\\\/www.personalagentur-ronsdorf.de\\\/#website\"},\"datePublished\":\"2018-11-30T09:06:36+00:00\",\"dateModified\":\"2026-05-04T08:56:22+00:00\",\"breadcrumb\":{\"@id\":\"https:\\\/\\\/www.personalagentur-ronsdorf.de\\\/impressum\\\/#breadcrumb\"},\"inLanguage\":\"en-US\",\"potentialAction\":[{\"@type\":\"ReadAction\",\"target\":[\"https:\\\/\\\/www.personalagentur-ronsdorf.de\\\/impressum\\\/\"]}]},{\"@type\":\"BreadcrumbList\",\"@id\":\"https:\\\/\\\/www.personalagentur-ronsdorf.de\\\/impressum\\\/#breadcrumb\",\"itemListElement\":[{\"@type\":\"ListItem\",\"position\":1,\"name\":\"Startseite\",\"item\":\"https:\\\/\\\/www.personalagentur-ronsdorf.de\\\/\"},{\"@type\":\"ListItem\",\"position\":2,\"name\":\"Impressum\"}]},{\"@type\":\"WebSite\",\"@id\":\"https:\\\/\\\/www.personalagentur-ronsdorf.de\\\/#website\",\"url\":\"https:\\\/\\\/www.personalagentur-ronsdorf.de\\\/\",\"name\":\"Personalberatung Ronsdorf\",\"description\":\"\",\"publisher\":{\"@id\":\"https:\\\/\\\/www.personalagentur-ronsdorf.de\\\/#organization\"},\"potentialAction\":[{\"@type\":\"SearchAction\",\"target\":{\"@type\":\"EntryPoint\",\"urlTemplate\":\"https:\\\/\\\/www.personalagentur-ronsdorf.de\\\/?s={search_term_string}\"},\"query-input\":{\"@type\":\"PropertyValueSpecification\",\"valueRequired\":true,\"valueName\":\"search_term_string\"}}],\"inLanguage\":\"en-US\"},{\"@type\":\"Organization\",\"@id\":\"https:\\\/\\\/www.personalagentur-ronsdorf.de\\\/#organization\",\"name\":\"Ronsdorf \u2013 Personal & Business\",\"url\":\"https:\\\/\\\/www.personalagentur-ronsdorf.de\\\/\",\"logo\":{\"@type\":\"ImageObject\",\"inLanguage\":\"en-US\",\"@id\":\"https:\\\/\\\/www.personalagentur-ronsdorf.de\\\/#\\\/schema\\\/logo\\\/image\\\/\",\"url\":\"https:\\\/\\\/www.personalagentur-ronsdorf.de\\\/wp-content\\\/uploads\\\/2018\\\/12\\\/Logo_endversion.png\",\"contentUrl\":\"https:\\\/\\\/www.personalagentur-ronsdorf.de\\\/wp-content\\\/uploads\\\/2018\\\/12\\\/Logo_endversion.png\",\"width\":163,\"height\":154,\"caption\":\"Ronsdorf \u2013 Personal & Business\"},\"image\":{\"@id\":\"https:\\\/\\\/www.personalagentur-ronsdorf.de\\\/#\\\/schema\\\/logo\\\/image\\\/\"}}]}<\/script>\n<!-- \/ Yoast SEO plugin. -->","yoast_head_json":{"title":"Impressum - Personalberatung Ronsdorf","robots":{"index":"index","follow":"follow","max-snippet":"max-snippet:-1","max-image-preview":"max-image-preview:large","max-video-preview":"max-video-preview:-1"},"canonical":"https:\/\/www.personalagentur-ronsdorf.de\/en\/impressum\/","og_locale":"en_US","og_type":"article","og_title":"Impressum - Personalberatung Ronsdorf","og_url":"https:\/\/www.personalagentur-ronsdorf.de\/en\/impressum\/","og_site_name":"Personalberatung Ronsdorf","article_modified_time":"2026-05-04T08:56:22+00:00","twitter_card":"summary_large_image","schema":{"@context":"https:\/\/schema.org","@graph":[{"@type":"WebPage","@id":"https:\/\/www.personalagentur-ronsdorf.de\/impressum\/","url":"https:\/\/www.personalagentur-ronsdorf.de\/impressum\/","name":"Impressum - Personalberatung Ronsdorf","isPartOf":{"@id":"https:\/\/www.personalagentur-ronsdorf.de\/#website"},"datePublished":"2018-11-30T09:06:36+00:00","dateModified":"2026-05-04T08:56:22+00:00","breadcrumb":{"@id":"https:\/\/www.personalagentur-ronsdorf.de\/impressum\/#breadcrumb"},"inLanguage":"en-US","potentialAction":[{"@type":"ReadAction","target":["https:\/\/www.personalagentur-ronsdorf.de\/impressum\/"]}]},{"@type":"BreadcrumbList","@id":"https:\/\/www.personalagentur-ronsdorf.de\/impressum\/#breadcrumb","itemListElement":[{"@type":"ListItem","position":1,"name":"Startseite","item":"https:\/\/www.personalagentur-ronsdorf.de\/"},{"@type":"ListItem","position":2,"name":"Impressum"}]},{"@type":"WebSite","@id":"https:\/\/www.personalagentur-ronsdorf.de\/#website","url":"https:\/\/www.personalagentur-ronsdorf.de\/","name":"Personalberatung Ronsdorf","description":"","publisher":{"@id":"https:\/\/www.personalagentur-ronsdorf.de\/#organization"},"potentialAction":[{"@type":"SearchAction","target":{"@type":"EntryPoint","urlTemplate":"https:\/\/www.personalagentur-ronsdorf.de\/?s={search_term_string}"},"query-input":{"@type":"PropertyValueSpecification","valueRequired":true,"valueName":"search_term_string"}}],"inLanguage":"en-US"},{"@type":"Organization","@id":"https:\/\/www.personalagentur-ronsdorf.de\/#organization","name":"Ronsdorf \u2013 Personal & Business","url":"https:\/\/www.personalagentur-ronsdorf.de\/","logo":{"@type":"ImageObject","inLanguage":"en-US","@id":"https:\/\/www.personalagentur-ronsdorf.de\/#\/schema\/logo\/image\/","url":"https:\/\/www.personalagentur-ronsdorf.de\/wp-content\/uploads\/2018\/12\/Logo_endversion.png","contentUrl":"https:\/\/www.personalagentur-ronsdorf.de\/wp-content\/uploads\/2018\/12\/Logo_endversion.png","width":163,"height":154,"caption":"Ronsdorf \u2013 Personal & Business"},"image":{"@id":"https:\/\/www.personalagentur-ronsdorf.de\/#\/schema\/logo\/image\/"}}]}},"_links":{"self":[{"href":"https:\/\/www.personalagentur-ronsdorf.de\/en\/wp-json\/wp\/v2\/pages\/40","targetHints":{"allow":["GET"]}}],"collection":[{"href":"https:\/\/www.personalagentur-ronsdorf.de\/en\/wp-json\/wp\/v2\/pages"}],"about":[{"href":"https:\/\/www.personalagentur-ronsdorf.de\/en\/wp-json\/wp\/v2\/types\/page"}],"author":[{"embeddable":true,"href":"https:\/\/www.personalagentur-ronsdorf.de\/en\/wp-json\/wp\/v2\/users\/7"}],"replies":[{"embeddable":true,"href":"https:\/\/www.personalagentur-ronsdorf.de\/en\/wp-json\/wp\/v2\/comments?post=40"}],"version-history":[{"count":17,"href":"https:\/\/www.personalagentur-ronsdorf.de\/en\/wp-json\/wp\/v2\/pages\/40\/revisions"}],"predecessor-version":[{"id":3766,"href":"https:\/\/www.personalagentur-ronsdorf.de\/en\/wp-json\/wp\/v2\/pages\/40\/revisions\/3766"}],"wp:attachment":[{"href":"https:\/\/www.personalagentur-ronsdorf.de\/en\/wp-json\/wp\/v2\/media?parent=40"}],"curies":[{"name":"wp","href":"https:\/\/api.w.org\/{rel}","templated":true}]}}