{"id":3392,"date":"2025-02-06T12:38:12","date_gmt":"2025-02-06T11:38:12","guid":{"rendered":"https:\/\/www.personalagentur-ronsdorf.de\/?page_id=3392"},"modified":"2026-04-01T10:19:33","modified_gmt":"2026-04-01T08:19:33","slug":"fuer-bewerber","status":"publish","type":"page","link":"https:\/\/www.personalagentur-ronsdorf.de\/en\/fuer-bewerber\/","title":{"rendered":"Edit F\u00fcr Bewerber"},"content":{"rendered":"<section class=\"l-section wpb_row height_auto width_full\"><div class=\"l-section-h i-cf\"><div class=\"g-cols vc_row via_flex valign_top type_default stacking_default\"><div class=\"vc_col-sm-12 wpb_column vc_column_container\"><div class=\"vc_column-inner\"><div class=\"wpb_wrapper\">\n\t\t\t<!-- START vortraege REVOLUTION SLIDER 6.7.34 --><p class=\"rs-p-wp-fix\"><\/p>\n\t\t\t<rs-module-wrap id=\"rev_slider_11_1_wrapper\" data-source=\"gallery\" style=\"visibility:hidden;background:transparent;padding:0;margin:0px auto;margin-top:0;margin-bottom:0;\">\n\t\t\t\t<rs-module id=\"rev_slider_11_1\" style=\"\" data-version=\"6.7.34\">\n\t\t\t\t\t<rs-slides style=\"overflow: hidden; position: absolute;\">\n\t\t\t\t\t\t<rs-slide style=\"position: absolute;\" data-key=\"rs-11\" data-title=\"Slide\" data-anim=\"adpr:false;\">\n\t\t\t\t\t\t\t<img decoding=\"async\" src=\"\/\/www.personalagentur-ronsdorf.de\/wp-content\/plugins\/revslider\/sr6\/assets\/assets\/dummy.png\" alt=\"\" title=\"Edit F\u00fcr Bewerber\" class=\"rev-slidebg tp-rs-img rs-lazyload\" data-lazyload=\"\/\/www.personalagentur-ronsdorf.de\/wp-content\/uploads\/2018\/12\/vortraege.jpg\" data-no-retina>\n<!---->\t\t\t\t\t<\/rs-slide>\n\t\t\t\t\t<\/rs-slides>\n\t\t\t\t<\/rs-module>\n\t\t\t\t<script>\n\t\t\t\t\tsetREVStartSize({c: 'rev_slider_11_1',rl:[1240,1024,768,480],el:[],gw:[1920],gh:[626],type:'standard',justify:'',layout:'fullwidth',mh:\"0\"});if (window.RS_MODULES!==undefined && window.RS_MODULES.modules!==undefined && window.RS_MODULES.modules[\"revslider111\"]!==undefined) {window.RS_MODULES.modules[\"revslider111\"].once = false;window.revapi11 = undefined;if (window.RS_MODULES.checkMinimal!==undefined) window.RS_MODULES.checkMinimal()}\n\t\t\t\t<\/script>\n\t\t\t<\/rs-module-wrap>\n\t\t\t<!-- END REVOLUTION SLIDER -->\n<\/div><\/div><\/div><\/div><\/div><\/section><section class=\"l-section wpb_row us_custom_b3067719 height_auto\"><div class=\"l-section-h i-cf\"><div class=\"g-cols vc_row via_flex valign_top type_default stacking_default\"><div class=\"vc_col-sm-12 wpb_column vc_column_container\"><div class=\"vc_column-inner\"><div class=\"wpb_wrapper\"><h1 style=\"text-align: left\" class=\"vc_custom_heading vc_do_custom_heading us_custom_14e42543\" >FIND instead of searching \u2013 your next career step<\/h1><h3 style=\"text-align: left\" class=\"vc_custom_heading vc_do_custom_heading us_custom_5fb5abd6\" >Whether in Dresden, Saxony or throughout Germany \u2013 we will take you to your destination!<\/h3><div class=\"wpb_text_column\"><div class=\"wpb_wrapper\"><p class=\"p1 translation-block\"><span class=\"s1\"> As a specialist or manager in <b>mechanical engineering<\/b>, <b>the semiconductor industry<\/b>, <b>microelectronics<\/b> oder <b>automation technology<\/b> exciting career opportunities await you.<\/span><\/p>\n<\/div><\/div><\/div><\/div><\/div><\/div><\/div><\/section><section class=\"l-section wpb_row us_custom_0b150413 height_auto\"><div class=\"l-section-h i-cf\"><div class=\"g-cols vc_row via_flex valign_top type_default stacking_default\"><div class=\"vc_col-sm-12 wpb_column vc_column_container\"><div class=\"vc_column-inner\"><div class=\"wpb_wrapper\"><h3 style=\"text-align: left\" class=\"vc_custom_heading vc_do_custom_heading us_custom_edd5ec23\" >Our service is free for applicants (m\/f\/d) \u2013 sometimes the perfect employer is already in the starting blocks!<\/h3><\/div><\/div><\/div><\/div><\/div><\/section><section class=\"l-section wpb_row us_custom_60efb839 height_auto\"><div class=\"l-section-h i-cf\"><div class=\"g-cols vc_row via_flex valign_top type_default stacking_default\"><div class=\"vc_col-sm-12 wpb_column vc_column_container\"><div class=\"vc_column-inner\"><div class=\"wpb_wrapper\"><h2 style=\"text-align: left\" class=\"vc_custom_heading vc_do_custom_heading us_custom_6271de0a\" >Why choose Ronsdorf Personal &amp; Business?<\/h2><div class=\"wpb_text_column us_custom_a7b81f01\"><div class=\"wpb_wrapper\"><ul class=\"ul1\">\n<li class=\"li1 translation-block\"><span class=\"s1\"><b>Discretion guaranteed:<\/b> Your application will be stored in accordance with the GDPR and only passed on with your consent.\n<\/span><\/li>\n<li class=\"li1 translation-block\"><b><\/b><span class=\"s1\"><b>Personal contact:<\/b> We take time for you \u2013 by phone or video call.<\/span><\/li>\n<li class=\"li1 translation-block\"><b><\/b><span class=\"s1\"><b>Fast placement:<\/b> Our network includes top companies in <b> Dresden <\/b>, <b> Leipzig <\/b>, <b> Munich <\/b> and all of Germany.<\/span><\/li>\n<li class=\"li1 translation-block\"><b><\/b><span class=\"s1\"><b>Diverse industries:<\/b> From <b>mechanical engineering<\/b> to <b> robotics <\/b> to <b> optoelectronics <\/b> \u2013 we will find the right position for your skills.<\/span><\/li>\n<li class=\"li2 translation-block\"><b><\/b><span class=\"s1\"><b>Exclusive job offers:<\/b> Many of our positions are not advertised publicly and are only available through us.<\/span><\/li>\n<\/ul>\n<\/div><\/div><\/div><\/div><\/div><\/div><\/div><\/section><section class=\"l-section wpb_row us_custom_321c1255 height_auto\"><div class=\"l-section-h i-cf\"><div class=\"g-cols vc_row via_flex valign_top type_default stacking_default\"><div class=\"vc_col-sm-12 wpb_column vc_column_container\"><div class=\"vc_column-inner\"><div class=\"wpb_wrapper\"><h2 style=\"text-align: left\" class=\"vc_custom_heading vc_do_custom_heading us_custom_6271de0a\" >Typical positions we fill<\/h2><div class=\"wpb_text_column\"><div class=\"wpb_wrapper\"><ul class=\"ul1\">\n<li class=\"li1\"><span class=\"s1\"><b>CEO, CTO<\/b><b><\/b><\/span><\/li>\n<li class=\"li1\"><b><\/b><span class=\"s1\"><b>engineers and developers<\/b><b><\/b><\/span><\/li>\n<li class=\"li1\"><b><\/b><span class=\"s1\"><b>operations manager and production manager<\/b><b><\/b><\/span><\/li>\n<li class=\"li1\"><b><\/b><span class=\"s1\"><b>Commercial Director \/ Financial Director<\/b><b><\/b><\/span><\/li>\n<li class=\"li1\"><b><\/b><span class=\"s1\"><b>operations manager and production manager<\/b><b><\/b><\/span><\/li>\n<li class=\"li2\"><b><\/b><span class=\"s1\"><b>Head of Design and Innovation<\/b><\/span><\/li>\n<\/ul>\n<\/div><\/div><\/div><\/div><\/div><\/div><\/div><\/section><section class=\"l-section wpb_row us_custom_d7712ab0 height_auto\"><div class=\"l-section-h i-cf\"><div class=\"g-cols vc_row via_flex valign_top type_default stacking_default\"><div class=\"vc_col-sm-12 wpb_column vc_column_container\"><div class=\"vc_column-inner\"><div class=\"wpb_wrapper\"><h1 style=\"text-align: left\" class=\"vc_custom_heading vc_do_custom_heading us_custom_bb4665e5\" >It's that simple:<\/h1><div class=\"wpb_text_column speciallist\"><div class=\"wpb_wrapper\"><ol class=\"ul1\">\n<li class=\"li1\"><span class=\"s1\"><b>Apply now<\/b> Please send your documents to <a href=\"mailto:mail@personalagentur-dresden.de\">mail@personalagentur-dresden.de<\/a><\/span><\/li>\n<li class=\"li1 translation-block\"><b><\/b><span class=\"s1\"><b>Get to know us:<\/b> We will arrange an initial meeting by phone or video call to discuss your goals and wishes.<\/span><\/li>\n<li class=\"li1 translation-block\"><b><\/b><span class=\"s1\"><b>Matching with employers:<\/b> We look for job offers that perfectly match your skills and ambitions.<\/span><\/li>\n<li class=\"li2 translation-block\"><b><\/b><span class=\"s1\"><b>Your new job:<\/b> After successful placement, we will be happy to support you with the next steps such as contract negotiations and onboarding.<\/span><\/li>\n<\/ol>\n<\/div><\/div><\/div><\/div><\/div><\/div><\/div><\/section><section class=\"l-section wpb_row us_custom_e2fc9b55 height_medium\"><div class=\"l-section-h i-cf\"><div class=\"g-cols vc_row via_flex valign_top type_default stacking_default\"><div class=\"vc_col-sm-12 wpb_column vc_column_container\"><div class=\"vc_column-inner\"><div class=\"wpb_wrapper\"><h2 style=\"text-align: left\" class=\"vc_custom_heading vc_do_custom_heading us_custom_6271de0a\" >Apply now and discover new career opportunities!<\/h2><div class=\"wpb_text_column us_custom_85aebea1 speciallist\"><div class=\"wpb_wrapper\"><p class=\"p1\"><span class=\"s1\">Our mission is to ensure that your added value in the world of work is seen and valued. In this way, we contribute to promoting your satisfaction and professional success.<\/span><\/p>\n<\/div><\/div><\/div><\/div><\/div><\/div><\/div><\/section><section class=\"l-section wpb_row us_custom_6a6c36f3 height_medium\"><div class=\"l-section-h i-cf\"><div class=\"g-cols vc_row via_flex valign_top type_default stacking_default\"><div class=\"vc_col-sm-12 wpb_column vc_column_container\"><div class=\"vc_column-inner\"><div class=\"wpb_wrapper\"><h2 style=\"text-align: left\" class=\"vc_custom_heading vc_do_custom_heading us_custom_5172d543\" >Apply here \u2013 your new job is waiting for you!<\/h2><div class=\"vc_custom_1775031544259 ubtn-ctn-left\"><a class=\"ubtn-link ult-adjust-bottom-margin ubtn-left ubtn-small\" href=\"mailto:mail@personalagentur-dresden.de\" target=\"_blank\" rel=\"noopener\" ><button type=\"button\" id=\"ubtn-4752\"  class=\"ubtn ult-adjust-bottom-margin ult-responsive ubtn-small ubtn-fade-bg  ulta-pop  ubtn-shd  ubtn-left  shd-bottom tooltip-69fd50db94d1a\"  data-hover=\"\" data-border-color=\"\" data-bg=\"#b32d33\" data-hover-bg=\"#b32d33\" data-border-hover=\"\" data-shadow-hover=\"0 3px #e0e0e0;\" data-shadow-click=\"\" data-shadow=\"0 1px #e0e0e0;\" data-shd-shadow=\"1\"  data-ultimate-target='#ubtn-4752'  data-responsive-json-new='{\"font-size\":\"desktop:20px;\",\"line-height\":\"\"}'  style=\"font-weight:normal;border:none;box-shadow: 0 1px #e0e0e0;background: #b32d33;color: #ffffff;\"><span class=\"ubtn-hover\" style=\"background-color:#b32d33\"><\/span><span class=\"ubtn-data ubtn-text\" >Apply here<\/span><\/button><\/a><\/div><\/div><\/div><\/div><\/div><\/div><\/section><section class=\"l-section wpb_row us_custom_008bbec8 height_medium\"><div class=\"l-section-h i-cf\"><div class=\"g-cols vc_row via_flex valign_top type_default stacking_default\"><div class=\"vc_col-sm-12 wpb_column vc_column_container\"><div class=\"vc_column-inner\"><div class=\"wpb_wrapper\"><div class=\"ult-content-box-container\" >\t\t<div class=\"ult-content-box\" style=\"background-color:#ffffff;box-shadow: 2px 3px 3px 2px #bcbcbc none;-webkit-transition: all 700ms ease;-moz-transition: all 700ms ease;-ms-transition: all 700ms ease;-o-transition: all 700ms ease;transition: all 700ms ease;\"  data-hover_box_shadow=\"none\"     data-bg=\"#ffffff\" ><div class=\"wpb_text_column\"><div class=\"wpb_wrapper\"><h3 class=\"translation-block\">Now <a id=\"kontakt\" target=\"_self\"><\/a><span style=\"color: #b02a30\">inquire!<\/span><\/h3>\n<p>Simply send us your contact details. We will get in touch with you shortly.<\/p>\n<\/div><\/div><form class=\"w-form  us-field-style_1 us_custom_1629d12c has_text_color layout_ver for_cform us_form_1\" autocomplete=\"off\" action=\"https:\/\/www.personalagentur-ronsdorf.de\/en\/en\/wp-json\/wp\/v2\/pages\/3392\" method=\"post\" data-trp-original-action=\"https:\/\/www.personalagentur-ronsdorf.de\/en\/en\/wp-json\/wp\/v2\/pages\/3392\"><div class=\"w-form-h\"><div class=\"w-form-row for_text required\">\r\n\t\t<div class=\"w-form-row-field\">\r\n\t\t\t\t\t\t<input aria-label=\"Name\" type=\"text\" name=\"us_form_1_text_1\" value placeholder=\"Name *\" data-required=\"true\" aria-required=\"true\"\/>\r\n\t\t\t<\/div>\r\n\t\t<div class=\"w-form-row-state\">Fill out this field<\/div>\r\n<\/div>\r\n<div class=\"w-form-row for_email required\">\r\n\t\t<div class=\"w-form-row-field\">\r\n\t\t\t\t\t\t<input aria-label=\"E-Mail\" type=\"email\" name=\"us_form_1_email_1\" value placeholder=\"E-Mail *\" data-required=\"true\" aria-required=\"true\"\/>\r\n\t\t\t<\/div>\r\n\t\t<div class=\"w-form-row-state\">Please enter a valid email address.<\/div>\r\n<\/div>\r\n<div class=\"w-form-row for_textarea\">\r\n\t\t<div class=\"w-form-row-field\">\r\n\t\t\t\t\t\t<textarea aria-label=\"Text\" name=\"us_form_1_textarea_1\" placeholder=\"Text\"><\/textarea>\r\n\t\t\t<\/div>\r\n\t\t<div class=\"w-form-row-state\">Fill out this field<\/div>\r\n<\/div>\r\n<div class=\"w-form-row for_agreement required\">\r\n\t\t\t<div class=\"w-form-row-label\">\r\n\t\t\t<span>Security and privacy notice * <span class=\"required\">*<\/span><\/span>\r\n\t\t<\/div>\r\n\t\t<div class=\"w-form-row-field\">\r\n\t\t\t\t<label>\r\n\t\t\t<input type=\"checkbox\" value=\"1\" data-required=\"true\" aria-required=\"true\" name=\"us_form_1_agreement_1\"\/>\r\n\t\t\t<span><\/span>\r\n\t\t<\/label>\r\n\t\t\t<\/div>\r\n\t\t\t<div class=\"w-form-row-description translation-block\">I agree to the storage of my data and accept the<a href=\"\/en\/datenschutz\/\" style=\"color:#999;text-decoration:underline\" target=\"_self\">privacy policy*<\/a>.<\/div>\r\n\t\t<div class=\"w-form-row-state\">You need to agree with the terms to proceed<\/div>\r\n<\/div>\r\n<div class=\"w-form-row for_info\">\r\n\t<p>We will treat your data as strictly confidential and will not pass it on to third parties. You can revoke your consent to storage at any time and request deletion.<\/p>\r\n<\/div>\r\n<div class=\"w-form-row for_captcha required\">\r\n\t<div class=\"w-form-row-label\">\r\n\t\t<span> <span>17 + 7 = ?<\/span><\/span>\r\n\t<\/div>\r\n\t<div class=\"w-form-row-field\">\r\n\t\t\t\t<input type=\"hidden\" name=\"us_form_1_captcha_1_hash\" value=\"66b36e7f152e62e546fcbdf334241fe5\" \/>\r\n\t\t\t\t<input aria-label=\"us_form_1_captcha_1\" type=\"text\" name=\"us_form_1_captcha_1\" placeholder data-required=\"true\" aria-required=\"true\"\/>\r\n\t\t\t<\/div>\r\n\t\t\t<div class=\"w-form-row-description\">\r\n\t\t\tTo protect against spam, please answer this small math problem.\t\t<\/div>\r\n\t\t<div class=\"w-form-row-state\">Enter the equation result to proceed<\/div>\r\n<\/div>\r\n<input type=\"hidden\" name=\"action\" value=\"us_ajax_cform\" \/>\r\n<input type=\"hidden\" name=\"post_id\" value=\"0\" \/>\r\n<input type=\"hidden\" name=\"form_index\" value=\"1\" \/>\r\n<div class=\"w-form-row for_submit align_center\">\r\n\t<button class=\"w-btn  us-btn-style_4\" aria-label=\"Submit\" type=\"submit\">\r\n\t\t<span class=\"g-preloader type_1\"><\/span>\r\n\t\t\t\t<span class=\"w-btn-label\">Submit<\/span>\r\n\t\t\t<\/button>\r\n\t<\/div>\r\n<\/div><div class=\"w-form-message\"><\/div><div class=\"w-form-json hidden\" onclick='return {&quot;ajaxurl&quot;:&quot;https:\\\/\\\/www.personalagentur-ronsdorf.de\\\/wp-admin\\\/admin-ajax.php&quot;,&quot;messages&quot;:{&quot;err_empty&quot;:&quot;Fill out this field&quot;,&quot;err_size&quot;:&quot;File size cannot exceed %s MB&quot;,&quot;err_extension&quot;:&quot;%s file type is not allowed&quot;,&quot;err_recaptcha_keys&quot;:&quot;reCAPTCHA keys are incorrect&quot;}}'><\/div><input type=\"hidden\" name=\"trp-form-language\" value=\"en\"\/><\/form>\t\t<\/div><\/div><\/div><\/div><\/div><\/div><\/div><\/section><!-- Row Backgrounds --><div class=\"upb_color\" data-bg-override=\"0\" data-bg-color=\"\" data-fadeout=\"\" data-fadeout-percentage=\"30\" data-parallax-content=\"\" data-parallax-content-sense=\"30\" data-row-effect-mobile-disable=\"true\" data-img-parallax-mobile-disable=\"true\" data-rtl=\"false\"  data-custom-vc-row=\"\"  data-vc=\"8.4.1\"  data-is_old_vc=\"\"  data-theme-support=\"\"   data-overlay=\"false\" data-overlay-color=\"\" data-overlay-pattern=\"\" data-overlay-pattern-opacity=\"\" data-overlay-pattern-size=\"\"    ><\/div><section class=\"l-section wpb_row height_medium\"><div class=\"l-section-h i-cf\"><div class=\"g-cols vc_row via_flex valign_top type_default stacking_default\"><div class=\"vc_col-sm-12 wpb_column vc_column_container\"><div class=\"vc_column-inner\"><div class=\"wpb_wrapper\"><\/div><\/div><\/div><\/div><\/div><\/section><section class=\"l-section wpb_row height_medium\"><div class=\"l-section-h i-cf\"><div class=\"g-cols vc_row via_flex valign_top type_default stacking_default\"><div class=\"vc_col-sm-12 wpb_column vc_column_container\"><div class=\"vc_column-inner\"><div class=\"wpb_wrapper\"><\/div><\/div><\/div><\/div><\/div><\/section>","protected":false},"excerpt":{"rendered":"FINDEN statt suchen \u2013 Ihr n\u00e4chster KarriereschrittOb in Dresden, Sachsen oder deutschlandweit \u2013 Wir bringen Sie an Ihr Ziel!Als Fach- oder F\u00fchrungskraft in Maschinenbau, Halbleiterindustrie, Mikroelektronik oder Automatisierungstechnik warten spannende Karrierechancen auf Sie. F\u00fcr Bewerber (m\/w\/d) ist unser Service kostenlos \u2013 manchmal steht der perfekte Arbeitgeber bereits in den Startl\u00f6chern!Warum mit Ronsdorf Personal &amp; Business?...","protected":false},"author":7,"featured_media":0,"parent":0,"menu_order":23,"comment_status":"closed","ping_status":"closed","template":"","meta":{"footnotes":""},"class_list":["post-3392","page","type-page","status-publish","hentry"],"yoast_head":"<!-- This site is optimized with the Yoast SEO plugin v27.5 - https:\/\/yoast.com\/product\/yoast-seo-wordpress\/ -->\n<title>Jobs in Deutschland - Service f\u00fcr Bewerber | Ronsdorf Personal<\/title>\n<meta name=\"description\" content=\"Wir unterst\u00fctzen Sie dabei, Ihren Traumjob in Sachsen zu finden. Jetzt pers\u00f6nlich beraten lassen &amp; mit nur einer Bewerbung zum neuen Job.\" \/>\n<meta name=\"robots\" content=\"noindex, follow\" \/>\n<meta property=\"og:locale\" content=\"en_US\" \/>\n<meta property=\"og:type\" content=\"article\" \/>\n<meta property=\"og:title\" content=\"Personalagentur Ronsdorf\" \/>\n<meta property=\"og:description\" content=\"Wir finden f\u00fcr Sie die schlauen K\u00f6pfe!\" \/>\n<meta property=\"og:url\" content=\"https:\/\/www.personalagentur-ronsdorf.de\/en\/fuer-bewerber\/\" \/>\n<meta property=\"og:site_name\" content=\"Personalberatung Ronsdorf\" \/>\n<meta property=\"article:modified_time\" content=\"2026-04-01T08:19:33+00:00\" \/>\n<meta property=\"og:image\" content=\"https:\/\/www.personalagentur-ronsdorf.de\/wp-content\/uploads\/2021\/10\/Ronsdorf_FBPostbild_1_startseite.jpg\" \/>\n\t<meta property=\"og:image:width\" content=\"1200\" \/>\n\t<meta property=\"og:image:height\" content=\"628\" \/>\n\t<meta property=\"og:image:type\" content=\"image\/jpeg\" \/>\n<meta name=\"twitter:card\" content=\"summary_large_image\" \/>\n<meta name=\"twitter:title\" content=\"Personalagentur Ronsdorf\" \/>\n<meta name=\"twitter:description\" content=\"Wir finden f\u00fcr Sie die schlauen K\u00f6pfe!\" \/>\n<meta name=\"twitter:image\" content=\"https:\/\/www.personalagentur-ronsdorf.de\/wp-content\/uploads\/2021\/10\/Ronsdorf_TWPostbild_1_startseite.jpg\" \/>\n<script type=\"application\/ld+json\" class=\"yoast-schema-graph\">{\"@context\":\"https:\\\/\\\/schema.org\",\"@graph\":[{\"@type\":\"WebPage\",\"@id\":\"https:\\\/\\\/www.personalagentur-ronsdorf.de\\\/fuer-bewerber\\\/\",\"url\":\"https:\\\/\\\/www.personalagentur-ronsdorf.de\\\/fuer-bewerber\\\/\",\"name\":\"Jobs in Deutschland - Service f\u00fcr Bewerber | Ronsdorf Personal\",\"isPartOf\":{\"@id\":\"https:\\\/\\\/www.personalagentur-ronsdorf.de\\\/#website\"},\"datePublished\":\"2025-02-06T11:38:12+00:00\",\"dateModified\":\"2026-04-01T08:19:33+00:00\",\"description\":\"Wir unterst\u00fctzen Sie dabei, Ihren Traumjob in Sachsen zu finden. Jetzt pers\u00f6nlich beraten lassen & mit nur einer Bewerbung zum neuen Job.\",\"breadcrumb\":{\"@id\":\"https:\\\/\\\/www.personalagentur-ronsdorf.de\\\/fuer-bewerber\\\/#breadcrumb\"},\"inLanguage\":\"en-US\",\"potentialAction\":[{\"@type\":\"ReadAction\",\"target\":[\"https:\\\/\\\/www.personalagentur-ronsdorf.de\\\/fuer-bewerber\\\/\"]}]},{\"@type\":\"BreadcrumbList\",\"@id\":\"https:\\\/\\\/www.personalagentur-ronsdorf.de\\\/fuer-bewerber\\\/#breadcrumb\",\"itemListElement\":[{\"@type\":\"ListItem\",\"position\":1,\"name\":\"Startseite\",\"item\":\"https:\\\/\\\/www.personalagentur-ronsdorf.de\\\/\"},{\"@type\":\"ListItem\",\"position\":2,\"name\":\"Edit F\u00fcr Bewerber\"}]},{\"@type\":\"WebSite\",\"@id\":\"https:\\\/\\\/www.personalagentur-ronsdorf.de\\\/#website\",\"url\":\"https:\\\/\\\/www.personalagentur-ronsdorf.de\\\/\",\"name\":\"Personalberatung Ronsdorf\",\"description\":\"\",\"publisher\":{\"@id\":\"https:\\\/\\\/www.personalagentur-ronsdorf.de\\\/#organization\"},\"potentialAction\":[{\"@type\":\"SearchAction\",\"target\":{\"@type\":\"EntryPoint\",\"urlTemplate\":\"https:\\\/\\\/www.personalagentur-ronsdorf.de\\\/?s={search_term_string}\"},\"query-input\":{\"@type\":\"PropertyValueSpecification\",\"valueRequired\":true,\"valueName\":\"search_term_string\"}}],\"inLanguage\":\"en-US\"},{\"@type\":\"Organization\",\"@id\":\"https:\\\/\\\/www.personalagentur-ronsdorf.de\\\/#organization\",\"name\":\"Ronsdorf \u2013 Personal & Business\",\"url\":\"https:\\\/\\\/www.personalagentur-ronsdorf.de\\\/\",\"logo\":{\"@type\":\"ImageObject\",\"inLanguage\":\"en-US\",\"@id\":\"https:\\\/\\\/www.personalagentur-ronsdorf.de\\\/#\\\/schema\\\/logo\\\/image\\\/\",\"url\":\"https:\\\/\\\/www.personalagentur-ronsdorf.de\\\/wp-content\\\/uploads\\\/2018\\\/12\\\/Logo_endversion.png\",\"contentUrl\":\"https:\\\/\\\/www.personalagentur-ronsdorf.de\\\/wp-content\\\/uploads\\\/2018\\\/12\\\/Logo_endversion.png\",\"width\":163,\"height\":154,\"caption\":\"Ronsdorf \u2013 Personal & Business\"},\"image\":{\"@id\":\"https:\\\/\\\/www.personalagentur-ronsdorf.de\\\/#\\\/schema\\\/logo\\\/image\\\/\"}}]}<\/script>\n<!-- \/ Yoast SEO plugin. -->","yoast_head_json":{"title":"Jobs in Deutschland - Service f\u00fcr Bewerber | Ronsdorf Personal","description":"Wir unterst\u00fctzen Sie dabei, Ihren Traumjob in Sachsen zu finden. Jetzt pers\u00f6nlich beraten lassen & mit nur einer Bewerbung zum neuen Job.","robots":{"index":"noindex","follow":"follow"},"og_locale":"en_US","og_type":"article","og_title":"Personalagentur Ronsdorf","og_description":"Wir finden f\u00fcr Sie die schlauen K\u00f6pfe!","og_url":"https:\/\/www.personalagentur-ronsdorf.de\/en\/fuer-bewerber\/","og_site_name":"Personalberatung Ronsdorf","article_modified_time":"2026-04-01T08:19:33+00:00","og_image":[{"width":1200,"height":628,"url":"https:\/\/www.personalagentur-ronsdorf.de\/wp-content\/uploads\/2021\/10\/Ronsdorf_FBPostbild_1_startseite.jpg","type":"image\/jpeg"}],"twitter_card":"summary_large_image","twitter_title":"Personalagentur Ronsdorf","twitter_description":"Wir finden f\u00fcr Sie die schlauen K\u00f6pfe!","twitter_image":"https:\/\/www.personalagentur-ronsdorf.de\/wp-content\/uploads\/2021\/10\/Ronsdorf_TWPostbild_1_startseite.jpg","schema":{"@context":"https:\/\/schema.org","@graph":[{"@type":"WebPage","@id":"https:\/\/www.personalagentur-ronsdorf.de\/fuer-bewerber\/","url":"https:\/\/www.personalagentur-ronsdorf.de\/fuer-bewerber\/","name":"Jobs in Deutschland - Service f\u00fcr Bewerber | Ronsdorf Personal","isPartOf":{"@id":"https:\/\/www.personalagentur-ronsdorf.de\/#website"},"datePublished":"2025-02-06T11:38:12+00:00","dateModified":"2026-04-01T08:19:33+00:00","description":"Wir unterst\u00fctzen Sie dabei, Ihren Traumjob in Sachsen zu finden. Jetzt pers\u00f6nlich beraten lassen & mit nur einer Bewerbung zum neuen Job.","breadcrumb":{"@id":"https:\/\/www.personalagentur-ronsdorf.de\/fuer-bewerber\/#breadcrumb"},"inLanguage":"en-US","potentialAction":[{"@type":"ReadAction","target":["https:\/\/www.personalagentur-ronsdorf.de\/fuer-bewerber\/"]}]},{"@type":"BreadcrumbList","@id":"https:\/\/www.personalagentur-ronsdorf.de\/fuer-bewerber\/#breadcrumb","itemListElement":[{"@type":"ListItem","position":1,"name":"Startseite","item":"https:\/\/www.personalagentur-ronsdorf.de\/"},{"@type":"ListItem","position":2,"name":"Edit F\u00fcr Bewerber"}]},{"@type":"WebSite","@id":"https:\/\/www.personalagentur-ronsdorf.de\/#website","url":"https:\/\/www.personalagentur-ronsdorf.de\/","name":"Personalberatung Ronsdorf","description":"","publisher":{"@id":"https:\/\/www.personalagentur-ronsdorf.de\/#organization"},"potentialAction":[{"@type":"SearchAction","target":{"@type":"EntryPoint","urlTemplate":"https:\/\/www.personalagentur-ronsdorf.de\/?s={search_term_string}"},"query-input":{"@type":"PropertyValueSpecification","valueRequired":true,"valueName":"search_term_string"}}],"inLanguage":"en-US"},{"@type":"Organization","@id":"https:\/\/www.personalagentur-ronsdorf.de\/#organization","name":"Ronsdorf \u2013 Personal & Business","url":"https:\/\/www.personalagentur-ronsdorf.de\/","logo":{"@type":"ImageObject","inLanguage":"en-US","@id":"https:\/\/www.personalagentur-ronsdorf.de\/#\/schema\/logo\/image\/","url":"https:\/\/www.personalagentur-ronsdorf.de\/wp-content\/uploads\/2018\/12\/Logo_endversion.png","contentUrl":"https:\/\/www.personalagentur-ronsdorf.de\/wp-content\/uploads\/2018\/12\/Logo_endversion.png","width":163,"height":154,"caption":"Ronsdorf \u2013 Personal & Business"},"image":{"@id":"https:\/\/www.personalagentur-ronsdorf.de\/#\/schema\/logo\/image\/"}}]}},"_links":{"self":[{"href":"https:\/\/www.personalagentur-ronsdorf.de\/en\/wp-json\/wp\/v2\/pages\/3392","targetHints":{"allow":["GET"]}}],"collection":[{"href":"https:\/\/www.personalagentur-ronsdorf.de\/en\/wp-json\/wp\/v2\/pages"}],"about":[{"href":"https:\/\/www.personalagentur-ronsdorf.de\/en\/wp-json\/wp\/v2\/types\/page"}],"author":[{"embeddable":true,"href":"https:\/\/www.personalagentur-ronsdorf.de\/en\/wp-json\/wp\/v2\/users\/7"}],"replies":[{"embeddable":true,"href":"https:\/\/www.personalagentur-ronsdorf.de\/en\/wp-json\/wp\/v2\/comments?post=3392"}],"version-history":[{"count":52,"href":"https:\/\/www.personalagentur-ronsdorf.de\/en\/wp-json\/wp\/v2\/pages\/3392\/revisions"}],"predecessor-version":[{"id":3759,"href":"https:\/\/www.personalagentur-ronsdorf.de\/en\/wp-json\/wp\/v2\/pages\/3392\/revisions\/3759"}],"wp:attachment":[{"href":"https:\/\/www.personalagentur-ronsdorf.de\/en\/wp-json\/wp\/v2\/media?parent=3392"}],"curies":[{"name":"wp","href":"https:\/\/api.w.org\/{rel}","templated":true}]}}