{"id":2776,"date":"2024-10-21T13:55:34","date_gmt":"2024-10-21T11:55:34","guid":{"rendered":"https:\/\/www.personalagentur-ronsdorf.de\/?page_id=2776"},"modified":"2024-10-23T23:51:56","modified_gmt":"2024-10-23T21:51:56","slug":"newsletter","status":"publish","type":"page","link":"https:\/\/www.personalagentur-ronsdorf.de\/en\/newsletter\/","title":{"rendered":"Newsletter"},"content":{"rendered":"<section class=\"l-section wpb_row height_auto width_full\"><div class=\"l-section-h i-cf\"><div class=\"g-cols vc_row via_flex valign_top type_default stacking_default\"><div class=\"vc_col-sm-12 wpb_column vc_column_container\"><div class=\"vc_column-inner\"><div class=\"wpb_wrapper\">\n\t\t\t<!-- START headhunting 2108 REVOLUTION SLIDER 6.7.34 --><p class=\"rs-p-wp-fix\"><\/p>\n\t\t\t<rs-module-wrap id=\"rev_slider_29_1_wrapper\" data-source=\"gallery\" style=\"visibility:hidden;background:transparent;padding:0;margin:0px auto;margin-top:0;margin-bottom:0;\">\n\t\t\t\t<rs-module id=\"rev_slider_29_1\" style=\"\" data-version=\"6.7.34\">\n\t\t\t\t\t<rs-slides style=\"overflow: hidden; position: absolute;\">\n\t\t\t\t\t\t<rs-slide style=\"position: absolute;\" data-key=\"rs-32\" data-title=\"Slide\" data-anim=\"adpr:false;\" data-in=\"o:0;\" data-out=\"a:false;\">\n\t\t\t\t\t\t\t<img decoding=\"async\" src=\"\/\/www.personalagentur-ronsdorf.de\/wp-content\/plugins\/revslider\/sr6\/assets\/assets\/dummy.png\" alt=\"\" title=\"Headerbild_3_B\u00fcro_Szene\" width=\"1920\" height=\"960\" class=\"rev-slidebg tp-rs-img rs-lazyload\" data-lazyload=\"\/\/www.personalagentur-ronsdorf.de\/wp-content\/uploads\/2021\/08\/Headerbild_3_Buero_Szene.jpg\" data-no-retina>\n<!--\n\t\t\t\t\t\t\t--><rs-layer\n\t\t\t\t\t\t\t\tid=\"slider-29-slide-32-layer-1\" \n\t\t\t\t\t\t\t\tdata-type=\"image\"\n\t\t\t\t\t\t\t\tdata-rsp_ch=\"on\"\n\t\t\t\t\t\t\t\tdata-xy=\"y:b;\"\n\t\t\t\t\t\t\t\tdata-text=\"w:normal;\"\n\t\t\t\t\t\t\t\tdata-dim=\"w:1950px;h:1477px;\"\n\t\t\t\t\t\t\t\tdata-frame_999=\"o:0;st:w;\"\n\t\t\t\t\t\t\t\tstyle=\"z-index:6;\"\n\t\t\t\t\t\t\t><img decoding=\"async\" src=\"\/\/www.personalagentur-ronsdorf.de\/wp-content\/plugins\/revslider\/sr6\/assets\/assets\/dummy.png\" alt=\"\" class=\"tp-rs-img rs-lazyload\" width=\"\" height=\"\" data-lazyload=\"\/\/www.personalagentur-ronsdorf.de\/wp-content\/uploads\/2025\/02\/wave-bottom-left-03-red.svg\" data-no-retina> \n\t\t\t\t\t\t\t<\/rs-layer><!--\n\n\t\t\t\t\t\t\t--><rs-layer\n\t\t\t\t\t\t\t\tid=\"slider-29-slide-32-layer-3\" \n\t\t\t\t\t\t\t\tdata-type=\"text\"\n\t\t\t\t\t\t\t\tdata-color=\"#ffffff\"\n\t\t\t\t\t\t\t\tdata-rsp_ch=\"on\"\n\t\t\t\t\t\t\t\tdata-xy=\"x:c;xo:608px;y:c;yo:1px;\"\n\t\t\t\t\t\t\t\tdata-text=\"s:50;l:70;ls:0px;a:center;\"\n\t\t\t\t\t\t\t\tdata-frame_999=\"o:0;st:w;sR:8700;\"\n\t\t\t\t\t\t\t\tstyle=\"z-index:5;font-family:'Kalam';text-shadow:0 0 4px #000;\"\n\t\t\t\t\t\t\t> \n\t\t\t\t\t\t\t<\/rs-layer><!--\n-->\t\t\t\t\t<\/rs-slide>\n\t\t\t\t\t<\/rs-slides>\n\t\t\t\t<\/rs-module>\n\t\t\t\t<script>\n\t\t\t\t\tsetREVStartSize({c: 'rev_slider_29_1',rl:[1240,1024,768,480],el:[626],gw:[1920],gh:[626],type:'standard',justify:'',layout:'fullwidth',mh:\"0\"});if (window.RS_MODULES!==undefined && window.RS_MODULES.modules!==undefined && window.RS_MODULES.modules[\"revslider291\"]!==undefined) {window.RS_MODULES.modules[\"revslider291\"].once = false;window.revapi29 = undefined;if (window.RS_MODULES.checkMinimal!==undefined) window.RS_MODULES.checkMinimal()}\n\t\t\t\t<\/script>\n\t\t\t<\/rs-module-wrap>\n\t\t\t<!-- END REVOLUTION SLIDER -->\n<\/div><\/div><\/div><\/div><\/div><\/section><section class=\"l-section wpb_row us_custom_dfeff4c7 height_auto\"><div class=\"l-section-h i-cf\"><div class=\"g-cols vc_row via_flex valign_middle type_default stacking_default\"><div class=\"vc_col-sm-12 wpb_column vc_column_container\"><div class=\"vc_column-inner\"><div class=\"wpb_wrapper\"><h1 style=\"text-align: left\" class=\"vc_custom_heading vc_do_custom_heading us_custom_38096a73\" >Newsletter Ronsdorf Personal &amp; Business<\/h1><div class=\"wpb_text_column\"><div class=\"wpb_wrapper\"><p style=\"margin: 0cm; background: white;\">Melden Sie sich zu unserem Newsletter an und wir liefern Ihnen jede Woche <strong>TOP-Kandidaten aus der High Tech Branche<\/strong> kostenfrei in ihr Postfach.<\/p>\n<p style=\"margin: 0cm; background: white;\"><strong>Personalsuche war noch nie so einfach!<\/strong><\/p>\n<\/div><\/div><div class=\"ubtn-ctn-left\"><a class=\"ubtn-link ult-adjust-bottom-margin ubtn-left ubtn-large\" href=\"https:\/\/0e226891.sibforms.com\/serve\/MUIEAAp4h7VvfVfvB--6NXmk5H9o1R2kuNWV9ppXxQw_c587opK7hqH0aUngWsK-17QV44C8XQeDGmUlQLxEN0zacUHItfzlfkTQKlj1OQM56Hs2uLskk0CSBi5xFmde1bXJWy7A2fF-SGX7AWGNb32xdRJLwqIyjNT-sjK_M6CHeYcHqTme7lv4s2vLbscO2wAswxHPMaExrG94\" target=\"_blank\" rel=\"noopener\" ><button type=\"button\" id=\"ubtn-6771\"  class=\"ubtn ult-adjust-bottom-margin ult-responsive ubtn-large ubtn-fade-bg  ulta-pop  ubtn-shd  ubtn-left  shd-bottom tooltip-69f2bd3f9d40a\"  data-hover=\"\" data-border-color=\"\" data-bg=\"#b02a30\" data-hover-bg=\"#af424a\" data-border-hover=\"\" data-shadow-hover=\"0 3px #d8d8d8;\" data-shadow-click=\"\" data-shadow=\"0 1px #e0e0e0;\" data-shd-shadow=\"1\"  data-ultimate-target='#ubtn-6771'  data-responsive-json-new='{\"font-size\":\"desktop:16px;\",\"line-height\":\"\"}'  style=\"font-weight:bold;border:none;box-shadow: 0 1px #e0e0e0;background: #b02a30;color: #ffffff;\"><span class=\"ubtn-data ubtn-icon\"><i class=\"none\" style=\"font-size:32px;color:;\"><\/i><\/span><span class=\"ubtn-hover\" style=\"background-color:#af424a\"><\/span><span class=\"ubtn-data ubtn-text\" >Jetzt anmelden!<\/span><\/button><\/a><\/div><div class=\"wpb_text_column\"><div class=\"wpb_wrapper\"><\/div><\/div><\/div><\/div><\/div><\/div><\/div><\/section><section class=\"l-section wpb_row us_custom_1fbafc34 height_auto\"><div class=\"l-section-h i-cf\"><div class=\"g-cols vc_row via_flex valign_middle type_default stacking_default\"><div class=\"vc_col-sm-6 wpb_column vc_column_container\"><div class=\"vc_column-inner\"><div class=\"wpb_wrapper\"><div class=\"w-image align_none\"><div class=\"w-image-h\"><img decoding=\"async\" width=\"586\" height=\"848\" src=\"https:\/\/www.personalagentur-ronsdorf.de\/wp-content\/uploads\/2024\/10\/Bildschirmfoto-2024-10-21-um-11.43.06.png\" class=\"attachment-large size-large\" alt=\"Newsletter Ronsdorf Personal &amp; Business\" loading=\"lazy\" srcset=\"https:\/\/www.personalagentur-ronsdorf.de\/wp-content\/uploads\/2024\/10\/Bildschirmfoto-2024-10-21-um-11.43.06.png 586w, https:\/\/www.personalagentur-ronsdorf.de\/wp-content\/uploads\/2024\/10\/Bildschirmfoto-2024-10-21-um-11.43.06-207x300.png 207w, https:\/\/www.personalagentur-ronsdorf.de\/wp-content\/uploads\/2024\/10\/Bildschirmfoto-2024-10-21-um-11.43.06-276x400.png 276w, https:\/\/www.personalagentur-ronsdorf.de\/wp-content\/uploads\/2024\/10\/Bildschirmfoto-2024-10-21-um-11.43.06-400x579.png 400w\" sizes=\"auto, (max-width: 586px) 100vw, 586px\" \/><\/div><\/div><div class=\"w-separator size_medium\"><\/div><\/div><\/div><\/div><div class=\"vc_col-sm-6 wpb_column vc_column_container\"><div class=\"vc_column-inner\"><div class=\"wpb_wrapper\"><h3 style=\"text-align: left\" class=\"vc_custom_heading vc_do_custom_heading us_custom_cda6f729\" >So sieht unser Newsletter aus!<\/h3><div class=\"wpb_text_column\"><div class=\"wpb_wrapper\"><p>Jeden Donnerstag erhalten Sie drei TOP-Kandidaten aus der High Tech Branche kostenfrei in Ihr Postfach. Die Kandidaten suchen bundesweit, weltweit oder ortsgebunden. Was haben sie gemeinsam? Sie sind alle auf der Suche nach einer neuen Herausforderung. Personalsuche war noch nie so einfach!<\/p>\n<p>Auf Kandidaten u.a. aus diesen Bereichen k\u00f6nnen Sie gespannt sein:<\/p>\n<ul>\n<li>Engineers\/ technical planners<\/li>\n<li>Projekt-\/ Produktionsleiter Automotive<\/li>\n<li>Technischer Projektleiter<\/li>\n<li>Prozessingenieur Mechatronik\/Automatisierungstechnik<\/li>\n<li>Leiter Lager und Logistik<\/li>\n<li>Entwicklungsingenieur Elektronik<\/li>\n<li>Manager Industrialisierung<\/li>\n<li>Business Development Manager Wasser\/Abwasser<\/li>\n<li>Teamleiter Entwicklung\/ Engineering<\/li>\n<li>International Sales Manager<\/li>\n<li>Sales and Business Development Managerin Halbleiter<\/li>\n<li>&#8230;<\/li>\n<\/ul>\n<\/div><\/div><div class=\"ubtn-ctn-left\"><a class=\"ubtn-link ult-adjust-bottom-margin ubtn-left ubtn-small\" href=\"https:\/\/0e226891.sibforms.com\/serve\/MUIEAAp4h7VvfVfvB--6NXmk5H9o1R2kuNWV9ppXxQw_c587opK7hqH0aUngWsK-17QV44C8XQeDGmUlQLxEN0zacUHItfzlfkTQKlj1OQM56Hs2uLskk0CSBi5xFmde1bXJWy7A2fF-SGX7AWGNb32xdRJLwqIyjNT-sjK_M6CHeYcHqTme7lv4s2vLbscO2wAswxHPMaExrG94\" target=\"_blank\" rel=\"noopener\" ><button type=\"button\" id=\"ubtn-1604\"  class=\"ubtn ult-adjust-bottom-margin ult-responsive ubtn-small ubtn-fade-bg  ulta-pop  ubtn-shd  ubtn-left  shd-bottom tooltip-69f2bd3f9e3fc\"  data-hover=\"\" data-border-color=\"\" data-bg=\"#b02a30\" data-hover-bg=\"#af424a\" data-border-hover=\"\" data-shadow-hover=\"0 3px #d8d8d8;\" data-shadow-click=\"\" data-shadow=\"0 1px #e0e0e0;\" data-shd-shadow=\"1\"  data-ultimate-target='#ubtn-1604'  data-responsive-json-new='{\"font-size\":\"desktop:14px;\",\"line-height\":\"\"}'  style=\"font-weight:bold;border:none;box-shadow: 0 1px #e0e0e0;background: #b02a30;color: #ffffff;\"><span class=\"ubtn-hover\" style=\"background-color:#af424a\"><\/span><span class=\"ubtn-data ubtn-text\" >Jetzt anmelden!<\/span><\/button><\/a><\/div><\/div><\/div><\/div><\/div><\/div><\/section>","protected":false},"excerpt":{"rendered":"Newsletter Ronsdorf Personal &amp; BusinessMelden Sie sich zu unserem Newsletter an und wir liefern Ihnen jede Woche TOP-Kandidaten aus der High Tech Branche kostenfrei in ihr Postfach. Personalsuche war noch nie so einfach! Jetzt anmelden!So sieht unser Newsletter aus!Jeden Donnerstag erhalten Sie drei TOP-Kandidaten aus der High Tech Branche kostenfrei in Ihr Postfach. Die Kandidaten...","protected":false},"author":11,"featured_media":0,"parent":0,"menu_order":1,"comment_status":"closed","ping_status":"closed","template":"","meta":{"footnotes":""},"class_list":["post-2776","page","type-page","status-publish","hentry"],"yoast_head":"<!-- This site is optimized with the Yoast SEO plugin v27.5 - https:\/\/yoast.com\/product\/yoast-seo-wordpress\/ -->\n<title>Newsletter - HR Updates f\u00fcr die High Tech Branche<\/title>\n<meta name=\"description\" content=\"Personalsuche war noch nie so einfach! Sie erhalten regelm\u00e4\u00dfig TOP- Kandidaten mit Lebenslauf kostenfrei in ihr Postfach.\" \/>\n<meta name=\"robots\" content=\"index, follow, max-snippet:-1, max-image-preview:large, max-video-preview:-1\" \/>\n<link rel=\"canonical\" href=\"https:\/\/www.personalagentur-ronsdorf.de\/en\/newsletter\/\" \/>\n<meta property=\"og:locale\" content=\"en_US\" \/>\n<meta property=\"og:type\" content=\"article\" \/>\n<meta property=\"og:title\" content=\"Newsletter - HR Updates f\u00fcr die High Tech Branche\" \/>\n<meta property=\"og:description\" content=\"Personalsuche war noch nie so einfach! Sie erhalten regelm\u00e4\u00dfig TOP- Kandidaten mit Lebenslauf kostenfrei in ihr Postfach.\" \/>\n<meta property=\"og:url\" content=\"https:\/\/www.personalagentur-ronsdorf.de\/en\/newsletter\/\" \/>\n<meta property=\"og:site_name\" content=\"Personalberatung Ronsdorf\" \/>\n<meta property=\"article:modified_time\" content=\"2024-10-23T21:51:56+00:00\" \/>\n<meta name=\"twitter:card\" content=\"summary_large_image\" \/>\n<script type=\"application\/ld+json\" class=\"yoast-schema-graph\">{\"@context\":\"https:\\\/\\\/schema.org\",\"@graph\":[{\"@type\":\"WebPage\",\"@id\":\"https:\\\/\\\/www.personalagentur-ronsdorf.de\\\/newsletter\\\/\",\"url\":\"https:\\\/\\\/www.personalagentur-ronsdorf.de\\\/newsletter\\\/\",\"name\":\"Newsletter - HR Updates f\u00fcr die High Tech Branche\",\"isPartOf\":{\"@id\":\"https:\\\/\\\/www.personalagentur-ronsdorf.de\\\/#website\"},\"datePublished\":\"2024-10-21T11:55:34+00:00\",\"dateModified\":\"2024-10-23T21:51:56+00:00\",\"description\":\"Personalsuche war noch nie so einfach! Sie erhalten regelm\u00e4\u00dfig TOP- Kandidaten mit Lebenslauf kostenfrei in ihr Postfach.\",\"breadcrumb\":{\"@id\":\"https:\\\/\\\/www.personalagentur-ronsdorf.de\\\/newsletter\\\/#breadcrumb\"},\"inLanguage\":\"en-US\",\"potentialAction\":[{\"@type\":\"ReadAction\",\"target\":[\"https:\\\/\\\/www.personalagentur-ronsdorf.de\\\/newsletter\\\/\"]}]},{\"@type\":\"BreadcrumbList\",\"@id\":\"https:\\\/\\\/www.personalagentur-ronsdorf.de\\\/newsletter\\\/#breadcrumb\",\"itemListElement\":[{\"@type\":\"ListItem\",\"position\":1,\"name\":\"Startseite\",\"item\":\"https:\\\/\\\/www.personalagentur-ronsdorf.de\\\/\"},{\"@type\":\"ListItem\",\"position\":2,\"name\":\"Newsletter\"}]},{\"@type\":\"WebSite\",\"@id\":\"https:\\\/\\\/www.personalagentur-ronsdorf.de\\\/#website\",\"url\":\"https:\\\/\\\/www.personalagentur-ronsdorf.de\\\/\",\"name\":\"Personalberatung Ronsdorf\",\"description\":\"\",\"publisher\":{\"@id\":\"https:\\\/\\\/www.personalagentur-ronsdorf.de\\\/#organization\"},\"potentialAction\":[{\"@type\":\"SearchAction\",\"target\":{\"@type\":\"EntryPoint\",\"urlTemplate\":\"https:\\\/\\\/www.personalagentur-ronsdorf.de\\\/?s={search_term_string}\"},\"query-input\":{\"@type\":\"PropertyValueSpecification\",\"valueRequired\":true,\"valueName\":\"search_term_string\"}}],\"inLanguage\":\"en-US\"},{\"@type\":\"Organization\",\"@id\":\"https:\\\/\\\/www.personalagentur-ronsdorf.de\\\/#organization\",\"name\":\"Ronsdorf \u2013 Personal & Business\",\"url\":\"https:\\\/\\\/www.personalagentur-ronsdorf.de\\\/\",\"logo\":{\"@type\":\"ImageObject\",\"inLanguage\":\"en-US\",\"@id\":\"https:\\\/\\\/www.personalagentur-ronsdorf.de\\\/#\\\/schema\\\/logo\\\/image\\\/\",\"url\":\"https:\\\/\\\/www.personalagentur-ronsdorf.de\\\/wp-content\\\/uploads\\\/2018\\\/12\\\/Logo_endversion.png\",\"contentUrl\":\"https:\\\/\\\/www.personalagentur-ronsdorf.de\\\/wp-content\\\/uploads\\\/2018\\\/12\\\/Logo_endversion.png\",\"width\":163,\"height\":154,\"caption\":\"Ronsdorf \u2013 Personal & Business\"},\"image\":{\"@id\":\"https:\\\/\\\/www.personalagentur-ronsdorf.de\\\/#\\\/schema\\\/logo\\\/image\\\/\"}}]}<\/script>\n<!-- \/ Yoast SEO plugin. -->","yoast_head_json":{"title":"Newsletter - HR Updates f\u00fcr die High Tech Branche","description":"Personalsuche war noch nie so einfach! Sie erhalten regelm\u00e4\u00dfig TOP- Kandidaten mit Lebenslauf kostenfrei in ihr Postfach.","robots":{"index":"index","follow":"follow","max-snippet":"max-snippet:-1","max-image-preview":"max-image-preview:large","max-video-preview":"max-video-preview:-1"},"canonical":"https:\/\/www.personalagentur-ronsdorf.de\/en\/newsletter\/","og_locale":"en_US","og_type":"article","og_title":"Newsletter - HR Updates f\u00fcr die High Tech Branche","og_description":"Personalsuche war noch nie so einfach! Sie erhalten regelm\u00e4\u00dfig TOP- Kandidaten mit Lebenslauf kostenfrei in ihr Postfach.","og_url":"https:\/\/www.personalagentur-ronsdorf.de\/en\/newsletter\/","og_site_name":"Personalberatung Ronsdorf","article_modified_time":"2024-10-23T21:51:56+00:00","twitter_card":"summary_large_image","schema":{"@context":"https:\/\/schema.org","@graph":[{"@type":"WebPage","@id":"https:\/\/www.personalagentur-ronsdorf.de\/newsletter\/","url":"https:\/\/www.personalagentur-ronsdorf.de\/newsletter\/","name":"Newsletter - HR Updates f\u00fcr die High Tech Branche","isPartOf":{"@id":"https:\/\/www.personalagentur-ronsdorf.de\/#website"},"datePublished":"2024-10-21T11:55:34+00:00","dateModified":"2024-10-23T21:51:56+00:00","description":"Personalsuche war noch nie so einfach! Sie erhalten regelm\u00e4\u00dfig TOP- Kandidaten mit Lebenslauf kostenfrei in ihr Postfach.","breadcrumb":{"@id":"https:\/\/www.personalagentur-ronsdorf.de\/newsletter\/#breadcrumb"},"inLanguage":"en-US","potentialAction":[{"@type":"ReadAction","target":["https:\/\/www.personalagentur-ronsdorf.de\/newsletter\/"]}]},{"@type":"BreadcrumbList","@id":"https:\/\/www.personalagentur-ronsdorf.de\/newsletter\/#breadcrumb","itemListElement":[{"@type":"ListItem","position":1,"name":"Startseite","item":"https:\/\/www.personalagentur-ronsdorf.de\/"},{"@type":"ListItem","position":2,"name":"Newsletter"}]},{"@type":"WebSite","@id":"https:\/\/www.personalagentur-ronsdorf.de\/#website","url":"https:\/\/www.personalagentur-ronsdorf.de\/","name":"Personalberatung Ronsdorf","description":"","publisher":{"@id":"https:\/\/www.personalagentur-ronsdorf.de\/#organization"},"potentialAction":[{"@type":"SearchAction","target":{"@type":"EntryPoint","urlTemplate":"https:\/\/www.personalagentur-ronsdorf.de\/?s={search_term_string}"},"query-input":{"@type":"PropertyValueSpecification","valueRequired":true,"valueName":"search_term_string"}}],"inLanguage":"en-US"},{"@type":"Organization","@id":"https:\/\/www.personalagentur-ronsdorf.de\/#organization","name":"Ronsdorf \u2013 Personal & Business","url":"https:\/\/www.personalagentur-ronsdorf.de\/","logo":{"@type":"ImageObject","inLanguage":"en-US","@id":"https:\/\/www.personalagentur-ronsdorf.de\/#\/schema\/logo\/image\/","url":"https:\/\/www.personalagentur-ronsdorf.de\/wp-content\/uploads\/2018\/12\/Logo_endversion.png","contentUrl":"https:\/\/www.personalagentur-ronsdorf.de\/wp-content\/uploads\/2018\/12\/Logo_endversion.png","width":163,"height":154,"caption":"Ronsdorf \u2013 Personal & Business"},"image":{"@id":"https:\/\/www.personalagentur-ronsdorf.de\/#\/schema\/logo\/image\/"}}]}},"_links":{"self":[{"href":"https:\/\/www.personalagentur-ronsdorf.de\/en\/wp-json\/wp\/v2\/pages\/2776","targetHints":{"allow":["GET"]}}],"collection":[{"href":"https:\/\/www.personalagentur-ronsdorf.de\/en\/wp-json\/wp\/v2\/pages"}],"about":[{"href":"https:\/\/www.personalagentur-ronsdorf.de\/en\/wp-json\/wp\/v2\/types\/page"}],"author":[{"embeddable":true,"href":"https:\/\/www.personalagentur-ronsdorf.de\/en\/wp-json\/wp\/v2\/users\/11"}],"replies":[{"embeddable":true,"href":"https:\/\/www.personalagentur-ronsdorf.de\/en\/wp-json\/wp\/v2\/comments?post=2776"}],"version-history":[{"count":24,"href":"https:\/\/www.personalagentur-ronsdorf.de\/en\/wp-json\/wp\/v2\/pages\/2776\/revisions"}],"predecessor-version":[{"id":2805,"href":"https:\/\/www.personalagentur-ronsdorf.de\/en\/wp-json\/wp\/v2\/pages\/2776\/revisions\/2805"}],"wp:attachment":[{"href":"https:\/\/www.personalagentur-ronsdorf.de\/en\/wp-json\/wp\/v2\/media?parent=2776"}],"curies":[{"name":"wp","href":"https:\/\/api.w.org\/{rel}","templated":true}]}}