{"id":2293,"date":"2023-03-21T14:23:28","date_gmt":"2023-03-21T13:23:28","guid":{"rendered":"https:\/\/www.personalagentur-ronsdorf.de\/?page_id=2293"},"modified":"2026-01-14T08:52:15","modified_gmt":"2026-01-14T07:52:15","slug":"fallstudie-betriebsleiter-lebensmittelbranche","status":"publish","type":"page","link":"https:\/\/www.personalagentur-ronsdorf.de\/en\/fallstudie-betriebsleiter-lebensmittelbranche\/","title":{"rendered":"Fallstudie &#8211; Betriebsleiter Lebensmittelbranche"},"content":{"rendered":"<section class=\"l-section wpb_row height_auto width_full\"><div class=\"l-section-h i-cf\"><div class=\"g-cols vc_row via_flex valign_top type_default stacking_default\"><div class=\"vc_col-sm-12 wpb_column vc_column_container\"><div class=\"vc_column-inner\"><div class=\"wpb_wrapper\">\n\t\t\t<!-- START karriere REVOLUTION SLIDER 6.7.34 --><p class=\"rs-p-wp-fix\"><\/p>\n\t\t\t<rs-module-wrap id=\"rev_slider_30_1_wrapper\" data-source=\"gallery\" style=\"visibility:hidden;background:transparent;padding:0;margin:0px auto;margin-top:0;margin-bottom:0;\">\n\t\t\t\t<rs-module id=\"rev_slider_30_1\" style=\"\" data-version=\"6.7.34\">\n\t\t\t\t\t<rs-slides style=\"overflow: hidden; position: absolute;\">\n\t\t\t\t\t\t<rs-slide style=\"position: absolute;\" data-key=\"rs-33\" data-title=\"Slide\" data-anim=\"adpr:false;\" data-in=\"o:0;\" data-out=\"a:false;\">\n\t\t\t\t\t\t\t<img decoding=\"async\" src=\"\/\/www.personalagentur-ronsdorf.de\/wp-content\/plugins\/revslider\/sr6\/assets\/assets\/dummy.png\" alt=\"\" title=\"2016-09_Kandidat\" width=\"1024\" height=\"683\" class=\"rev-slidebg tp-rs-img rs-lazyload\" data-lazyload=\"\/\/www.personalagentur-ronsdorf.de\/wp-content\/uploads\/2025\/11\/2016-09_Kandidat-1.jpg\" data-bg=\"p:0% 20%;\" data-no-retina>\n<!--\n\t\t\t\t\t\t\t--><rs-layer\n\t\t\t\t\t\t\t\tid=\"slider-30-slide-33-layer-3\" \n\t\t\t\t\t\t\t\tdata-type=\"text\"\n\t\t\t\t\t\t\t\tdata-color=\"#ffffff\"\n\t\t\t\t\t\t\t\tdata-rsp_ch=\"on\"\n\t\t\t\t\t\t\t\tdata-xy=\"x:c;xo:610px;y:c;\"\n\t\t\t\t\t\t\t\tdata-text=\"s:50;l:70;ls:0px;a:center;\"\n\t\t\t\t\t\t\t\tdata-frame_999=\"o:0;st:w;sR:8700;\"\n\t\t\t\t\t\t\t\tstyle=\"z-index:5;font-family:'Kalam';text-shadow:0 0 4px #000;\"\n\t\t\t\t\t\t\t> \n\t\t\t\t\t\t\t<\/rs-layer><!--\n-->\t\t\t\t\t<\/rs-slide>\n\t\t\t\t\t<\/rs-slides>\n\t\t\t\t<\/rs-module>\n\t\t\t\t<script>\n\t\t\t\t\tsetREVStartSize({c: 'rev_slider_30_1',rl:[1240,1024,768,480],el:[626],gw:[1920],gh:[626],type:'standard',justify:'',layout:'fullwidth',mh:\"0\"});if (window.RS_MODULES!==undefined && window.RS_MODULES.modules!==undefined && window.RS_MODULES.modules[\"revslider301\"]!==undefined) {window.RS_MODULES.modules[\"revslider301\"].once = false;window.revapi30 = undefined;if (window.RS_MODULES.checkMinimal!==undefined) window.RS_MODULES.checkMinimal()}\n\t\t\t\t<\/script>\n\t\t\t<\/rs-module-wrap>\n\t\t\t<!-- END REVOLUTION SLIDER -->\n<\/div><\/div><\/div><\/div><\/div><\/section><section class=\"l-section wpb_row us_custom_dfeff4c7 height_auto\"><div class=\"l-section-h i-cf\"><div class=\"g-cols vc_row via_flex valign_top type_default stacking_default\"><div class=\"vc_col-sm-12 wpb_column vc_column_container\"><div class=\"vc_column-inner\"><div class=\"wpb_wrapper\"><h1 style=\"text-align: left\" class=\"vc_custom_heading vc_do_custom_heading us_custom_b9c7cc3e\" >Case study: Operations manager in the food industry<\/h1><h4 style=\"color: #4c4c4c;text-align: left\" class=\"vc_custom_heading vc_do_custom_heading us_custom_98c78b5b\" >- successfully filled in 6 weeks<\/h4><div class=\"wpb_text_column\"><div class=\"wpb_wrapper\"><p>For a long-established, internationally active company in the food industry, we successfully filled the position of \u201cOperations Manager (m\/f\/d)\u201d for the Dresden location within 6 weeks.<\/p>\n<\/div><\/div><div class=\"wpb_text_column\"><div class=\"wpb_wrapper\"><h3 class=\"translation-block\">1. Our <span style=\"color: #b02a30\"> Mission <\/span><\/h3>\n<p>At the Dresden location, the position of Operations Manager (m\/f\/d) became vacant due to the departure of a colleague. This was therefore a classic replacement.<\/p>\n<p>Since this is a highly production-intensive location, the goal was to fill the position as quickly as possible. A longer interim solution was to be avoided if possible.<\/p>\n<\/div><\/div><div class=\"wpb_text_column\"><div class=\"wpb_wrapper\"><h3 class=\"translation-block\">2. Our<span style=\"color: #b02a30\"> approach <\/span><\/h3>\n<p class=\"translation-block\">F\u00fcr uns ist zu Beginn eines Auftrages immer ganz wichtig herauszufinden, nach wem genau wir suchen. Dabei geht es nat\u00fcrlich um fachliche Details, aber auch um Punkte wie Unternehmensstruktur und -kultur.<br>\r\nIn diesem Fall war die Herausforderung f\u00fcr uns, eine F\u00fchrungskraft mit einem guten gesamtverantwortlichen Geschick zu finden, die zudem einen Hintergrund und Erfahrungen in der Lebensmittelbranche vorweisen konnte.<\/p>\n<p class=\"translation-block\"><strong>Good communication is key! <\/strong> Through intensive and close coordination with the company, we were able to create a detailed requirements profile, formulate a tailored job advertisement, and directly contact suitable candidates.<\/p>\n<p>Throughout the entire process, we maintained close contact with both the company and the candidates.<\/p>\n<\/div><\/div><div class=\"wpb_text_column\"><div class=\"wpb_wrapper\"><h3 class=\"translation-block\">3. The <span style=\"color: #b02a30\">result<\/span><\/h3>\n<p>Barely three weeks after the initial discussion about the position, we were already able to suggest suitable candidate profiles. The first interview took place two days later, and the contract was signed two weeks later. Both the candidate and the company were very satisfied with the professional and smooth process and look forward to working with them.<\/p>\n<\/div><\/div><div class=\"ubtn-ctn-left ps2id _ps2id\"><a class=\"ubtn-link ult-adjust-bottom-margin ubtn-left ubtn-small ps2id _ps2id\" href=\"#kontakt\" ><button type=\"button\" id=\"ubtn-3471\"  class=\"ubtn ult-adjust-bottom-margin ult-responsive ubtn-small ubtn-fade-bg  ulta-pop  ubtn-shd  ubtn-left  shd-bottom tooltip-69e17cdd4626d\"  data-hover=\"\" data-border-color=\"\" data-bg=\"#b02a30\" data-hover-bg=\"#af424a\" data-border-hover=\"\" data-shadow-hover=\"0 3px #d8d8d8;\" data-shadow-click=\"\" data-shadow=\"0 1px #e0e0e0;\" data-shd-shadow=\"1\"  data-ultimate-target='#ubtn-3471'  data-responsive-json-new='{\"font-size\":\"desktop:14px;\",\"line-height\":\"\"}'  style=\"font-weight:bold;border:none;box-shadow: 0 1px #e0e0e0;background: #b02a30;color: #ffffff;\"><span class=\"ubtn-hover\" style=\"background-color:#af424a\"><\/span><span class=\"ubtn-data ubtn-text\" >Contact us now!<\/span><\/button><\/a><\/div><\/div><\/div><\/div><\/div><\/div><\/section><section class=\"l-section wpb_row us_custom_e8719faf height_medium\"><div class=\"l-section-h i-cf\"><div class=\"g-cols vc_row via_flex valign_top type_default stacking_default\"><div class=\"vc_col-sm-12 wpb_column vc_column_container\"><div class=\"vc_column-inner\"><div class=\"wpb_wrapper\"><div class=\"wpb_text_column\"><div class=\"wpb_wrapper\"><p style=\"text-align: center;\">Find out more here: <a href=\"mailto:mail@personalagentur-dresden.de\">mail@personalagentur-dresden.de<\/a> and <a href=\"tel:+493513151175\">T:+49 <\/a><a href=\"tel:+491723633252\">172 3633252<\/a><\/p>\n<\/div><\/div><\/div><\/div><\/div><\/div><\/div><\/section><section class=\"l-section wpb_row height_medium\"><div class=\"l-section-h i-cf\"><div class=\"g-cols vc_row via_flex valign_top type_default stacking_default\"><div class=\"vc_col-sm-12 wpb_column vc_column_container\"><div class=\"vc_column-inner\"><div class=\"wpb_wrapper\"><div class=\"ult-content-box-container\" >\t\t<div class=\"ult-content-box\" style=\"background-color:#ffffff;box-shadow: 2px 3px 3px 2px #bcbcbc none;-webkit-transition: all 700ms ease;-moz-transition: all 700ms ease;-ms-transition: all 700ms ease;-o-transition: all 700ms ease;transition: all 700ms ease;\"  data-hover_box_shadow=\"none\"     data-bg=\"#ffffff\" ><div class=\"wpb_text_column\"><div class=\"wpb_wrapper\"><h3 class=\"translation-block\">Now <a id=\"kontakt\" target=\"_self\"><\/a><span style=\"color: #b02a30\">inquire!<\/span><\/h3>\n<p>Simply send us your contact details. We will get in touch with you shortly.<\/p>\n<\/div><\/div><form class=\"w-form  us-field-style_1 us_custom_1629d12c has_text_color layout_ver for_cform us_form_1\" autocomplete=\"off\" action=\"https:\/\/www.personalagentur-ronsdorf.de\/en\/en\/wp-json\/wp\/v2\/pages\/2293\" method=\"post\" data-trp-original-action=\"https:\/\/www.personalagentur-ronsdorf.de\/en\/en\/wp-json\/wp\/v2\/pages\/2293\"><div class=\"w-form-h\"><div class=\"w-form-row for_text required\">\r\n\t\t<div class=\"w-form-row-field\">\r\n\t\t\t\t\t\t<input aria-label=\"Name\" type=\"text\" name=\"us_form_1_text_1\" value placeholder=\"Name *\" data-required=\"true\" aria-required=\"true\"\/>\r\n\t\t\t<\/div>\r\n\t\t<div class=\"w-form-row-state\">Fill out this field<\/div>\r\n<\/div>\r\n<div class=\"w-form-row for_email required\">\r\n\t\t<div class=\"w-form-row-field\">\r\n\t\t\t\t\t\t<input aria-label=\"E-Mail\" type=\"email\" name=\"us_form_1_email_1\" value placeholder=\"E-Mail *\" data-required=\"true\" aria-required=\"true\"\/>\r\n\t\t\t<\/div>\r\n\t\t<div class=\"w-form-row-state\">Please enter a valid email address.<\/div>\r\n<\/div>\r\n<div class=\"w-form-row for_textarea\">\r\n\t\t<div class=\"w-form-row-field\">\r\n\t\t\t\t\t\t<textarea aria-label=\"Text\" name=\"us_form_1_textarea_1\" placeholder=\"Text\"><\/textarea>\r\n\t\t\t<\/div>\r\n\t\t<div class=\"w-form-row-state\">Fill out this field<\/div>\r\n<\/div>\r\n<div class=\"w-form-row for_agreement required\">\r\n\t\t\t<div class=\"w-form-row-label\">\r\n\t\t\t<span>Security and privacy notice * <span class=\"required\">*<\/span><\/span>\r\n\t\t<\/div>\r\n\t\t<div class=\"w-form-row-field\">\r\n\t\t\t\t<label>\r\n\t\t\t<input type=\"checkbox\" value=\"1\" data-required=\"true\" aria-required=\"true\" name=\"us_form_1_agreement_1\"\/>\r\n\t\t\t<span><\/span>\r\n\t\t<\/label>\r\n\t\t\t<\/div>\r\n\t\t\t<div class=\"w-form-row-description translation-block\">I agree to the storage of my data and accept the<a href=\"\/en\/datenschutz\/\" style=\"color:#999;text-decoration:underline\" target=\"_self\">privacy policy*<\/a>.<\/div>\r\n\t\t<div class=\"w-form-row-state\">You need to agree with the terms to proceed<\/div>\r\n<\/div>\r\n<div class=\"w-form-row for_info\">\r\n\t<p>We will treat your data as strictly confidential and will not pass it on to third parties. You can revoke your consent to storage at any time and request deletion.<\/p>\r\n<\/div>\r\n<div class=\"w-form-row for_captcha required\">\r\n\t<div class=\"w-form-row-label\">\r\n\t\t<span> <span>19 + 1 = ?<\/span><\/span>\r\n\t<\/div>\r\n\t<div class=\"w-form-row-field\">\r\n\t\t\t\t<input type=\"hidden\" name=\"us_form_1_captcha_1_hash\" value=\"2aba2a4d7ad9d47b7959bb578441f056\" \/>\r\n\t\t\t\t<input aria-label=\"us_form_1_captcha_1\" type=\"text\" name=\"us_form_1_captcha_1\" placeholder data-required=\"true\" aria-required=\"true\"\/>\r\n\t\t\t<\/div>\r\n\t\t\t<div class=\"w-form-row-description\">\r\n\t\t\tTo protect against spam, please answer this small math problem.\t\t<\/div>\r\n\t\t<div class=\"w-form-row-state\">Enter the equation result to proceed<\/div>\r\n<\/div>\r\n<input type=\"hidden\" name=\"action\" value=\"us_ajax_cform\" \/>\r\n<input type=\"hidden\" name=\"post_id\" value=\"0\" \/>\r\n<input type=\"hidden\" name=\"form_index\" value=\"1\" \/>\r\n<div class=\"w-form-row for_submit align_center\">\r\n\t<button class=\"w-btn  us-btn-style_4\" aria-label=\"Submit\" type=\"submit\">\r\n\t\t<span class=\"g-preloader type_1\"><\/span>\r\n\t\t\t\t<span class=\"w-btn-label\">Submit<\/span>\r\n\t\t\t<\/button>\r\n\t<\/div>\r\n<\/div><div class=\"w-form-message\"><\/div><div class=\"w-form-json hidden\" onclick='return {&quot;ajaxurl&quot;:&quot;https:\\\/\\\/www.personalagentur-ronsdorf.de\\\/wp-admin\\\/admin-ajax.php&quot;,&quot;messages&quot;:{&quot;err_empty&quot;:&quot;Fill out this field&quot;,&quot;err_size&quot;:&quot;File size cannot exceed %s MB&quot;,&quot;err_extension&quot;:&quot;%s file type is not allowed&quot;,&quot;err_recaptcha_keys&quot;:&quot;reCAPTCHA keys are incorrect&quot;}}'><\/div><input type=\"hidden\" name=\"trp-form-language\" value=\"en\"\/><\/form>\t\t<\/div><\/div><\/div><\/div><\/div><\/div><\/div><\/section>","protected":false},"excerpt":{"rendered":"Fallstudie: Betriebsleiter in der Lebensmittelbranche- erfolgreich besetzt in 6 WochenF\u00fcr ein traditionsreiches, international t\u00e4tiges Unternehmen aus der Lebensmittelbranche haben wir f\u00fcr den Standort Dresden innerhalb von 6 Wochen die Position \u201eBetriebsleiter (m\/w\/d)\u201c erfolgreich besetzt. 1. Unser Auftrag Am Standort Dresden wurde durch den Wegzug eines Kollegen die Position des Betriebsleiters (m\/w\/d) vakant. Es handelte sich...","protected":false},"author":9,"featured_media":0,"parent":0,"menu_order":28,"comment_status":"closed","ping_status":"closed","template":"","meta":{"footnotes":""},"class_list":["post-2293","page","type-page","status-publish","hentry"],"yoast_head":"<!-- This site is optimized with the Yoast SEO plugin v27.4 - https:\/\/yoast.com\/product\/yoast-seo-wordpress\/ -->\n<title>Fallstudie - Betriebsleiter Lebensmittelbranche | Ronsdorf Personal<\/title>\n<meta name=\"description\" content=\"Wir unterst\u00fctzen Sie dabei, Ihren Traumjob in Sachsen zu finden. Jetzt pers\u00f6nlich beraten lassen &amp; mit nur einer Bewerbung zum neuen Job.\" \/>\n<meta name=\"robots\" content=\"index, follow, max-snippet:-1, max-image-preview:large, max-video-preview:-1\" \/>\n<link rel=\"canonical\" href=\"https:\/\/www.personalagentur-ronsdorf.de\/en\/fallstudie-betriebsleiter-lebensmittelbranche\/\" \/>\n<meta property=\"og:locale\" content=\"en_US\" \/>\n<meta property=\"og:type\" content=\"article\" \/>\n<meta property=\"og:title\" content=\"Bewerber (m\/w\/d) aufgepasst\" \/>\n<meta property=\"og:description\" content=\"Spannende Jobs in Sachsen\" \/>\n<meta property=\"og:url\" content=\"https:\/\/www.personalagentur-ronsdorf.de\/en\/fallstudie-betriebsleiter-lebensmittelbranche\/\" \/>\n<meta property=\"og:site_name\" content=\"Personalberatung Ronsdorf\" \/>\n<meta property=\"article:modified_time\" content=\"2026-01-14T07:52:15+00:00\" \/>\n<meta property=\"og:image\" content=\"https:\/\/www.personalagentur-ronsdorf.de\/wp-content\/uploads\/2021\/10\/Ronsdorf_FBPostbild_7_fuer_Bewerber.jpg\" \/>\n\t<meta property=\"og:image:width\" content=\"1200\" \/>\n\t<meta property=\"og:image:height\" content=\"628\" \/>\n\t<meta property=\"og:image:type\" content=\"image\/jpeg\" \/>\n<meta name=\"twitter:card\" content=\"summary_large_image\" \/>\n<meta name=\"twitter:title\" content=\"Bewerber (m\/w\/d) aufgepasst\" \/>\n<meta name=\"twitter:description\" content=\"Spannende Jobs in Sachsen\" \/>\n<meta name=\"twitter:image\" content=\"https:\/\/www.personalagentur-ronsdorf.de\/wp-content\/uploads\/2021\/10\/Ronsdorf_TWPostbild_7_fuer_Bewerber.jpg\" \/>\n<script type=\"application\/ld+json\" class=\"yoast-schema-graph\">{\"@context\":\"https:\\\/\\\/schema.org\",\"@graph\":[{\"@type\":\"WebPage\",\"@id\":\"https:\\\/\\\/www.personalagentur-ronsdorf.de\\\/fallstudie-betriebsleiter-lebensmittelbranche\\\/\",\"url\":\"https:\\\/\\\/www.personalagentur-ronsdorf.de\\\/fallstudie-betriebsleiter-lebensmittelbranche\\\/\",\"name\":\"Fallstudie - Betriebsleiter Lebensmittelbranche | Ronsdorf Personal\",\"isPartOf\":{\"@id\":\"https:\\\/\\\/www.personalagentur-ronsdorf.de\\\/#website\"},\"datePublished\":\"2023-03-21T13:23:28+00:00\",\"dateModified\":\"2026-01-14T07:52:15+00:00\",\"description\":\"Wir unterst\u00fctzen Sie dabei, Ihren Traumjob in Sachsen zu finden. Jetzt pers\u00f6nlich beraten lassen & mit nur einer Bewerbung zum neuen Job.\",\"breadcrumb\":{\"@id\":\"https:\\\/\\\/www.personalagentur-ronsdorf.de\\\/fallstudie-betriebsleiter-lebensmittelbranche\\\/#breadcrumb\"},\"inLanguage\":\"en-US\",\"potentialAction\":[{\"@type\":\"ReadAction\",\"target\":[\"https:\\\/\\\/www.personalagentur-ronsdorf.de\\\/fallstudie-betriebsleiter-lebensmittelbranche\\\/\"]}]},{\"@type\":\"BreadcrumbList\",\"@id\":\"https:\\\/\\\/www.personalagentur-ronsdorf.de\\\/fallstudie-betriebsleiter-lebensmittelbranche\\\/#breadcrumb\",\"itemListElement\":[{\"@type\":\"ListItem\",\"position\":1,\"name\":\"Startseite\",\"item\":\"https:\\\/\\\/www.personalagentur-ronsdorf.de\\\/\"},{\"@type\":\"ListItem\",\"position\":2,\"name\":\"Fallstudie &#8211; Betriebsleiter Lebensmittelbranche\"}]},{\"@type\":\"WebSite\",\"@id\":\"https:\\\/\\\/www.personalagentur-ronsdorf.de\\\/#website\",\"url\":\"https:\\\/\\\/www.personalagentur-ronsdorf.de\\\/\",\"name\":\"Personalberatung Ronsdorf\",\"description\":\"\",\"publisher\":{\"@id\":\"https:\\\/\\\/www.personalagentur-ronsdorf.de\\\/#organization\"},\"potentialAction\":[{\"@type\":\"SearchAction\",\"target\":{\"@type\":\"EntryPoint\",\"urlTemplate\":\"https:\\\/\\\/www.personalagentur-ronsdorf.de\\\/?s={search_term_string}\"},\"query-input\":{\"@type\":\"PropertyValueSpecification\",\"valueRequired\":true,\"valueName\":\"search_term_string\"}}],\"inLanguage\":\"en-US\"},{\"@type\":\"Organization\",\"@id\":\"https:\\\/\\\/www.personalagentur-ronsdorf.de\\\/#organization\",\"name\":\"Ronsdorf \u2013 Personal & Business\",\"url\":\"https:\\\/\\\/www.personalagentur-ronsdorf.de\\\/\",\"logo\":{\"@type\":\"ImageObject\",\"inLanguage\":\"en-US\",\"@id\":\"https:\\\/\\\/www.personalagentur-ronsdorf.de\\\/#\\\/schema\\\/logo\\\/image\\\/\",\"url\":\"https:\\\/\\\/www.personalagentur-ronsdorf.de\\\/wp-content\\\/uploads\\\/2018\\\/12\\\/Logo_endversion.png\",\"contentUrl\":\"https:\\\/\\\/www.personalagentur-ronsdorf.de\\\/wp-content\\\/uploads\\\/2018\\\/12\\\/Logo_endversion.png\",\"width\":163,\"height\":154,\"caption\":\"Ronsdorf \u2013 Personal & Business\"},\"image\":{\"@id\":\"https:\\\/\\\/www.personalagentur-ronsdorf.de\\\/#\\\/schema\\\/logo\\\/image\\\/\"}}]}<\/script>\n<!-- \/ Yoast SEO plugin. -->","yoast_head_json":{"title":"Fallstudie - Betriebsleiter Lebensmittelbranche | Ronsdorf Personal","description":"Wir unterst\u00fctzen Sie dabei, Ihren Traumjob in Sachsen zu finden. Jetzt pers\u00f6nlich beraten lassen & mit nur einer Bewerbung zum neuen Job.","robots":{"index":"index","follow":"follow","max-snippet":"max-snippet:-1","max-image-preview":"max-image-preview:large","max-video-preview":"max-video-preview:-1"},"canonical":"https:\/\/www.personalagentur-ronsdorf.de\/en\/fallstudie-betriebsleiter-lebensmittelbranche\/","og_locale":"en_US","og_type":"article","og_title":"Bewerber (m\/w\/d) aufgepasst","og_description":"Spannende Jobs in Sachsen","og_url":"https:\/\/www.personalagentur-ronsdorf.de\/en\/fallstudie-betriebsleiter-lebensmittelbranche\/","og_site_name":"Personalberatung Ronsdorf","article_modified_time":"2026-01-14T07:52:15+00:00","og_image":[{"width":1200,"height":628,"url":"https:\/\/www.personalagentur-ronsdorf.de\/wp-content\/uploads\/2021\/10\/Ronsdorf_FBPostbild_7_fuer_Bewerber.jpg","type":"image\/jpeg"}],"twitter_card":"summary_large_image","twitter_title":"Bewerber (m\/w\/d) aufgepasst","twitter_description":"Spannende Jobs in Sachsen","twitter_image":"https:\/\/www.personalagentur-ronsdorf.de\/wp-content\/uploads\/2021\/10\/Ronsdorf_TWPostbild_7_fuer_Bewerber.jpg","schema":{"@context":"https:\/\/schema.org","@graph":[{"@type":"WebPage","@id":"https:\/\/www.personalagentur-ronsdorf.de\/fallstudie-betriebsleiter-lebensmittelbranche\/","url":"https:\/\/www.personalagentur-ronsdorf.de\/fallstudie-betriebsleiter-lebensmittelbranche\/","name":"Fallstudie - Betriebsleiter Lebensmittelbranche | Ronsdorf Personal","isPartOf":{"@id":"https:\/\/www.personalagentur-ronsdorf.de\/#website"},"datePublished":"2023-03-21T13:23:28+00:00","dateModified":"2026-01-14T07:52:15+00:00","description":"Wir unterst\u00fctzen Sie dabei, Ihren Traumjob in Sachsen zu finden. Jetzt pers\u00f6nlich beraten lassen & mit nur einer Bewerbung zum neuen Job.","breadcrumb":{"@id":"https:\/\/www.personalagentur-ronsdorf.de\/fallstudie-betriebsleiter-lebensmittelbranche\/#breadcrumb"},"inLanguage":"en-US","potentialAction":[{"@type":"ReadAction","target":["https:\/\/www.personalagentur-ronsdorf.de\/fallstudie-betriebsleiter-lebensmittelbranche\/"]}]},{"@type":"BreadcrumbList","@id":"https:\/\/www.personalagentur-ronsdorf.de\/fallstudie-betriebsleiter-lebensmittelbranche\/#breadcrumb","itemListElement":[{"@type":"ListItem","position":1,"name":"Startseite","item":"https:\/\/www.personalagentur-ronsdorf.de\/"},{"@type":"ListItem","position":2,"name":"Fallstudie &#8211; Betriebsleiter Lebensmittelbranche"}]},{"@type":"WebSite","@id":"https:\/\/www.personalagentur-ronsdorf.de\/#website","url":"https:\/\/www.personalagentur-ronsdorf.de\/","name":"Personalberatung Ronsdorf","description":"","publisher":{"@id":"https:\/\/www.personalagentur-ronsdorf.de\/#organization"},"potentialAction":[{"@type":"SearchAction","target":{"@type":"EntryPoint","urlTemplate":"https:\/\/www.personalagentur-ronsdorf.de\/?s={search_term_string}"},"query-input":{"@type":"PropertyValueSpecification","valueRequired":true,"valueName":"search_term_string"}}],"inLanguage":"en-US"},{"@type":"Organization","@id":"https:\/\/www.personalagentur-ronsdorf.de\/#organization","name":"Ronsdorf \u2013 Personal & Business","url":"https:\/\/www.personalagentur-ronsdorf.de\/","logo":{"@type":"ImageObject","inLanguage":"en-US","@id":"https:\/\/www.personalagentur-ronsdorf.de\/#\/schema\/logo\/image\/","url":"https:\/\/www.personalagentur-ronsdorf.de\/wp-content\/uploads\/2018\/12\/Logo_endversion.png","contentUrl":"https:\/\/www.personalagentur-ronsdorf.de\/wp-content\/uploads\/2018\/12\/Logo_endversion.png","width":163,"height":154,"caption":"Ronsdorf \u2013 Personal & Business"},"image":{"@id":"https:\/\/www.personalagentur-ronsdorf.de\/#\/schema\/logo\/image\/"}}]}},"_links":{"self":[{"href":"https:\/\/www.personalagentur-ronsdorf.de\/en\/wp-json\/wp\/v2\/pages\/2293","targetHints":{"allow":["GET"]}}],"collection":[{"href":"https:\/\/www.personalagentur-ronsdorf.de\/en\/wp-json\/wp\/v2\/pages"}],"about":[{"href":"https:\/\/www.personalagentur-ronsdorf.de\/en\/wp-json\/wp\/v2\/types\/page"}],"author":[{"embeddable":true,"href":"https:\/\/www.personalagentur-ronsdorf.de\/en\/wp-json\/wp\/v2\/users\/9"}],"replies":[{"embeddable":true,"href":"https:\/\/www.personalagentur-ronsdorf.de\/en\/wp-json\/wp\/v2\/comments?post=2293"}],"version-history":[{"count":5,"href":"https:\/\/www.personalagentur-ronsdorf.de\/en\/wp-json\/wp\/v2\/pages\/2293\/revisions"}],"predecessor-version":[{"id":3699,"href":"https:\/\/www.personalagentur-ronsdorf.de\/en\/wp-json\/wp\/v2\/pages\/2293\/revisions\/3699"}],"wp:attachment":[{"href":"https:\/\/www.personalagentur-ronsdorf.de\/en\/wp-json\/wp\/v2\/media?parent=2293"}],"curies":[{"name":"wp","href":"https:\/\/api.w.org\/{rel}","templated":true}]}}