{"id":1616,"date":"2022-01-21T13:58:57","date_gmt":"2022-01-21T12:58:57","guid":{"rendered":"https:\/\/www.personalagentur-ronsdorf.de\/?page_id=1616"},"modified":"2026-01-14T08:06:18","modified_gmt":"2026-01-14T07:06:18","slug":"contact","status":"publish","type":"page","link":"https:\/\/www.personalagentur-ronsdorf.de\/en\/en\/contact\/","title":{"rendered":"Contact"},"content":{"rendered":"<section class=\"l-section wpb_row height_auto width_full\"><div class=\"l-section-h i-cf\"><div class=\"g-cols vc_row via_flex valign_top type_default stacking_default\"><div class=\"vc_col-sm-12 wpb_column vc_column_container\"><div class=\"vc_column-inner\"><div class=\"wpb_wrapper\">\n\t\t\t<!-- START kontakt REVOLUTION SLIDER 6.7.34 --><p class=\"rs-p-wp-fix\"><\/p>\n\t\t\t<rs-module-wrap id=\"rev_slider_15_1_wrapper\" data-source=\"gallery\" style=\"visibility:hidden;background:transparent;padding:0;margin:0px auto;margin-top:0;margin-bottom:0;\">\n\t\t\t\t<rs-module id=\"rev_slider_15_1\" style=\"\" data-version=\"6.7.34\">\n\t\t\t\t\t<rs-slides style=\"overflow: hidden; position: absolute;\">\n\t\t\t\t\t\t<rs-slide style=\"position: absolute;\" data-key=\"rs-15\" data-title=\"Slide\" data-anim=\"adpr:false;\" data-in=\"o:0;\" data-out=\"a:false;\">\n\t\t\t\t\t\t\t<img decoding=\"async\" src=\"\/\/www.personalagentur-ronsdorf.de\/wp-content\/plugins\/revslider\/sr6\/assets\/assets\/dummy.png\" alt=\"\" title=\"Contact\" class=\"rev-slidebg tp-rs-img rs-lazyload\" data-lazyload=\"\/\/www.personalagentur-ronsdorf.de\/wp-content\/uploads\/2018\/12\/stellenboerse-top-kandidaten.jpg\" data-no-retina>\n<!--\n\t\t\t\t\t\t\t--><h1\n\t\t\t\t\t\t\t\tid=\"slider-15-slide-15-layer-1\" \n\t\t\t\t\t\t\t\tclass=\"rs-layer kal\"\n\t\t\t\t\t\t\t\tdata-type=\"text\"\n\t\t\t\t\t\t\t\tdata-color=\"#ffffff\"\n\t\t\t\t\t\t\t\tdata-rsp_ch=\"on\"\n\t\t\t\t\t\t\t\tdata-xy=\"x:197px;y:446px;\"\n\t\t\t\t\t\t\t\tdata-text=\"s:50;l:70;a:inherit;\"\n\t\t\t\t\t\t\t\tdata-frame_999=\"o:0;st:w;sR:8700;\"\n\t\t\t\t\t\t\t\tstyle=\"z-index:5;font-family:'Kalam';\"\n\t\t\t\t\t\t\t> \n\t\t\t\t\t\t\t<\/h1><!--\n-->\t\t\t\t\t<\/rs-slide>\n\t\t\t\t\t<\/rs-slides>\n\t\t\t\t<\/rs-module>\n\t\t\t\t<script>\n\t\t\t\t\tsetREVStartSize({c: 'rev_slider_15_1',rl:[1240,1024,768,480],el:[626],gw:[1920],gh:[626],type:'standard',justify:'',layout:'fullwidth',mh:\"0\"});if (window.RS_MODULES!==undefined && window.RS_MODULES.modules!==undefined && window.RS_MODULES.modules[\"revslider151\"]!==undefined) {window.RS_MODULES.modules[\"revslider151\"].once = false;window.revapi15 = undefined;if (window.RS_MODULES.checkMinimal!==undefined) window.RS_MODULES.checkMinimal()}\n\t\t\t\t<\/script>\n\t\t\t<\/rs-module-wrap>\n\t\t\t<!-- END REVOLUTION SLIDER -->\n<\/div><\/div><\/div><\/div><\/div><\/section><section class=\"l-section wpb_row height_medium\"><div class=\"l-section-h i-cf\"><div class=\"g-cols vc_row via_flex valign_top type_default stacking_default\"><div class=\"vc_col-sm-4 wpb_column vc_column_container\"><div class=\"vc_column-inner\"><div class=\"wpb_wrapper\"><h2 style=\"text-align: left\" class=\"vc_custom_heading vc_do_custom_heading us_custom_cda6f729\" >Please do not hesitate to contact us:<\/h2><div class=\"wpb_text_column\"><div class=\"wpb_wrapper\"><p><strong>Ronsdorf &#8211; Personal &amp; Business<\/strong><br \/>\nSabine Ronsdorf<br \/>\nSt\u00fcbelallee 49c<br \/>\n01309 Dresden<\/p>\n<p>T: <a href=\"telto:00491723633252\">+49 172 3633252<\/a><br \/>\n<a href=\"mailto:mail@personalagentur-dresden.de\">mail@personalagentur-dresden.de<\/a><\/p>\n<\/div><\/div><\/div><\/div><\/div><div class=\"vc_col-sm-8 wpb_column vc_column_container\"><div class=\"vc_column-inner\"><div class=\"wpb_wrapper\">\n<div class=\"wpcf7 no-js\" id=\"wpcf7-f283-o1\" lang=\"de-DE\" dir=\"ltr\" data-wpcf7-id=\"283\">\n<div class=\"screen-reader-response\"><p role=\"status\" aria-live=\"polite\" aria-atomic=\"true\"><\/p> <ul><\/ul><\/div>\n<form action=\"\/en\/wp-json\/wp\/v2\/pages\/1616#wpcf7-f283-o1\" method=\"post\" class=\"wpcf7-form init\" aria-label=\"Kontaktformular\" novalidate=\"novalidate\" data-status=\"init\" data-trp-original-action=\"\/en\/wp-json\/wp\/v2\/pages\/1616#wpcf7-f283-o1\">\n<fieldset class=\"hidden-fields-container\"><input type=\"hidden\" name=\"_wpcf7\" value=\"283\" \/><input type=\"hidden\" name=\"_wpcf7_version\" value=\"6.1.5\" \/><input type=\"hidden\" name=\"_wpcf7_locale\" value=\"de_DE\" \/><input type=\"hidden\" name=\"_wpcf7_unit_tag\" value=\"wpcf7-f283-o1\" \/><input type=\"hidden\" name=\"_wpcf7_container_post\" value=\"0\" \/><input type=\"hidden\" name=\"_wpcf7_posted_data_hash\" value=\"\" \/>\n<\/fieldset>\n<div class=\"form_rahmen\">\n\t<p><span class=\"form_ue\">Ihr Anliegen<\/span><br \/>\n\t<hr \/>\n\t<\/p>\n\t<div class=\"form-table-cels\">\n\t\t<p>Wie k\u00f6nnen wir Ihnen weiterhelfen?*\n\t\t<\/p>\n\t<\/div>\n\t<div class=\"form-table-cell\">\n\t\t<p><span class=\"wpcf7-form-control-wrap\" data-name=\"anliegen\"><textarea cols=\"40\" rows=\"10\" maxlength=\"2000\" class=\"wpcf7-form-control wpcf7-textarea wpcf7-validates-as-required\" aria-required=\"true\" aria-invalid=\"false\" name=\"anliegen\"><\/textarea><\/span>\n\t\t<\/p>\n\t<\/div>\n<\/div>\n<p>&nbsp;\n<\/p>\n<div class=\"form_rahmen\">\n\t<p><span class=\"form_ue\">Pers\u00f6nliche Daten<\/span><br \/>\n\t<hr \/>\n\t<\/p>\n\t<div>\n\t\t<div class=\"form-table-cels\">\n\t\t\t<p>Vor- und Nachname\n\t\t\t<\/p>\n\t\t<\/div>\n\t\t<div class=\"form-table-cell\">\n\t\t\t<p><span class=\"wpcf7-form-control-wrap\" data-name=\"Name\"><input size=\"40\" maxlength=\"400\" class=\"wpcf7-form-control wpcf7-text wpcf7-validates-as-required\" aria-required=\"true\" aria-invalid=\"false\" value=\"\" type=\"text\" name=\"Name\" \/><\/span>\n\t\t\t<\/p>\n\t\t<\/div>\n\t<\/div>\n\t<div>\n\t\t<div class=\"form-table-cels\">\n\t\t\t<p>E-Mail*\n\t\t\t<\/p>\n\t\t<\/div>\n\t\t<div class=\"form-table-cell\">\n\t\t\t<p><span class=\"wpcf7-form-control-wrap\" data-name=\"email\"><input size=\"40\" maxlength=\"400\" class=\"wpcf7-form-control wpcf7-email wpcf7-validates-as-required wpcf7-text wpcf7-validates-as-email\" aria-required=\"true\" aria-invalid=\"false\" value=\"\" type=\"email\" name=\"email\" \/><\/span>\n\t\t\t<\/p>\n\t\t<\/div>\n\t<\/div>\n\t<div>\n\t\t<div class=\"form-table-cels\">\n\t\t\t<p>Telefon\n\t\t\t<\/p>\n\t\t<\/div>\n\t\t<div class=\"form-table-cell\">\n\t\t\t<p><span class=\"wpcf7-form-control-wrap\" data-name=\"tel\"><input size=\"40\" maxlength=\"400\" class=\"wpcf7-form-control wpcf7-text\" aria-invalid=\"false\" value=\"\" type=\"text\" name=\"tel\" \/><\/span>\n\t\t\t<\/p>\n\t\t<\/div>\n\t<\/div>\n\t<div>\n\t\t<div class=\"form-table-cels\">\n\t\t<\/div>\n\t\t<div class=\"form-table-cell\">\n\t\t\t<p><span class=\"wpcf7-form-control-wrap\" data-name=\"rueckruf\"><span class=\"wpcf7-form-control wpcf7-checkbox\"><span class=\"wpcf7-list-item first last\"><label><input type=\"checkbox\" name=\"rueckruf[]\" value=\"R\u00fcckruf erw\u00fcnscht\" \/><span class=\"wpcf7-list-item-label\">R\u00fcckruf erw\u00fcnscht<\/span><\/label><\/span><\/span><\/span>\n\t\t\t<\/p>\n\t\t<\/div>\n\t<\/div>\n<\/div>\n<p>&nbsp;\n<\/p>\n<div class=\"form_rahmen\">\n\t<p><span class=\"form_ue\">Sicherheits und Datenschutzhinweis<\/span><br \/>\n\t<hr \/>\n\t<\/p>\n\t<div style=\"padding-top: 1rem;\">\n\t\t<div class=\"cf7-cf-turnstile\" style=\"margin-top: 0px; margin-bottom: -15px;\"> <div id=\"cf-turnstile-cf7-2139781431\" class=\"cf-turnstile\" data-sitekey=\"0x4AAAAAAABb6aZXX5_cJI-s\" data-theme=\"light\" data-language=\"auto\" data-size=\"\" data-retry=\"auto\" data-retry-interval=\"1000\" data-action=\"contact-form-7\" data-appearance=\"always\"><\/div> <script>document.addEventListener(\"DOMContentLoaded\", function() { setTimeout(function(){ var e=document.getElementById(\"cf-turnstile-cf7-2139781431\"); e&&!e.innerHTML.trim()&&(turnstile.remove(\"#cf-turnstile-cf7-2139781431\"), turnstile.render(\"#cf-turnstile-cf7-2139781431\", {sitekey:\"0x4AAAAAAABb6aZXX5_cJI-s\"})); }, 0); });<\/script> <br class=\"cf-turnstile-br cf-turnstile-br-cf7-2139781431\"> <style>#cf-turnstile-cf7-2139781431 { margin-left: -15px; }<\/style> <script>document.addEventListener(\"DOMContentLoaded\",function(){document.querySelectorAll('.wpcf7-form').forEach(function(e){e.addEventListener('submit',function(){if(document.getElementById('cf-turnstile-cf7-2139781431')){setTimeout(function(){turnstile.reset('#cf-turnstile-cf7-2139781431');},1000)}})})});<\/script> <\/div>\n\t<\/div>\n\t<div>\n\t\t<div class=\"form-table-celx\">\n\t\t\t<p><span class=\"wpcf7-form-control-wrap\" data-name=\"datenschutz\"><span class=\"wpcf7-form-control wpcf7-acceptance\"><span class=\"wpcf7-list-item\"><input type=\"checkbox\" name=\"datenschutz\" value=\"1\" aria-invalid=\"false\" \/><\/span><\/span><\/span>\n\t\t\t<\/p>\n\t\t<\/div>\n\t\t<div class=\"form-table-celx\">\n\t\t\t<p>Ich bin mit der Speicherung meiner Daten einverstanden und akzeptiere die <a href=\"\/en\/datenschutz\/\" target=\"_blank\">Datenschutzerkl\u00e4rung<\/a>*\n\t\t\t<\/p>\n\t\t<\/div>\n\t\t<p><span class=\"seo\">We will treat your data as strictly confidential and will not pass it on to third parties. You can revoke your consent to storage at any time and request deletion.<\/span>\n\t\t<\/p>\n\t<\/div>\n<\/div>\n<p>&nbsp;\n<\/p>\n<p><input class=\"wpcf7-form-control wpcf7-submit has-spinner\" type=\"submit\" value=\"Senden\" \/>\n<\/p><p style=\"display: none !important;\" class=\"akismet-fields-container\" data-prefix=\"_wpcf7_ak_\"><label>&#916;<textarea name=\"_wpcf7_ak_hp_textarea\" cols=\"45\" rows=\"8\" maxlength=\"100\"><\/textarea><\/label><input type=\"hidden\" id=\"ak_js_1\" name=\"_wpcf7_ak_js\" value=\"42\"\/><script>\ndocument.getElementById( \"ak_js_1\" ).setAttribute( \"value\", ( new Date() ).getTime() );\n<\/script>\n<\/p><div class=\"wpcf7-response-output\" aria-hidden=\"true\"><\/div>\n<input type=\"hidden\" name=\"trp-form-language\" value=\"en\"\/><\/form>\n<\/div>\n<\/div><\/div><\/div><\/div><\/div><\/section>","protected":false},"excerpt":{"rendered":"Please do not hesitate to contact us:Ronsdorf &#8211; Personal &amp; Business Sabine Ronsdorf St\u00fcbelallee 49c 01309 Dresden T: +49 172 3633252 mail@personalagentur-dresden.de Ihr Anliegen Wie k\u00f6nnen wir Ihnen weiterhelfen?* &nbsp; Pers\u00f6nliche Daten Vor- und Nachname E-Mail* Telefon R\u00fcckruf erw\u00fcnscht &nbsp; Sicherheits und Datenschutzhinweis Ich bin mit der Speicherung meiner Daten einverstanden und akzeptiere die Datenschutzerkl\u00e4rung*...","protected":false},"author":2,"featured_media":0,"parent":1565,"menu_order":5,"comment_status":"closed","ping_status":"closed","template":"","meta":{"footnotes":""},"class_list":["post-1616","page","type-page","status-publish","hentry"],"yoast_head":"<!-- This site is optimized with the Yoast SEO plugin v27.5 - https:\/\/yoast.com\/product\/yoast-seo-wordpress\/ -->\n<title>Contact Us | Headhunting &amp; Recruitment in Dresden<\/title>\n<meta name=\"description\" content=\"Please feel free to send us your inquiry. You can reach our team by mail, phone or online contact form.\" \/>\n<meta name=\"robots\" content=\"index, follow, max-snippet:-1, max-image-preview:large, max-video-preview:-1\" \/>\n<link rel=\"canonical\" href=\"https:\/\/www.personalagentur-ronsdorf.de\/en\/contact\/\" \/>\n<meta property=\"og:locale\" content=\"en_US\" \/>\n<meta property=\"og:type\" content=\"article\" \/>\n<meta property=\"og:title\" content=\"Contact Us | Headhunting &amp; Recruitment in Dresden\" \/>\n<meta property=\"og:description\" content=\"Please feel free to send us your inquiry. You can reach our team by mail, phone or online contact form.\" \/>\n<meta property=\"og:url\" content=\"https:\/\/www.personalagentur-ronsdorf.de\/en\/contact\/\" \/>\n<meta property=\"og:site_name\" content=\"Personalberatung Ronsdorf\" \/>\n<meta property=\"article:modified_time\" content=\"2026-01-14T07:06:18+00:00\" \/>\n<meta name=\"twitter:card\" content=\"summary_large_image\" \/>\n<script type=\"application\/ld+json\" class=\"yoast-schema-graph\">{\"@context\":\"https:\\\/\\\/schema.org\",\"@graph\":[{\"@type\":\"WebPage\",\"@id\":\"https:\\\/\\\/www.personalagentur-ronsdorf.de\\\/en\\\/contact\\\/\",\"url\":\"https:\\\/\\\/www.personalagentur-ronsdorf.de\\\/en\\\/contact\\\/\",\"name\":\"Contact Us | Headhunting & Recruitment in Dresden\",\"isPartOf\":{\"@id\":\"https:\\\/\\\/www.personalagentur-ronsdorf.de\\\/#website\"},\"datePublished\":\"2022-01-21T12:58:57+00:00\",\"dateModified\":\"2026-01-14T07:06:18+00:00\",\"description\":\"Please feel free to send us your inquiry. You can reach our team by mail, phone or online contact form.\",\"breadcrumb\":{\"@id\":\"https:\\\/\\\/www.personalagentur-ronsdorf.de\\\/en\\\/contact\\\/#breadcrumb\"},\"inLanguage\":\"en-US\",\"potentialAction\":[{\"@type\":\"ReadAction\",\"target\":[\"https:\\\/\\\/www.personalagentur-ronsdorf.de\\\/en\\\/contact\\\/\"]}]},{\"@type\":\"BreadcrumbList\",\"@id\":\"https:\\\/\\\/www.personalagentur-ronsdorf.de\\\/en\\\/contact\\\/#breadcrumb\",\"itemListElement\":[{\"@type\":\"ListItem\",\"position\":1,\"name\":\"Startseite\",\"item\":\"https:\\\/\\\/www.personalagentur-ronsdorf.de\\\/\"},{\"@type\":\"ListItem\",\"position\":2,\"name\":\"Ronsdorf Personal\",\"item\":\"https:\\\/\\\/www.personalagentur-ronsdorf.de\\\/en\\\/\"},{\"@type\":\"ListItem\",\"position\":3,\"name\":\"Contact\"}]},{\"@type\":\"WebSite\",\"@id\":\"https:\\\/\\\/www.personalagentur-ronsdorf.de\\\/#website\",\"url\":\"https:\\\/\\\/www.personalagentur-ronsdorf.de\\\/\",\"name\":\"Personalberatung Ronsdorf\",\"description\":\"\",\"publisher\":{\"@id\":\"https:\\\/\\\/www.personalagentur-ronsdorf.de\\\/#organization\"},\"potentialAction\":[{\"@type\":\"SearchAction\",\"target\":{\"@type\":\"EntryPoint\",\"urlTemplate\":\"https:\\\/\\\/www.personalagentur-ronsdorf.de\\\/?s={search_term_string}\"},\"query-input\":{\"@type\":\"PropertyValueSpecification\",\"valueRequired\":true,\"valueName\":\"search_term_string\"}}],\"inLanguage\":\"en-US\"},{\"@type\":\"Organization\",\"@id\":\"https:\\\/\\\/www.personalagentur-ronsdorf.de\\\/#organization\",\"name\":\"Ronsdorf \u2013 Personal & Business\",\"url\":\"https:\\\/\\\/www.personalagentur-ronsdorf.de\\\/\",\"logo\":{\"@type\":\"ImageObject\",\"inLanguage\":\"en-US\",\"@id\":\"https:\\\/\\\/www.personalagentur-ronsdorf.de\\\/#\\\/schema\\\/logo\\\/image\\\/\",\"url\":\"https:\\\/\\\/www.personalagentur-ronsdorf.de\\\/wp-content\\\/uploads\\\/2018\\\/12\\\/Logo_endversion.png\",\"contentUrl\":\"https:\\\/\\\/www.personalagentur-ronsdorf.de\\\/wp-content\\\/uploads\\\/2018\\\/12\\\/Logo_endversion.png\",\"width\":163,\"height\":154,\"caption\":\"Ronsdorf \u2013 Personal & Business\"},\"image\":{\"@id\":\"https:\\\/\\\/www.personalagentur-ronsdorf.de\\\/#\\\/schema\\\/logo\\\/image\\\/\"}}]}<\/script>\n<!-- \/ Yoast SEO plugin. -->","yoast_head_json":{"title":"Contact Us | Headhunting & Recruitment in Dresden","description":"Please feel free to send us your inquiry. You can reach our team by mail, phone or online contact form.","robots":{"index":"index","follow":"follow","max-snippet":"max-snippet:-1","max-image-preview":"max-image-preview:large","max-video-preview":"max-video-preview:-1"},"canonical":"https:\/\/www.personalagentur-ronsdorf.de\/en\/contact\/","og_locale":"en_US","og_type":"article","og_title":"Contact Us | Headhunting & Recruitment in Dresden","og_description":"Please feel free to send us your inquiry. You can reach our team by mail, phone or online contact form.","og_url":"https:\/\/www.personalagentur-ronsdorf.de\/en\/contact\/","og_site_name":"Personalberatung Ronsdorf","article_modified_time":"2026-01-14T07:06:18+00:00","twitter_card":"summary_large_image","schema":{"@context":"https:\/\/schema.org","@graph":[{"@type":"WebPage","@id":"https:\/\/www.personalagentur-ronsdorf.de\/en\/contact\/","url":"https:\/\/www.personalagentur-ronsdorf.de\/en\/contact\/","name":"Contact Us | Headhunting & Recruitment in Dresden","isPartOf":{"@id":"https:\/\/www.personalagentur-ronsdorf.de\/#website"},"datePublished":"2022-01-21T12:58:57+00:00","dateModified":"2026-01-14T07:06:18+00:00","description":"Please feel free to send us your inquiry. You can reach our team by mail, phone or online contact form.","breadcrumb":{"@id":"https:\/\/www.personalagentur-ronsdorf.de\/en\/contact\/#breadcrumb"},"inLanguage":"en-US","potentialAction":[{"@type":"ReadAction","target":["https:\/\/www.personalagentur-ronsdorf.de\/en\/contact\/"]}]},{"@type":"BreadcrumbList","@id":"https:\/\/www.personalagentur-ronsdorf.de\/en\/contact\/#breadcrumb","itemListElement":[{"@type":"ListItem","position":1,"name":"Startseite","item":"https:\/\/www.personalagentur-ronsdorf.de\/"},{"@type":"ListItem","position":2,"name":"Ronsdorf Personal","item":"https:\/\/www.personalagentur-ronsdorf.de\/en\/"},{"@type":"ListItem","position":3,"name":"Contact"}]},{"@type":"WebSite","@id":"https:\/\/www.personalagentur-ronsdorf.de\/#website","url":"https:\/\/www.personalagentur-ronsdorf.de\/","name":"Personalberatung Ronsdorf","description":"","publisher":{"@id":"https:\/\/www.personalagentur-ronsdorf.de\/#organization"},"potentialAction":[{"@type":"SearchAction","target":{"@type":"EntryPoint","urlTemplate":"https:\/\/www.personalagentur-ronsdorf.de\/?s={search_term_string}"},"query-input":{"@type":"PropertyValueSpecification","valueRequired":true,"valueName":"search_term_string"}}],"inLanguage":"en-US"},{"@type":"Organization","@id":"https:\/\/www.personalagentur-ronsdorf.de\/#organization","name":"Ronsdorf \u2013 Personal & Business","url":"https:\/\/www.personalagentur-ronsdorf.de\/","logo":{"@type":"ImageObject","inLanguage":"en-US","@id":"https:\/\/www.personalagentur-ronsdorf.de\/#\/schema\/logo\/image\/","url":"https:\/\/www.personalagentur-ronsdorf.de\/wp-content\/uploads\/2018\/12\/Logo_endversion.png","contentUrl":"https:\/\/www.personalagentur-ronsdorf.de\/wp-content\/uploads\/2018\/12\/Logo_endversion.png","width":163,"height":154,"caption":"Ronsdorf \u2013 Personal & Business"},"image":{"@id":"https:\/\/www.personalagentur-ronsdorf.de\/#\/schema\/logo\/image\/"}}]}},"_links":{"self":[{"href":"https:\/\/www.personalagentur-ronsdorf.de\/en\/wp-json\/wp\/v2\/pages\/1616","targetHints":{"allow":["GET"]}}],"collection":[{"href":"https:\/\/www.personalagentur-ronsdorf.de\/en\/wp-json\/wp\/v2\/pages"}],"about":[{"href":"https:\/\/www.personalagentur-ronsdorf.de\/en\/wp-json\/wp\/v2\/types\/page"}],"author":[{"embeddable":true,"href":"https:\/\/www.personalagentur-ronsdorf.de\/en\/wp-json\/wp\/v2\/users\/2"}],"replies":[{"embeddable":true,"href":"https:\/\/www.personalagentur-ronsdorf.de\/en\/wp-json\/wp\/v2\/comments?post=1616"}],"version-history":[{"count":5,"href":"https:\/\/www.personalagentur-ronsdorf.de\/en\/wp-json\/wp\/v2\/pages\/1616\/revisions"}],"predecessor-version":[{"id":3683,"href":"https:\/\/www.personalagentur-ronsdorf.de\/en\/wp-json\/wp\/v2\/pages\/1616\/revisions\/3683"}],"up":[{"embeddable":true,"href":"https:\/\/www.personalagentur-ronsdorf.de\/en\/wp-json\/wp\/v2\/pages\/1565"}],"wp:attachment":[{"href":"https:\/\/www.personalagentur-ronsdorf.de\/en\/wp-json\/wp\/v2\/media?parent=1616"}],"curies":[{"name":"wp","href":"https:\/\/api.w.org\/{rel}","templated":true}]}}