{"id":1277,"date":"2021-03-09T07:28:18","date_gmt":"2021-03-09T06:28:18","guid":{"rendered":"https:\/\/www.personalagentur-ronsdorf.de\/?page_id=1277"},"modified":"2025-11-02T13:43:47","modified_gmt":"2025-11-02T12:43:47","slug":"team_2022","status":"publish","type":"page","link":"https:\/\/www.personalagentur-ronsdorf.de\/en\/ueber-uns\/team_2022\/","title":{"rendered":"Team_2022"},"content":{"rendered":"<section class=\"l-section wpb_row height_auto width_full\"><div class=\"l-section-h i-cf\"><div class=\"g-cols vc_row via_flex valign_top type_default stacking_default\"><div class=\"vc_col-sm-12 wpb_column vc_column_container\"><div class=\"vc_column-inner\"><div class=\"wpb_wrapper\">\n\t\t\t<!-- START team EN REVOLUTION SLIDER 6.7.34 --><p class=\"rs-p-wp-fix\"><\/p>\n\t\t\t<rs-module-wrap id=\"rev_slider_22_1_wrapper\" data-source=\"gallery\" style=\"visibility:hidden;background:transparent;padding:0;margin:0px auto;margin-top:0px;margin-bottom:0;\">\n\t\t\t\t<rs-module id=\"rev_slider_22_1\" style=\"\" data-version=\"6.7.34\">\n\t\t\t\t\t<rs-slides style=\"overflow: hidden; position: absolute;\">\n\t\t\t\t\t\t<rs-slide style=\"position: absolute;\" data-key=\"rs-22\" data-title=\"Slide\" data-anim=\"adpr:false;\" data-in=\"o:0;\" data-out=\"a:false;\">\n\t\t\t\t\t\t\t<img decoding=\"async\" src=\"\/\/www.personalagentur-ronsdorf.de\/wp-content\/plugins\/revslider\/sr6\/assets\/assets\/dummy.png\" alt=\"Slide\" title=\"Hero_Image_4-scaled\" width=\"2560\" height=\"1705\" class=\"rev-slidebg tp-rs-img rs-lazyload\" data-lazyload=\"\/\/www.personalagentur-ronsdorf.de\/wp-content\/plugins\/revslider\/sr6\/assets\/assets\/transparent.png\" data-bg=\"p:center top;c:#E7E7E7;f:contain;\" data-parallax=\"off\" data-no-retina>\n<!--\n\t\t\t\t\t\t\t--><rs-layer\n\t\t\t\t\t\t\t\tid=\"slider-22-slide-22-layer-1\" \n\t\t\t\t\t\t\t\tdata-type=\"image\"\n\t\t\t\t\t\t\t\tdata-rsp_ch=\"on\"\n\t\t\t\t\t\t\t\tdata-xy=\"x:c;xo:31px,0,0,0;y:m,m,m,t;yo:62px,-115px,0,0;\"\n\t\t\t\t\t\t\t\tdata-text=\"w:normal;\"\n\t\t\t\t\t\t\t\tdata-dim=\"w:1700px,2000px,100%,100%;h:850px,1138px,100%,100%;\"\n\t\t\t\t\t\t\t\tdata-basealign=\"slide\"\n\t\t\t\t\t\t\t\tdata-frame_999=\"o:0;st:w;\"\n\t\t\t\t\t\t\t\tstyle=\"z-index:6;\"\n\t\t\t\t\t\t\t><img decoding=\"async\" src=\"\/\/www.personalagentur-ronsdorf.de\/wp-content\/plugins\/revslider\/sr6\/assets\/assets\/dummy.png\" alt=\"\" class=\"tp-rs-img rs-lazyload\" width=\"1024\" height=\"512\" data-lazyload=\"\/\/www.personalagentur-ronsdorf.de\/wp-content\/uploads\/2025\/08\/personalberatung-ronsdorf-dresden-sachsen-1024x512-1.jpg\" data-no-retina> \n\t\t\t\t\t\t\t<\/rs-layer><!--\n-->\t\t\t\t\t<\/rs-slide>\n\t\t\t\t\t<\/rs-slides>\n\t\t\t\t<\/rs-module>\n\t\t\t\t<script>\n\t\t\t\t\tsetREVStartSize({c: 'rev_slider_22_1',rl:[1240,1024,768,480],el:[870,768,1024,600],gw:[1920,1024,778,480],gh:[870,768,1024,600],type:'standard',justify:'',layout:'fullwidth',mh:\"0\"});if (window.RS_MODULES!==undefined && window.RS_MODULES.modules!==undefined && window.RS_MODULES.modules[\"revslider221\"]!==undefined) {window.RS_MODULES.modules[\"revslider221\"].once = false;window.revapi22 = undefined;if (window.RS_MODULES.checkMinimal!==undefined) window.RS_MODULES.checkMinimal()}\n\t\t\t\t<\/script>\n\t\t\t<\/rs-module-wrap>\n\t\t\t<!-- END REVOLUTION SLIDER -->\n<\/div><\/div><\/div><\/div><\/div><\/section><section class=\"l-section wpb_row us_custom_dfeff4c7 height_auto\"><div class=\"l-section-h i-cf\"><div class=\"g-cols vc_row via_flex valign_top type_default stacking_default\"><div class=\"vc_col-sm-9 wpb_column vc_column_container\"><div class=\"vc_column-inner\"><div class=\"wpb_wrapper\"><div class=\"g-cols wpb_row via_flex valign_top type_default stacking_default\"><div class=\"vc_col-sm-12 wpb_column vc_column_container\"><div class=\"vc_column-inner\"><div class=\"wpb_wrapper\"><h1 style=\"text-align: left\" class=\"vc_custom_heading vc_do_custom_heading us_custom_5fb5abd6\" >Personnel consulting with passion<\/h1><div class=\"wpb_text_column\"><div class=\"wpb_wrapper\"><p>Our team of experienced HR consultants places great emphasis on individualized advice. We will personally support you in your current professional challenges.<\/p>\n<\/div><\/div><\/div><\/div><\/div><\/div><\/div><\/div><\/div><div class=\"vc_col-sm-3 wpb_column vc_column_container\"><div class=\"vc_column-inner\"><div class=\"wpb_wrapper\"><div class=\"ult-content-box-container\" >\t\t<div class=\"ult-content-box\" style=\"background-color:#b02a30;box-shadow: 2px 3px 3px 2px #bcbcbc none;padding:10%;-webkit-transition: all 700ms ease;-moz-transition: all 700ms ease;-ms-transition: all 700ms ease;-o-transition: all 700ms ease;transition: all 700ms ease;\"  data-hover_box_shadow=\"none\"     data-bg=\"#b02a30\" ><div class=\"wpb_text_column us_custom_6df4bc3a has_text_color\"><div class=\"wpb_wrapper\"><p style=\"text-align: center;\"><b>Jetzt anfragen!<br \/>\n<\/b>Simply send us your contact details. We will get in touch with you shortly.<\/p>\n<\/div><\/div><form class=\"w-form  us-field-style_1 us_custom_053637e0 has_text_color layout_ver for_cform us_form_1\" autocomplete=\"off\" action=\"https:\/\/www.personalagentur-ronsdorf.de\/en\/en\/wp-json\/wp\/v2\/pages\/1277\" method=\"post\" data-trp-original-action=\"https:\/\/www.personalagentur-ronsdorf.de\/en\/en\/wp-json\/wp\/v2\/pages\/1277\"><div class=\"w-form-h\"><div class=\"w-form-row for_text required\">\r\n\t\t<div class=\"w-form-row-field\">\r\n\t\t\t\t\t\t<input aria-label=\"Name\" type=\"text\" name=\"us_form_1_text_1\" value placeholder=\"Name *\" data-required=\"true\" aria-required=\"true\"\/>\r\n\t\t\t<\/div>\r\n\t\t<div class=\"w-form-row-state\">Fill out this field<\/div>\r\n<\/div>\r\n<div class=\"w-form-row for_email required\">\r\n\t\t<div class=\"w-form-row-field\">\r\n\t\t\t\t\t\t<input aria-label=\"E-Mail\" type=\"email\" name=\"us_form_1_email_1\" value placeholder=\"E-Mail *\" data-required=\"true\" aria-required=\"true\"\/>\r\n\t\t\t<\/div>\r\n\t\t<div class=\"w-form-row-state\">Please enter a valid email address.<\/div>\r\n<\/div>\r\n<div class=\"w-form-row for_textarea\">\r\n\t\t<div class=\"w-form-row-field\">\r\n\t\t\t\t\t\t<textarea aria-label=\"Text\" name=\"us_form_1_textarea_1\" placeholder=\"Text\"><\/textarea>\r\n\t\t\t<\/div>\r\n\t\t<div class=\"w-form-row-state\">Fill out this field<\/div>\r\n<\/div>\r\n<div class=\"w-form-row for_agreement required\">\r\n\t\t\t<div class=\"w-form-row-label\">\r\n\t\t\t<span>Security and privacy notice * <span class=\"required\">*<\/span><\/span>\r\n\t\t<\/div>\r\n\t\t<div class=\"w-form-row-field\">\r\n\t\t\t\t<label>\r\n\t\t\t<input type=\"checkbox\" value=\"1\" data-required=\"true\" aria-required=\"true\" name=\"us_form_1_agreement_1\"\/>\r\n\t\t\t<span><\/span>\r\n\t\t<\/label>\r\n\t\t\t<\/div>\r\n\t\t\t<div class=\"w-form-row-description translation-block\">I agree to the storage of my data and accept the<a href=\"\/en\/datenschutz\/\" style=\"color:#999;text-decoration:underline\" target=\"_self\">privacy policy*<\/a>.<\/div>\r\n\t\t<div class=\"w-form-row-state\">You need to agree with the terms to proceed<\/div>\r\n<\/div>\r\n<div class=\"w-form-row for_info\">\r\n\t<p>We will treat your data as strictly confidential and will not pass it on to third parties. You can revoke your consent to storage at any time and request deletion.<\/p>\r\n<\/div>\r\n<div class=\"w-form-row for_captcha required\">\r\n\t<div class=\"w-form-row-label\">\r\n\t\t<span> <span>17 - 5 = ?<\/span><\/span>\r\n\t<\/div>\r\n\t<div class=\"w-form-row-field\">\r\n\t\t\t\t<input type=\"hidden\" name=\"us_form_1_captcha_1_hash\" value=\"1e2b1750760a0f2c05d1a740270dfda5\" \/>\r\n\t\t\t\t<input aria-label=\"us_form_1_captcha_1\" type=\"text\" name=\"us_form_1_captcha_1\" placeholder data-required=\"true\" aria-required=\"true\"\/>\r\n\t\t\t<\/div>\r\n\t\t\t<div class=\"w-form-row-description\">\r\n\t\t\tTo protect against spam, please answer this small math problem.\t\t<\/div>\r\n\t\t<div class=\"w-form-row-state\">Enter the equation result to proceed<\/div>\r\n<\/div>\r\n<input type=\"hidden\" name=\"action\" value=\"us_ajax_cform\" \/>\r\n<input type=\"hidden\" name=\"post_id\" value=\"0\" \/>\r\n<input type=\"hidden\" name=\"form_index\" value=\"1\" \/>\r\n<div class=\"w-form-row for_submit align_center\">\r\n\t<button class=\"w-btn  us-btn-style_4\" aria-label=\"Submit\" type=\"submit\">\r\n\t\t<span class=\"g-preloader type_1\"><\/span>\r\n\t\t\t\t<span class=\"w-btn-label\">Submit<\/span>\r\n\t\t\t<\/button>\r\n\t<\/div>\r\n<\/div><div class=\"w-form-message\"><\/div><div class=\"w-form-json hidden\" onclick='return {&quot;ajaxurl&quot;:&quot;https:\\\/\\\/www.personalagentur-ronsdorf.de\\\/wp-admin\\\/admin-ajax.php&quot;,&quot;messages&quot;:{&quot;err_empty&quot;:&quot;Fill out this field&quot;,&quot;err_size&quot;:&quot;File size cannot exceed %s MB&quot;,&quot;err_extension&quot;:&quot;%s file type is not allowed&quot;,&quot;err_recaptcha_keys&quot;:&quot;reCAPTCHA keys are incorrect&quot;}}'><\/div><input type=\"hidden\" name=\"trp-form-language\" value=\"en\"\/><\/form>\t\t<\/div><\/div><\/div><\/div><\/div><\/div><\/div><\/section><section class=\"l-section wpb_row us_custom_1fbafc34 height_auto\"><div class=\"l-section-h i-cf\"><div class=\"g-cols vc_row via_flex valign_middle type_default stacking_default\"><div class=\"vc_col-sm-6 wpb_column vc_column_container\"><div class=\"vc_column-inner\"><div class=\"wpb_wrapper\"><div class=\"w-person layout_simple_circle with_desc with_socials\"><div class=\"w-person-image\"><img loading=\"lazy\" decoding=\"async\" width=\"250\" height=\"250\" src=\"https:\/\/www.personalagentur-ronsdorf.de\/wp-content\/uploads\/2021\/08\/Anja_Kroetzsch_250x250.jpg\" class=\"attachment-medium size-medium\" alt=\"\" srcset=\"https:\/\/www.personalagentur-ronsdorf.de\/wp-content\/uploads\/2021\/08\/Anja_Kroetzsch_250x250.jpg 250w, https:\/\/www.personalagentur-ronsdorf.de\/wp-content\/uploads\/2021\/08\/Anja_Kroetzsch_250x250-150x150.jpg 150w\" sizes=\"auto, (max-width: 250px) 100vw, 250px\" \/><\/div><div class=\"w-person-content\"><h4 class=\"w-person-name\"><span>Anja Kr\u00f6tzsch<\/span><\/h4><div class=\"w-person-role\">Personalberaterin<\/div><div class=\"w-person-links\"><div class=\"w-person-links-list\"><a href=\"mailto:kroetzsch@personalagentur-dresden.de\" class=\"w-person-links-item type_email\" title=\"Email\"><i class=\"fas fa-envelope\"><\/i><\/a><\/div><\/div><div class=\"w-person-description\"><p>Frau Kr\u00f6tzsch ist die Expertin f\u00fcr unsere Direktansprachen, daf\u00fcr wird sie immer wieder von unseren Kandidaten gelobt. Nicht zuletzt findet sie die passenden Worte, im Gespr\u00e4ch oder in unseren Texten. Sie ist unsere Website \u2013 Agentin mit Gesp\u00fcr und Charme.<\/p>\n<\/div><\/div><\/div><div class=\"ubtn-ctn-center\"><a class=\"ubtn-link ult-adjust-bottom-margin ubtn-center ubtn-small\" href=\"https:\/\/www.xing.com\/profile\/Anja_Kroetzsch\/cv\" target=\"_blank\" rel=\"noopener\" ><button type=\"button\" id=\"ubtn-3301\"  class=\"ubtn ult-adjust-bottom-margin ult-responsive ubtn-small ubtn-fade-bg  ulta-pop  ubtn-shd  ubtn-center  shd-bottom tooltip-69fd5e880024e\"  data-hover=\"\" data-border-color=\"\" data-bg=\"#b02a30\" data-hover-bg=\"#b02a30\" data-border-hover=\"\" data-shadow-hover=\"0 3px #dd3333;\" data-shadow-click=\"\" data-shadow=\"0 1px #d6d6d6;\" data-shd-shadow=\"1\"  data-ultimate-target='#ubtn-3301'  data-responsive-json-new='{\"font-size\":\"desktop:14px;\",\"line-height\":\"\"}'  style=\"font-weight:bold;border:none;box-shadow: 0 1px #d6d6d6;background: #b02a30;color: #ffffff;\"><span class=\"ubtn-hover\" style=\"background-color:#b02a30\"><\/span><span class=\"ubtn-data ubtn-text\" >XING<\/span><\/button><\/a><\/div><\/div><\/div><\/div><\/div><\/div><\/section><section class=\"l-section wpb_row us_custom_7941f23a height_auto\"><div class=\"l-section-h i-cf\"><div class=\"g-cols vc_row via_flex valign_middle type_default stacking_default\"><div class=\"vc_col-sm-12 wpb_column vc_column_container\"><div class=\"vc_column-inner\"><div class=\"wpb_wrapper\"><div class=\"g-cols wpb_row via_flex valign_top type_default stacking_default\"><div class=\"vc_col-sm-12 wpb_column vc_column_container\"><div class=\"vc_column-inner\"><div class=\"wpb_wrapper\"><div class=\"w-person layout_simple_circle with_desc with_socials\"><div class=\"w-person-image\"><a title=\"Sabine Ronsdorf\" href=\"https:\/\/www.personalagentur-ronsdorf.de\/en\/ueber-uns\/sabine-ronsdorf\/\" class=\"w-person-link\" aria-label=\"Sabine Ronsdorf\"><img loading=\"lazy\" decoding=\"async\" width=\"250\" height=\"250\" src=\"https:\/\/www.personalagentur-ronsdorf.de\/wp-content\/uploads\/2021\/08\/Sabine_Ronsfdorf_250x250.jpg\" class=\"attachment-medium size-medium\" alt=\"\" srcset=\"https:\/\/www.personalagentur-ronsdorf.de\/wp-content\/uploads\/2021\/08\/Sabine_Ronsfdorf_250x250.jpg 250w, https:\/\/www.personalagentur-ronsdorf.de\/wp-content\/uploads\/2021\/08\/Sabine_Ronsfdorf_250x250-150x150.jpg 150w\" sizes=\"auto, (max-width: 250px) 100vw, 250px\" \/><\/a><\/div><div class=\"w-person-content\"><h4 class=\"w-person-name\"><a title=\"Sabine Ronsdorf\" href=\"https:\/\/www.personalagentur-ronsdorf.de\/en\/ueber-uns\/sabine-ronsdorf\/\" class=\"w-person-link\" aria-label=\"Sabine Ronsdorf\"><span>Sabine Ronsdorf<\/span><\/a><\/h4><div class=\"w-person-links\"><div class=\"w-person-links-list\"><a href=\"mailto:mail@personalagentur-dresden.de\" class=\"w-person-links-item type_email\" title=\"Email\"><i class=\"fas fa-envelope\"><\/i><\/a><a href=\"https:\/\/de.linkedin.com\/in\/sabine-ronsdorf-31a47139\" class=\"w-person-links-item type_linkedin\" title=\"LinkedIn\" target=\"_blank\" rel=\"nofollow\"><i class=\"fab fa-linkedin\"><\/i><\/a><\/div><\/div><div class=\"w-person-description\"><p>HR expert, people expert and triathlete<\/p>\n<\/div><\/div><\/div><div class=\"wpb_text_column\"><div class=\"wpb_wrapper\"><p style=\"text-align: center;\">Erfahren Sie mehr \u00fcber den Weg hin zu Ronsdorf Personal &amp; Business. <a href=\"https:\/\/www.personalagentur-ronsdorf.de\/en\/ueber-uns\/sabine-ronsdorf\/\">Hier weiterlesen&#8230;<\/a><\/p>\n<\/div><\/div><div class=\"ubtn-ctn-center\"><a class=\"ubtn-link ult-adjust-bottom-margin ubtn-center ubtn-small\" href=\"https:\/\/www.xing.com\/profile\/Sabine_Ronsdorf\/cv\" target=\"_blank\" rel=\"noopener\" ><button type=\"button\" id=\"ubtn-2121\"  class=\"ubtn ult-adjust-bottom-margin ult-responsive ubtn-small ubtn-fade-bg  ulta-pop  ubtn-shd  ubtn-center  shd-bottom tooltip-69fd5e8800dc4\"  data-hover=\"\" data-border-color=\"\" data-bg=\"#b02a30\" data-hover-bg=\"#b02a30\" data-border-hover=\"\" data-shadow-hover=\"0 3px #dd3333;\" data-shadow-click=\"\" data-shadow=\"0 1px #d6d6d6;\" data-shd-shadow=\"1\"  data-ultimate-target='#ubtn-2121'  data-responsive-json-new='{\"font-size\":\"desktop:14px;\",\"line-height\":\"\"}'  style=\"font-weight:bold;border:none;box-shadow: 0 1px #d6d6d6;background: #b02a30;color: #ffffff;\"><span class=\"ubtn-hover\" style=\"background-color:#b02a30\"><\/span><span class=\"ubtn-data ubtn-text\" >XING<\/span><\/button><\/a><\/div><\/div><\/div><\/div><\/div><\/div><\/div><\/div><\/div><\/div><\/section><section class=\"l-section wpb_row us_custom_e8719faf height_medium\"><div class=\"l-section-h i-cf\"><div class=\"g-cols vc_row via_flex valign_top type_default stacking_default\"><div class=\"vc_col-sm-12 wpb_column vc_column_container\"><div class=\"vc_column-inner\"><div class=\"wpb_wrapper\"><div class=\"wpb_text_column\"><div class=\"wpb_wrapper\"><p style=\"text-align: center;\" class=\"translation-block\"><span style=\"color: #000000\">I would like to learn more about personnel search or career change:<\/span><br>\n<a href=\"mailto:mail@personalagentur-dresden.de\" target=\"_self\">mail@personalagentur-dresden.de<\/a>\u00a0<span style=\"color: #000000\">und<\/span>\u00a0<a href=\"tel:+493513151175\" target=\"_self\">T:+49 351 3151175<\/a><\/p>\n<\/div><\/div><\/div><\/div><\/div><\/div><\/div><\/section>","protected":false},"excerpt":{"rendered":"Personalberatung aus LeidenschaftUnser Team aus erfahrenen PersonalberaterInnen legt gro\u00dfen Wert auf eine individuelle Beratung. Wir begleiten Sie ganz pers\u00f6nlich bei Ihren aktuellen beruflichen Herausforderungen. Jetzt anfragen! \u00dcbermitteln Sie uns einfach Ihre Kontaktdaten. Wir setzen uns zeitnah mit Ihnen in Verbindung. Fill out this field Please enter a valid email address. Fill out this field Sicherheits-...","protected":false},"author":2,"featured_media":0,"parent":1247,"menu_order":17,"comment_status":"closed","ping_status":"closed","template":"","meta":{"footnotes":""},"class_list":["post-1277","page","type-page","status-publish","hentry"],"yoast_head":"<!-- This site is optimized with the Yoast SEO plugin v27.5 - https:\/\/yoast.com\/product\/yoast-seo-wordpress\/ -->\n<title>Ronsdorf Personal Team | Ihre PersonalberaterInnen in Dresden<\/title>\n<meta name=\"description\" content=\"Wir finden f\u00fcr Ihr Team die passenden Fach- &amp; F\u00fchrungskr\u00e4fte. Lernen Sie unser Team von erfahrenen PersonalberaterInnen kennen.\" \/>\n<meta name=\"robots\" content=\"noindex, nofollow\" \/>\n<meta property=\"og:locale\" content=\"en_US\" \/>\n<meta property=\"og:type\" content=\"article\" \/>\n<meta property=\"og:title\" content=\"Wir sind f\u00fcr Sie da\" \/>\n<meta property=\"og:description\" content=\"Personalberatung &amp; Vermittlung aus Dresden\" \/>\n<meta property=\"og:url\" content=\"https:\/\/www.personalagentur-ronsdorf.de\/en\/ueber-uns\/team_2022\/\" \/>\n<meta property=\"og:site_name\" content=\"Personalberatung Ronsdorf\" \/>\n<meta property=\"article:modified_time\" content=\"2025-11-02T12:43:47+00:00\" \/>\n<meta property=\"og:image\" content=\"https:\/\/www.personalagentur-ronsdorf.de\/wp-content\/uploads\/2021\/10\/Ronsdorf_FBPostbild_12_Team.jpg\" \/>\n\t<meta property=\"og:image:width\" content=\"1200\" \/>\n\t<meta property=\"og:image:height\" content=\"628\" \/>\n\t<meta property=\"og:image:type\" content=\"image\/jpeg\" \/>\n<meta name=\"twitter:card\" content=\"summary_large_image\" \/>\n<meta name=\"twitter:title\" content=\"Wir sind f\u00fcr Sie da\" \/>\n<meta name=\"twitter:description\" content=\"Personalberatung &amp; Vermittlung aus Dresden\" \/>\n<meta name=\"twitter:image\" content=\"https:\/\/www.personalagentur-ronsdorf.de\/wp-content\/uploads\/2021\/10\/Ronsdorf_TWPostbild_12_Team.jpg\" \/>\n<script type=\"application\/ld+json\" class=\"yoast-schema-graph\">{\"@context\":\"https:\\\/\\\/schema.org\",\"@graph\":[{\"@type\":\"WebPage\",\"@id\":\"https:\\\/\\\/www.personalagentur-ronsdorf.de\\\/ueber-uns\\\/team_2022\\\/\",\"url\":\"https:\\\/\\\/www.personalagentur-ronsdorf.de\\\/ueber-uns\\\/team_2022\\\/\",\"name\":\"Ronsdorf Personal Team | Ihre PersonalberaterInnen in Dresden\",\"isPartOf\":{\"@id\":\"https:\\\/\\\/www.personalagentur-ronsdorf.de\\\/#website\"},\"datePublished\":\"2021-03-09T06:28:18+00:00\",\"dateModified\":\"2025-11-02T12:43:47+00:00\",\"description\":\"Wir finden f\u00fcr Ihr Team die passenden Fach- & F\u00fchrungskr\u00e4fte. Lernen Sie unser Team von erfahrenen PersonalberaterInnen kennen.\",\"breadcrumb\":{\"@id\":\"https:\\\/\\\/www.personalagentur-ronsdorf.de\\\/ueber-uns\\\/team_2022\\\/#breadcrumb\"},\"inLanguage\":\"en-US\",\"potentialAction\":[{\"@type\":\"ReadAction\",\"target\":[\"https:\\\/\\\/www.personalagentur-ronsdorf.de\\\/ueber-uns\\\/team_2022\\\/\"]}]},{\"@type\":\"BreadcrumbList\",\"@id\":\"https:\\\/\\\/www.personalagentur-ronsdorf.de\\\/ueber-uns\\\/team_2022\\\/#breadcrumb\",\"itemListElement\":[{\"@type\":\"ListItem\",\"position\":1,\"name\":\"Startseite\",\"item\":\"https:\\\/\\\/www.personalagentur-ronsdorf.de\\\/\"},{\"@type\":\"ListItem\",\"position\":2,\"name\":\"\u00dcber uns\",\"item\":\"https:\\\/\\\/www.personalagentur-ronsdorf.de\\\/ueber-uns\\\/\"},{\"@type\":\"ListItem\",\"position\":3,\"name\":\"Team_2022\"}]},{\"@type\":\"WebSite\",\"@id\":\"https:\\\/\\\/www.personalagentur-ronsdorf.de\\\/#website\",\"url\":\"https:\\\/\\\/www.personalagentur-ronsdorf.de\\\/\",\"name\":\"Personalberatung Ronsdorf\",\"description\":\"\",\"publisher\":{\"@id\":\"https:\\\/\\\/www.personalagentur-ronsdorf.de\\\/#organization\"},\"potentialAction\":[{\"@type\":\"SearchAction\",\"target\":{\"@type\":\"EntryPoint\",\"urlTemplate\":\"https:\\\/\\\/www.personalagentur-ronsdorf.de\\\/?s={search_term_string}\"},\"query-input\":{\"@type\":\"PropertyValueSpecification\",\"valueRequired\":true,\"valueName\":\"search_term_string\"}}],\"inLanguage\":\"en-US\"},{\"@type\":\"Organization\",\"@id\":\"https:\\\/\\\/www.personalagentur-ronsdorf.de\\\/#organization\",\"name\":\"Ronsdorf \u2013 Personal & Business\",\"url\":\"https:\\\/\\\/www.personalagentur-ronsdorf.de\\\/\",\"logo\":{\"@type\":\"ImageObject\",\"inLanguage\":\"en-US\",\"@id\":\"https:\\\/\\\/www.personalagentur-ronsdorf.de\\\/#\\\/schema\\\/logo\\\/image\\\/\",\"url\":\"https:\\\/\\\/www.personalagentur-ronsdorf.de\\\/wp-content\\\/uploads\\\/2018\\\/12\\\/Logo_endversion.png\",\"contentUrl\":\"https:\\\/\\\/www.personalagentur-ronsdorf.de\\\/wp-content\\\/uploads\\\/2018\\\/12\\\/Logo_endversion.png\",\"width\":163,\"height\":154,\"caption\":\"Ronsdorf \u2013 Personal & Business\"},\"image\":{\"@id\":\"https:\\\/\\\/www.personalagentur-ronsdorf.de\\\/#\\\/schema\\\/logo\\\/image\\\/\"}}]}<\/script>\n<!-- \/ Yoast SEO plugin. -->","yoast_head_json":{"title":"Ronsdorf Personal Team | Ihre PersonalberaterInnen in Dresden","description":"Wir finden f\u00fcr Ihr Team die passenden Fach- & F\u00fchrungskr\u00e4fte. Lernen Sie unser Team von erfahrenen PersonalberaterInnen kennen.","robots":{"index":"noindex","follow":"nofollow"},"og_locale":"en_US","og_type":"article","og_title":"Wir sind f\u00fcr Sie da","og_description":"Personalberatung & Vermittlung aus Dresden","og_url":"https:\/\/www.personalagentur-ronsdorf.de\/en\/ueber-uns\/team_2022\/","og_site_name":"Personalberatung Ronsdorf","article_modified_time":"2025-11-02T12:43:47+00:00","og_image":[{"width":1200,"height":628,"url":"https:\/\/www.personalagentur-ronsdorf.de\/wp-content\/uploads\/2021\/10\/Ronsdorf_FBPostbild_12_Team.jpg","type":"image\/jpeg"}],"twitter_card":"summary_large_image","twitter_title":"Wir sind f\u00fcr Sie da","twitter_description":"Personalberatung & Vermittlung aus Dresden","twitter_image":"https:\/\/www.personalagentur-ronsdorf.de\/wp-content\/uploads\/2021\/10\/Ronsdorf_TWPostbild_12_Team.jpg","schema":{"@context":"https:\/\/schema.org","@graph":[{"@type":"WebPage","@id":"https:\/\/www.personalagentur-ronsdorf.de\/ueber-uns\/team_2022\/","url":"https:\/\/www.personalagentur-ronsdorf.de\/ueber-uns\/team_2022\/","name":"Ronsdorf Personal Team | Ihre PersonalberaterInnen in Dresden","isPartOf":{"@id":"https:\/\/www.personalagentur-ronsdorf.de\/#website"},"datePublished":"2021-03-09T06:28:18+00:00","dateModified":"2025-11-02T12:43:47+00:00","description":"Wir finden f\u00fcr Ihr Team die passenden Fach- & F\u00fchrungskr\u00e4fte. Lernen Sie unser Team von erfahrenen PersonalberaterInnen kennen.","breadcrumb":{"@id":"https:\/\/www.personalagentur-ronsdorf.de\/ueber-uns\/team_2022\/#breadcrumb"},"inLanguage":"en-US","potentialAction":[{"@type":"ReadAction","target":["https:\/\/www.personalagentur-ronsdorf.de\/ueber-uns\/team_2022\/"]}]},{"@type":"BreadcrumbList","@id":"https:\/\/www.personalagentur-ronsdorf.de\/ueber-uns\/team_2022\/#breadcrumb","itemListElement":[{"@type":"ListItem","position":1,"name":"Startseite","item":"https:\/\/www.personalagentur-ronsdorf.de\/"},{"@type":"ListItem","position":2,"name":"\u00dcber uns","item":"https:\/\/www.personalagentur-ronsdorf.de\/ueber-uns\/"},{"@type":"ListItem","position":3,"name":"Team_2022"}]},{"@type":"WebSite","@id":"https:\/\/www.personalagentur-ronsdorf.de\/#website","url":"https:\/\/www.personalagentur-ronsdorf.de\/","name":"Personalberatung Ronsdorf","description":"","publisher":{"@id":"https:\/\/www.personalagentur-ronsdorf.de\/#organization"},"potentialAction":[{"@type":"SearchAction","target":{"@type":"EntryPoint","urlTemplate":"https:\/\/www.personalagentur-ronsdorf.de\/?s={search_term_string}"},"query-input":{"@type":"PropertyValueSpecification","valueRequired":true,"valueName":"search_term_string"}}],"inLanguage":"en-US"},{"@type":"Organization","@id":"https:\/\/www.personalagentur-ronsdorf.de\/#organization","name":"Ronsdorf \u2013 Personal & Business","url":"https:\/\/www.personalagentur-ronsdorf.de\/","logo":{"@type":"ImageObject","inLanguage":"en-US","@id":"https:\/\/www.personalagentur-ronsdorf.de\/#\/schema\/logo\/image\/","url":"https:\/\/www.personalagentur-ronsdorf.de\/wp-content\/uploads\/2018\/12\/Logo_endversion.png","contentUrl":"https:\/\/www.personalagentur-ronsdorf.de\/wp-content\/uploads\/2018\/12\/Logo_endversion.png","width":163,"height":154,"caption":"Ronsdorf \u2013 Personal & Business"},"image":{"@id":"https:\/\/www.personalagentur-ronsdorf.de\/#\/schema\/logo\/image\/"}}]}},"_links":{"self":[{"href":"https:\/\/www.personalagentur-ronsdorf.de\/en\/wp-json\/wp\/v2\/pages\/1277","targetHints":{"allow":["GET"]}}],"collection":[{"href":"https:\/\/www.personalagentur-ronsdorf.de\/en\/wp-json\/wp\/v2\/pages"}],"about":[{"href":"https:\/\/www.personalagentur-ronsdorf.de\/en\/wp-json\/wp\/v2\/types\/page"}],"author":[{"embeddable":true,"href":"https:\/\/www.personalagentur-ronsdorf.de\/en\/wp-json\/wp\/v2\/users\/2"}],"replies":[{"embeddable":true,"href":"https:\/\/www.personalagentur-ronsdorf.de\/en\/wp-json\/wp\/v2\/comments?post=1277"}],"version-history":[{"count":39,"href":"https:\/\/www.personalagentur-ronsdorf.de\/en\/wp-json\/wp\/v2\/pages\/1277\/revisions"}],"predecessor-version":[{"id":3623,"href":"https:\/\/www.personalagentur-ronsdorf.de\/en\/wp-json\/wp\/v2\/pages\/1277\/revisions\/3623"}],"up":[{"embeddable":true,"href":"https:\/\/www.personalagentur-ronsdorf.de\/en\/wp-json\/wp\/v2\/pages\/1247"}],"wp:attachment":[{"href":"https:\/\/www.personalagentur-ronsdorf.de\/en\/wp-json\/wp\/v2\/media?parent=1277"}],"curies":[{"name":"wp","href":"https:\/\/api.w.org\/{rel}","templated":true}]}}