{"id":1247,"date":"2021-03-09T07:10:39","date_gmt":"2021-03-09T06:10:39","guid":{"rendered":"https:\/\/www.personalagentur-ronsdorf.de\/?page_id=1247"},"modified":"2026-05-04T11:04:50","modified_gmt":"2026-05-04T09:04:50","slug":"ueber-uns","status":"publish","type":"page","link":"https:\/\/www.personalagentur-ronsdorf.de\/en\/ueber-uns\/","title":{"rendered":"About Us"},"content":{"rendered":"<section class=\"l-section wpb_row height_auto width_full\"><div class=\"l-section-h i-cf\"><div class=\"g-cols vc_row via_flex valign_top type_default stacking_default\"><div class=\"vc_col-sm-12 wpb_column vc_column_container\"><div class=\"vc_column-inner\"><div class=\"wpb_wrapper\">\n\t\t\t<!-- START vortraege REVOLUTION SLIDER 6.7.34 --><p class=\"rs-p-wp-fix\"><\/p>\n\t\t\t<rs-module-wrap id=\"rev_slider_11_1_wrapper\" data-source=\"gallery\" style=\"visibility:hidden;background:transparent;padding:0;margin:0px auto;margin-top:0;margin-bottom:0;\">\n\t\t\t\t<rs-module id=\"rev_slider_11_1\" style=\"\" data-version=\"6.7.34\">\n\t\t\t\t\t<rs-slides style=\"overflow: hidden; position: absolute;\">\n\t\t\t\t\t\t<rs-slide style=\"position: absolute;\" data-key=\"rs-11\" data-title=\"Slide\" data-anim=\"adpr:false;\">\n\t\t\t\t\t\t\t<img decoding=\"async\" src=\"\/\/www.personalagentur-ronsdorf.de\/wp-content\/plugins\/revslider\/sr6\/assets\/assets\/dummy.png\" alt=\"\" title=\"About Us\" class=\"rev-slidebg tp-rs-img rs-lazyload\" data-lazyload=\"\/\/www.personalagentur-ronsdorf.de\/wp-content\/uploads\/2018\/12\/vortraege.jpg\" data-no-retina>\n<!---->\t\t\t\t\t<\/rs-slide>\n\t\t\t\t\t<\/rs-slides>\n\t\t\t\t<\/rs-module>\n\t\t\t\t<script>\n\t\t\t\t\tsetREVStartSize({c: 'rev_slider_11_1',rl:[1240,1024,768,480],el:[],gw:[1920],gh:[626],type:'standard',justify:'',layout:'fullwidth',mh:\"0\"});if (window.RS_MODULES!==undefined && window.RS_MODULES.modules!==undefined && window.RS_MODULES.modules[\"revslider111\"]!==undefined) {window.RS_MODULES.modules[\"revslider111\"].once = false;window.revapi11 = undefined;if (window.RS_MODULES.checkMinimal!==undefined) window.RS_MODULES.checkMinimal()}\n\t\t\t\t<\/script>\n\t\t\t<\/rs-module-wrap>\n\t\t\t<!-- END REVOLUTION SLIDER -->\n<\/div><\/div><\/div><\/div><\/div><\/section><section class=\"l-section wpb_row us_custom_dfeff4c7 height_auto\"><div class=\"l-section-h i-cf\"><div class=\"g-cols vc_row via_flex valign_top type_default stacking_default\"><div class=\"vc_col-sm-12 wpb_column vc_column_container\"><div class=\"vc_column-inner\"><div class=\"wpb_wrapper\"><h1 style=\"text-align: left\" class=\"vc_custom_heading vc_do_custom_heading us_custom_5fb5abd6 translation-block\" >Over 20 years of experience in the high-tech industry<br>\nThe Ronsdorf Team!<\/h1><div class=\"wpb_text_column\"><div class=\"wpb_wrapper\"><p class=\"translation-block\"><strong><span style=\"color: #b02a30\">Together we will take your team to the next level:\u00a0<\/span><\/strong>We will help you successfully fill the right specialist and management positions so that you can concentrate on your important business tasks.<\/p>\n<p class=\"translation-block\">We're not \"quick recruiters.\" We don't offer temporary staffing.<br>\nWe listen between the lines to ensure the employee you're looking for is a truly personal fit for your company.<\/p>\n<\/div><\/div><div class=\"w-separator size_small\"><\/div><h2 style=\"text-align: left\" class=\"vc_custom_heading vc_do_custom_heading us_custom_4076faf9\" >Trying something new as an applicant - we've experienced that ourselves!<\/h2><div class=\"wpb_text_column\"><div class=\"wpb_wrapper\"><p>This is what our team, and each of our HR consultants, stands for. We have all experienced very different career stages and have constantly changed \u2013 and we are proud of this.<\/p>\n<\/div><\/div><\/div><\/div><\/div><\/div><\/div><\/section><section class=\"l-section wpb_row us_custom_1fbafc34 height_auto\"><div class=\"l-section-h i-cf\"><div class=\"g-cols vc_row via_flex valign_middle type_default stacking_default\"><div class=\"vc_col-sm-3 wpb_column vc_column_container\"><div class=\"vc_column-inner\"><div class=\"wpb_wrapper\"><\/div><\/div><\/div><div class=\"vc_col-sm-3 wpb_column vc_column_container\"><div class=\"vc_column-inner\"><div class=\"wpb_wrapper\"><div class=\"w-person layout_circle with_desc\"><div class=\"w-person-image\"><img loading=\"lazy\" decoding=\"async\" width=\"250\" height=\"250\" src=\"https:\/\/www.personalagentur-ronsdorf.de\/wp-content\/uploads\/2025\/11\/Sabine_Ronsfdorf_250x250.jpg\" class=\"attachment-large size-large\" alt=\"\" srcset=\"https:\/\/www.personalagentur-ronsdorf.de\/wp-content\/uploads\/2025\/11\/Sabine_Ronsfdorf_250x250.jpg 250w, https:\/\/www.personalagentur-ronsdorf.de\/wp-content\/uploads\/2025\/11\/Sabine_Ronsfdorf_250x250-150x150.jpg 150w, https:\/\/www.personalagentur-ronsdorf.de\/wp-content\/uploads\/2025\/11\/Sabine_Ronsfdorf_250x250-12x12.jpg 12w\" sizes=\"auto, (max-width: 250px) 100vw, 250px\" \/><\/div><div class=\"w-person-content\"><h4 class=\"w-person-name\"><span>Sabine Ronsdorf<\/span><\/h4><div class=\"w-person-description\"><p>from industrial clerk to entrepreneur in personnel consulting<\/p>\n<\/div><\/div><\/div><div class=\"ubtn-ctn-center\"><a class=\"ubtn-link ult-adjust-bottom-margin ubtn-center ubtn-small\" href=\"https:\/\/www.xing.com\/profile\/Sabine_Ronsdorf\/cv\" target=\"_blank\" rel=\"noopener\" ><button type=\"button\" id=\"ubtn-7525\"  class=\"ubtn ult-adjust-bottom-margin ult-responsive ubtn-small ubtn-fade-bg  ulta-pop  ubtn-shd  ubtn-center  shd-bottom tooltip-69fd51959cb95\"  data-hover=\"\" data-border-color=\"\" data-bg=\"#b02a30\" data-hover-bg=\"#b02a30\" data-border-hover=\"\" data-shadow-hover=\"0 3px #dd3333;\" data-shadow-click=\"\" data-shadow=\"0 1px #d6d6d6;\" data-shd-shadow=\"1\"  data-ultimate-target='#ubtn-7525'  data-responsive-json-new='{\"font-size\":\"desktop:14px;\",\"line-height\":\"\"}'  style=\"font-weight:bold;border:none;box-shadow: 0 1px #d6d6d6;background: #b02a30;color: #ffffff;\"><span class=\"ubtn-hover\" style=\"background-color:#b02a30\"><\/span><span class=\"ubtn-data ubtn-text\" >XING<\/span><\/button><\/a><\/div><\/div><\/div><\/div><div class=\"vc_col-sm-3 wpb_column vc_column_container\"><div class=\"vc_column-inner\"><div class=\"wpb_wrapper\"><\/div><\/div><\/div><div class=\"vc_col-sm-3 wpb_column vc_column_container\"><div class=\"vc_column-inner\"><div class=\"wpb_wrapper\"><\/div><\/div><\/div><\/div><\/div><\/section><section class=\"l-section wpb_row us_custom_7941f23a height_auto\"><div class=\"l-section-h i-cf\"><div class=\"g-cols vc_row via_flex valign_middle type_default stacking_default\"><div class=\"vc_col-sm-6 wpb_column vc_column_container\"><div class=\"vc_column-inner\"><div class=\"wpb_wrapper\"><h3 style=\"text-align: left\" class=\"vc_custom_heading vc_do_custom_heading us_custom_4076faf9\" >What entrepreneurs say about us<\/h3><div class=\"wpb_text_column\"><div class=\"wpb_wrapper\"><p><span style=\"color: #b02a30;\"><strong>Software and consulting company, Dresden<\/strong><\/span><\/p>\n<p>\"For years, we have been working with the Ronsdorf \u2013 Personal &amp; Business recruitment agency in a trusting and highly successful manner. Despite our very specific requirements, we were always presented with a number of equally qualified candidates within a very short timeframe. Ronsdorf \u2013 Personal &amp; Business is characterized by a professional and goal-oriented approach, which sets it apart from the competition. We can truly recommend this company and will certainly turn to this recruitment agency again for our next recruitment needs. We have never been disappointed.\"<\/p>\n<\/div><\/div><div class=\"w-separator size_small\"><\/div><\/div><\/div><\/div><div class=\"vc_col-sm-6 wpb_column vc_column_container\"><div class=\"vc_column-inner\"><div class=\"wpb_wrapper\"><div class=\"wpb_text_column\"><div class=\"wpb_wrapper\"><p><span style=\"color: #b02a30;\"><strong>POS company<\/strong><\/span><\/p>\n<p>\"We have been working successfully with Ronsdorf \u2013 Personal &amp; Business for over a year and were recently able to fill a management position for our software development department. We particularly value the personal contact with our consultant and consider Ronsdorf \u2013 Personal &amp; Business to be an ideal HR partner because their consulting services are tailored precisely to our needs.\"<\/p>\n<\/div><\/div><\/div><\/div><\/div><\/div><\/div><\/section><section class=\"l-section wpb_row us_custom_7941f23a height_auto\"><div class=\"l-section-h i-cf\"><div class=\"g-cols vc_row via_flex valign_middle type_default stacking_default\"><div class=\"vc_col-sm-6 wpb_column vc_column_container\"><div class=\"vc_column-inner\"><div class=\"wpb_wrapper\"><h3 style=\"text-align: left\" class=\"vc_custom_heading vc_do_custom_heading us_custom_4076faf9\" >What applicants say about us<\/h3><div class=\"wpb_text_column\"><div class=\"wpb_wrapper\"><p><span style=\"color: #b02a30;\"><strong>Industrial clerk, placed as an employee in project service<\/strong><\/span><\/p>\n<p>\u201cI would like to thank you very much for the organization and the good communication, as well as for the options that I was able to take advantage of thanks to you.\u201d<\/p>\n<\/div><\/div><div class=\"w-separator size_small\"><\/div><\/div><\/div><\/div><div class=\"vc_col-sm-6 wpb_column vc_column_container\"><div class=\"vc_column-inner\"><div class=\"wpb_wrapper\"><div class=\"wpb_text_column\"><div class=\"wpb_wrapper\"><p><span style=\"color: #b02a30;\"><strong>Wood technician, placed as project manager<\/strong><\/span><\/p>\n<p>\"Thank you for your professional work. I felt like you took me seriously and looked after me well.\"<\/p>\n<\/div><\/div><\/div><\/div><\/div><\/div><\/div><\/section><section class=\"l-section wpb_row us_custom_e8719faf height_medium\"><div class=\"l-section-h i-cf\"><div class=\"g-cols vc_row via_flex valign_top type_default stacking_default\"><div class=\"vc_col-sm-12 wpb_column vc_column_container\"><div class=\"vc_column-inner\"><div class=\"wpb_wrapper\"><div class=\"wpb_text_column\"><div class=\"wpb_wrapper\"><p style=\"text-align: center;\"><span style=\"color: #000000;\">Ich m\u00f6chte mehr erfahren \u00fcber Personalsuche oder berufliche Ver\u00e4nderung:<\/span><br \/>\n<a href=\"mailto:mail@personalagentur-dresden.de\">mail@personalagentur-dresden.de<\/a>\u00a0<span style=\"color: #000000;\">and<\/span>\u00a0<a href=\"tel:+491723633252\">T:+49 172 3633252<\/a><\/p>\n<\/div><\/div><\/div><\/div><\/div><\/div><\/div><\/section><section class=\"l-section wpb_row height_medium\"><div class=\"l-section-h i-cf\"><div class=\"g-cols vc_row via_flex valign_top type_default stacking_default\"><div class=\"vc_col-sm-12 wpb_column vc_column_container\"><div class=\"vc_column-inner\"><div class=\"wpb_wrapper\"><div class=\"ult-content-box-container\" >\t\t<div class=\"ult-content-box\" style=\"background-color:#ffffff;box-shadow: 2px 3px 3px 2px #bcbcbc none;-webkit-transition: all 700ms ease;-moz-transition: all 700ms ease;-ms-transition: all 700ms ease;-o-transition: all 700ms ease;transition: all 700ms ease;\"  data-hover_box_shadow=\"none\"     data-bg=\"#ffffff\" ><div class=\"wpb_text_column\"><div class=\"wpb_wrapper\"><h3 class=\"translation-block\">Now <a id=\"kontakt\" target=\"_self\"><\/a><span style=\"color: #b02a30\">inquire!<\/span><\/h3>\n<p>Simply send us your contact details. We will get in touch with you shortly.<\/p>\n<\/div><\/div><form class=\"w-form  us-field-style_1 us_custom_1629d12c has_text_color layout_ver for_cform us_form_1\" autocomplete=\"off\" action=\"https:\/\/www.personalagentur-ronsdorf.de\/en\/en\/wp-json\/wp\/v2\/pages\/1247\" method=\"post\" data-trp-original-action=\"https:\/\/www.personalagentur-ronsdorf.de\/en\/en\/wp-json\/wp\/v2\/pages\/1247\"><div class=\"w-form-h\"><div class=\"w-form-row for_text required\">\r\n\t\t<div class=\"w-form-row-field\">\r\n\t\t\t\t\t\t<input aria-label=\"Name\" type=\"text\" name=\"us_form_1_text_1\" value placeholder=\"Name *\" data-required=\"true\" aria-required=\"true\"\/>\r\n\t\t\t<\/div>\r\n\t\t<div class=\"w-form-row-state\">Fill out this field<\/div>\r\n<\/div>\r\n<div class=\"w-form-row for_email required\">\r\n\t\t<div class=\"w-form-row-field\">\r\n\t\t\t\t\t\t<input aria-label=\"E-Mail\" type=\"email\" name=\"us_form_1_email_1\" value placeholder=\"E-Mail *\" data-required=\"true\" aria-required=\"true\"\/>\r\n\t\t\t<\/div>\r\n\t\t<div class=\"w-form-row-state\">Please enter a valid email address.<\/div>\r\n<\/div>\r\n<div class=\"w-form-row for_textarea\">\r\n\t\t<div class=\"w-form-row-field\">\r\n\t\t\t\t\t\t<textarea aria-label=\"Text\" name=\"us_form_1_textarea_1\" placeholder=\"Text\"><\/textarea>\r\n\t\t\t<\/div>\r\n\t\t<div class=\"w-form-row-state\">Fill out this field<\/div>\r\n<\/div>\r\n<div class=\"w-form-row for_agreement required\">\r\n\t\t\t<div class=\"w-form-row-label\">\r\n\t\t\t<span>Security and privacy notice * <span class=\"required\">*<\/span><\/span>\r\n\t\t<\/div>\r\n\t\t<div class=\"w-form-row-field\">\r\n\t\t\t\t<label>\r\n\t\t\t<input type=\"checkbox\" value=\"1\" data-required=\"true\" aria-required=\"true\" name=\"us_form_1_agreement_1\"\/>\r\n\t\t\t<span><\/span>\r\n\t\t<\/label>\r\n\t\t\t<\/div>\r\n\t\t\t<div class=\"w-form-row-description translation-block\">I agree to the storage of my data and accept the<a href=\"\/en\/datenschutz\/\" style=\"color:#999;text-decoration:underline\" target=\"_self\">privacy policy*<\/a>.<\/div>\r\n\t\t<div class=\"w-form-row-state\">You need to agree with the terms to proceed<\/div>\r\n<\/div>\r\n<div class=\"w-form-row for_info\">\r\n\t<p>We will treat your data as strictly confidential and will not pass it on to third parties. You can revoke your consent to storage at any time and request deletion.<\/p>\r\n<\/div>\r\n<div class=\"w-form-row for_captcha required\">\r\n\t<div class=\"w-form-row-label\">\r\n\t\t<span> <span>30 - 4 = ?<\/span><\/span>\r\n\t<\/div>\r\n\t<div class=\"w-form-row-field\">\r\n\t\t\t\t<input type=\"hidden\" name=\"us_form_1_captcha_1_hash\" value=\"6777a54f9ecc9f3ba3511614138950b7\" \/>\r\n\t\t\t\t<input aria-label=\"us_form_1_captcha_1\" type=\"text\" name=\"us_form_1_captcha_1\" placeholder data-required=\"true\" aria-required=\"true\"\/>\r\n\t\t\t<\/div>\r\n\t\t\t<div class=\"w-form-row-description\">\r\n\t\t\tTo protect against spam, please answer this small math problem.\t\t<\/div>\r\n\t\t<div class=\"w-form-row-state\">Enter the equation result to proceed<\/div>\r\n<\/div>\r\n<input type=\"hidden\" name=\"action\" value=\"us_ajax_cform\" \/>\r\n<input type=\"hidden\" name=\"post_id\" value=\"0\" \/>\r\n<input type=\"hidden\" name=\"form_index\" value=\"1\" \/>\r\n<div class=\"w-form-row for_submit align_center\">\r\n\t<button class=\"w-btn  us-btn-style_4\" aria-label=\"Submit\" type=\"submit\">\r\n\t\t<span class=\"g-preloader type_1\"><\/span>\r\n\t\t\t\t<span class=\"w-btn-label\">Submit<\/span>\r\n\t\t\t<\/button>\r\n\t<\/div>\r\n<\/div><div class=\"w-form-message\"><\/div><div class=\"w-form-json hidden\" onclick='return {&quot;ajaxurl&quot;:&quot;https:\\\/\\\/www.personalagentur-ronsdorf.de\\\/wp-admin\\\/admin-ajax.php&quot;,&quot;messages&quot;:{&quot;err_empty&quot;:&quot;Fill out this field&quot;,&quot;err_size&quot;:&quot;File size cannot exceed %s MB&quot;,&quot;err_extension&quot;:&quot;%s file type is not allowed&quot;,&quot;err_recaptcha_keys&quot;:&quot;reCAPTCHA keys are incorrect&quot;}}'><\/div><input type=\"hidden\" name=\"trp-form-language\" value=\"en\"\/><\/form>\t\t<\/div><\/div><\/div><\/div><\/div><\/div><\/div><\/section><!-- Row Backgrounds --><div class=\"upb_color\" data-bg-override=\"0\" data-bg-color=\"\" data-fadeout=\"\" data-fadeout-percentage=\"30\" data-parallax-content=\"\" data-parallax-content-sense=\"30\" data-row-effect-mobile-disable=\"true\" data-img-parallax-mobile-disable=\"true\" data-rtl=\"false\"  data-custom-vc-row=\"\"  data-vc=\"8.4.1\"  data-is_old_vc=\"\"  data-theme-support=\"\"   data-overlay=\"false\" data-overlay-color=\"\" data-overlay-pattern=\"\" data-overlay-pattern-opacity=\"\" data-overlay-pattern-size=\"\"    ><\/div><section class=\"l-section wpb_row height_medium\"><div class=\"l-section-h i-cf\"><div class=\"g-cols vc_row via_flex valign_top type_default stacking_default\"><div class=\"vc_col-sm-12 wpb_column vc_column_container\"><div class=\"vc_column-inner\"><div class=\"wpb_wrapper\"><\/div><\/div><\/div><\/div><\/div><\/section><section class=\"l-section wpb_row height_medium\"><div class=\"l-section-h i-cf\"><div class=\"g-cols vc_row via_flex valign_top type_default stacking_default\"><div class=\"vc_col-sm-12 wpb_column vc_column_container\"><div class=\"vc_column-inner\"><div class=\"wpb_wrapper\"><\/div><\/div><\/div><\/div><\/div><\/section>","protected":false},"excerpt":{"rendered":"\u00dcber 20 Jahre Erfahrung in der HighTech Branche Das Ronsdorf Team!Gemeinsam bringen wir Ihr Team auf das n\u00e4chste Level:\u00a0Wir helfen Ihnen dabei, die passenden Fach- und F\u00fchrungspositionen erfolgreich zu besetzen, damit Sie sich auf Ihre wichtigen Unternehmeraufgaben konzentrieren k\u00f6nnen. Wir sind keine \u201eschnellen Vermittler\u201c. Wir machen auch keine Zeitarbeit. Wir h\u00f6ren \u201ezwischen Ihren Zeilen\u201c, damit...","protected":false},"author":2,"featured_media":0,"parent":0,"menu_order":18,"comment_status":"closed","ping_status":"closed","template":"","meta":{"footnotes":""},"class_list":["post-1247","page","type-page","status-publish","hentry"],"yoast_head":"<!-- This site is optimized with the Yoast SEO plugin v27.5 - https:\/\/yoast.com\/product\/yoast-seo-wordpress\/ -->\n<title>\u00dcber Ronsdorf | Ihre Personalagentur in Dresden<\/title>\n<meta name=\"description\" content=\"Unsere erfahrenen PersonalberaterInnen begleiten UnternehmerInnen bei der Besetzung freier Stellen und BewerberInnen bei der Jobsuche.\" \/>\n<meta name=\"robots\" content=\"index, follow, max-snippet:-1, max-image-preview:large, max-video-preview:-1\" \/>\n<link rel=\"canonical\" href=\"https:\/\/www.personalagentur-ronsdorf.de\/en\/ueber-uns\/\" \/>\n<meta property=\"og:locale\" content=\"en_US\" \/>\n<meta property=\"og:type\" content=\"article\" \/>\n<meta property=\"og:title\" content=\"Personalberatung &amp; Vermittlung\" \/>\n<meta property=\"og:description\" content=\"Das Team von Ronsdorf Personal stellt sich vor\" \/>\n<meta property=\"og:url\" content=\"https:\/\/www.personalagentur-ronsdorf.de\/en\/ueber-uns\/\" \/>\n<meta property=\"og:site_name\" content=\"Personalberatung Ronsdorf\" \/>\n<meta property=\"article:modified_time\" content=\"2026-05-04T09:04:50+00:00\" \/>\n<meta property=\"og:image\" content=\"https:\/\/www.personalagentur-ronsdorf.de\/wp-content\/uploads\/2021\/10\/Ronsdorf_FBPostbild_10_Ueber_Uns.jpg\" \/>\n\t<meta property=\"og:image:width\" content=\"1200\" \/>\n\t<meta property=\"og:image:height\" content=\"628\" \/>\n\t<meta property=\"og:image:type\" content=\"image\/jpeg\" \/>\n<meta name=\"twitter:card\" content=\"summary_large_image\" \/>\n<meta name=\"twitter:title\" content=\"Personalberatung &amp; Vermittlung\" \/>\n<meta name=\"twitter:description\" content=\"Das Team von Ronsdorf Personal stellt sich vor\" \/>\n<meta name=\"twitter:image\" content=\"https:\/\/www.personalagentur-ronsdorf.de\/wp-content\/uploads\/2021\/10\/Ronsdorf_TWPostbild_10_Ueber_Uns.jpg\" \/>\n<script type=\"application\/ld+json\" class=\"yoast-schema-graph\">{\"@context\":\"https:\\\/\\\/schema.org\",\"@graph\":[{\"@type\":\"WebPage\",\"@id\":\"https:\\\/\\\/www.personalagentur-ronsdorf.de\\\/ueber-uns\\\/\",\"url\":\"https:\\\/\\\/www.personalagentur-ronsdorf.de\\\/ueber-uns\\\/\",\"name\":\"\u00dcber Ronsdorf | Ihre Personalagentur in Dresden\",\"isPartOf\":{\"@id\":\"https:\\\/\\\/www.personalagentur-ronsdorf.de\\\/#website\"},\"datePublished\":\"2021-03-09T06:10:39+00:00\",\"dateModified\":\"2026-05-04T09:04:50+00:00\",\"description\":\"Unsere erfahrenen PersonalberaterInnen begleiten UnternehmerInnen bei der Besetzung freier Stellen und BewerberInnen bei der Jobsuche.\",\"breadcrumb\":{\"@id\":\"https:\\\/\\\/www.personalagentur-ronsdorf.de\\\/ueber-uns\\\/#breadcrumb\"},\"inLanguage\":\"en-US\",\"potentialAction\":[{\"@type\":\"ReadAction\",\"target\":[\"https:\\\/\\\/www.personalagentur-ronsdorf.de\\\/ueber-uns\\\/\"]}]},{\"@type\":\"BreadcrumbList\",\"@id\":\"https:\\\/\\\/www.personalagentur-ronsdorf.de\\\/ueber-uns\\\/#breadcrumb\",\"itemListElement\":[{\"@type\":\"ListItem\",\"position\":1,\"name\":\"Startseite\",\"item\":\"https:\\\/\\\/www.personalagentur-ronsdorf.de\\\/\"},{\"@type\":\"ListItem\",\"position\":2,\"name\":\"\u00dcber uns\"}]},{\"@type\":\"WebSite\",\"@id\":\"https:\\\/\\\/www.personalagentur-ronsdorf.de\\\/#website\",\"url\":\"https:\\\/\\\/www.personalagentur-ronsdorf.de\\\/\",\"name\":\"Personalberatung Ronsdorf\",\"description\":\"\",\"publisher\":{\"@id\":\"https:\\\/\\\/www.personalagentur-ronsdorf.de\\\/#organization\"},\"potentialAction\":[{\"@type\":\"SearchAction\",\"target\":{\"@type\":\"EntryPoint\",\"urlTemplate\":\"https:\\\/\\\/www.personalagentur-ronsdorf.de\\\/?s={search_term_string}\"},\"query-input\":{\"@type\":\"PropertyValueSpecification\",\"valueRequired\":true,\"valueName\":\"search_term_string\"}}],\"inLanguage\":\"en-US\"},{\"@type\":\"Organization\",\"@id\":\"https:\\\/\\\/www.personalagentur-ronsdorf.de\\\/#organization\",\"name\":\"Ronsdorf \u2013 Personal & Business\",\"url\":\"https:\\\/\\\/www.personalagentur-ronsdorf.de\\\/\",\"logo\":{\"@type\":\"ImageObject\",\"inLanguage\":\"en-US\",\"@id\":\"https:\\\/\\\/www.personalagentur-ronsdorf.de\\\/#\\\/schema\\\/logo\\\/image\\\/\",\"url\":\"https:\\\/\\\/www.personalagentur-ronsdorf.de\\\/wp-content\\\/uploads\\\/2018\\\/12\\\/Logo_endversion.png\",\"contentUrl\":\"https:\\\/\\\/www.personalagentur-ronsdorf.de\\\/wp-content\\\/uploads\\\/2018\\\/12\\\/Logo_endversion.png\",\"width\":163,\"height\":154,\"caption\":\"Ronsdorf \u2013 Personal & Business\"},\"image\":{\"@id\":\"https:\\\/\\\/www.personalagentur-ronsdorf.de\\\/#\\\/schema\\\/logo\\\/image\\\/\"}}]}<\/script>\n<!-- \/ Yoast SEO plugin. -->","yoast_head_json":{"title":"\u00dcber Ronsdorf | Ihre Personalagentur in Dresden","description":"Unsere erfahrenen PersonalberaterInnen begleiten UnternehmerInnen bei der Besetzung freier Stellen und BewerberInnen bei der Jobsuche.","robots":{"index":"index","follow":"follow","max-snippet":"max-snippet:-1","max-image-preview":"max-image-preview:large","max-video-preview":"max-video-preview:-1"},"canonical":"https:\/\/www.personalagentur-ronsdorf.de\/en\/ueber-uns\/","og_locale":"en_US","og_type":"article","og_title":"Personalberatung & Vermittlung","og_description":"Das Team von Ronsdorf Personal stellt sich vor","og_url":"https:\/\/www.personalagentur-ronsdorf.de\/en\/ueber-uns\/","og_site_name":"Personalberatung Ronsdorf","article_modified_time":"2026-05-04T09:04:50+00:00","og_image":[{"width":1200,"height":628,"url":"https:\/\/www.personalagentur-ronsdorf.de\/wp-content\/uploads\/2021\/10\/Ronsdorf_FBPostbild_10_Ueber_Uns.jpg","type":"image\/jpeg"}],"twitter_card":"summary_large_image","twitter_title":"Personalberatung & Vermittlung","twitter_description":"Das Team von Ronsdorf Personal stellt sich vor","twitter_image":"https:\/\/www.personalagentur-ronsdorf.de\/wp-content\/uploads\/2021\/10\/Ronsdorf_TWPostbild_10_Ueber_Uns.jpg","schema":{"@context":"https:\/\/schema.org","@graph":[{"@type":"WebPage","@id":"https:\/\/www.personalagentur-ronsdorf.de\/ueber-uns\/","url":"https:\/\/www.personalagentur-ronsdorf.de\/ueber-uns\/","name":"\u00dcber Ronsdorf | Ihre Personalagentur in Dresden","isPartOf":{"@id":"https:\/\/www.personalagentur-ronsdorf.de\/#website"},"datePublished":"2021-03-09T06:10:39+00:00","dateModified":"2026-05-04T09:04:50+00:00","description":"Unsere erfahrenen PersonalberaterInnen begleiten UnternehmerInnen bei der Besetzung freier Stellen und BewerberInnen bei der Jobsuche.","breadcrumb":{"@id":"https:\/\/www.personalagentur-ronsdorf.de\/ueber-uns\/#breadcrumb"},"inLanguage":"en-US","potentialAction":[{"@type":"ReadAction","target":["https:\/\/www.personalagentur-ronsdorf.de\/ueber-uns\/"]}]},{"@type":"BreadcrumbList","@id":"https:\/\/www.personalagentur-ronsdorf.de\/ueber-uns\/#breadcrumb","itemListElement":[{"@type":"ListItem","position":1,"name":"Startseite","item":"https:\/\/www.personalagentur-ronsdorf.de\/"},{"@type":"ListItem","position":2,"name":"\u00dcber uns"}]},{"@type":"WebSite","@id":"https:\/\/www.personalagentur-ronsdorf.de\/#website","url":"https:\/\/www.personalagentur-ronsdorf.de\/","name":"Personalberatung Ronsdorf","description":"","publisher":{"@id":"https:\/\/www.personalagentur-ronsdorf.de\/#organization"},"potentialAction":[{"@type":"SearchAction","target":{"@type":"EntryPoint","urlTemplate":"https:\/\/www.personalagentur-ronsdorf.de\/?s={search_term_string}"},"query-input":{"@type":"PropertyValueSpecification","valueRequired":true,"valueName":"search_term_string"}}],"inLanguage":"en-US"},{"@type":"Organization","@id":"https:\/\/www.personalagentur-ronsdorf.de\/#organization","name":"Ronsdorf \u2013 Personal & Business","url":"https:\/\/www.personalagentur-ronsdorf.de\/","logo":{"@type":"ImageObject","inLanguage":"en-US","@id":"https:\/\/www.personalagentur-ronsdorf.de\/#\/schema\/logo\/image\/","url":"https:\/\/www.personalagentur-ronsdorf.de\/wp-content\/uploads\/2018\/12\/Logo_endversion.png","contentUrl":"https:\/\/www.personalagentur-ronsdorf.de\/wp-content\/uploads\/2018\/12\/Logo_endversion.png","width":163,"height":154,"caption":"Ronsdorf \u2013 Personal & Business"},"image":{"@id":"https:\/\/www.personalagentur-ronsdorf.de\/#\/schema\/logo\/image\/"}}]}},"_links":{"self":[{"href":"https:\/\/www.personalagentur-ronsdorf.de\/en\/wp-json\/wp\/v2\/pages\/1247","targetHints":{"allow":["GET"]}}],"collection":[{"href":"https:\/\/www.personalagentur-ronsdorf.de\/en\/wp-json\/wp\/v2\/pages"}],"about":[{"href":"https:\/\/www.personalagentur-ronsdorf.de\/en\/wp-json\/wp\/v2\/types\/page"}],"author":[{"embeddable":true,"href":"https:\/\/www.personalagentur-ronsdorf.de\/en\/wp-json\/wp\/v2\/users\/2"}],"replies":[{"embeddable":true,"href":"https:\/\/www.personalagentur-ronsdorf.de\/en\/wp-json\/wp\/v2\/comments?post=1247"}],"version-history":[{"count":50,"href":"https:\/\/www.personalagentur-ronsdorf.de\/en\/wp-json\/wp\/v2\/pages\/1247\/revisions"}],"predecessor-version":[{"id":3770,"href":"https:\/\/www.personalagentur-ronsdorf.de\/en\/wp-json\/wp\/v2\/pages\/1247\/revisions\/3770"}],"wp:attachment":[{"href":"https:\/\/www.personalagentur-ronsdorf.de\/en\/wp-json\/wp\/v2\/media?parent=1247"}],"curies":[{"name":"wp","href":"https:\/\/api.w.org\/{rel}","templated":true}]}}