{"id":1242,"date":"2021-03-03T09:03:10","date_gmt":"2021-03-03T08:03:10","guid":{"rendered":"https:\/\/www.personalagentur-ronsdorf.de\/?page_id=1242"},"modified":"2022-09-15T06:44:20","modified_gmt":"2022-09-15T04:44:20","slug":"zurueck-nach-sachsen","status":"publish","type":"page","link":"https:\/\/www.personalagentur-ronsdorf.de\/en\/zurueck-nach-sachsen\/","title":{"rendered":"Zur\u00fcck nach Sachsen"},"content":{"rendered":"<section class=\"l-section wpb_row height_auto width_full\"><div class=\"l-section-h i-cf\"><div class=\"g-cols vc_row via_flex valign_top type_default stacking_default\"><div class=\"vc_col-sm-12 wpb_column vc_column_container\"><div class=\"vc_column-inner\"><div class=\"wpb_wrapper\">\n\t\t\t<!-- START sachsen_EN REVOLUTION SLIDER 6.7.34 --><p class=\"rs-p-wp-fix\"><\/p>\n\t\t\t<rs-module-wrap id=\"rev_slider_24_1_wrapper\" data-source=\"gallery\" style=\"visibility:hidden;background:transparent;padding:0;margin:0px auto;margin-top:0;margin-bottom:0;\">\n\t\t\t\t<rs-module id=\"rev_slider_24_1\" style=\"\" data-version=\"6.7.34\">\n\t\t\t\t\t<rs-slides style=\"overflow: hidden; position: absolute;\">\n\t\t\t\t\t\t<rs-slide style=\"position: absolute;\" data-key=\"rs-27\" data-title=\"Slide\" data-anim=\"adpr:false;\" data-in=\"o:0;\" data-out=\"a:false;\">\n\t\t\t\t\t\t\t<img decoding=\"async\" src=\"\/\/www.personalagentur-ronsdorf.de\/wp-content\/plugins\/revslider\/sr6\/assets\/assets\/dummy.png\" alt=\"\" title=\"Zur\u00fcck nach Sachsen\" class=\"rev-slidebg tp-rs-img rs-lazyload\" data-lazyload=\"\/\/www.personalagentur-ronsdorf.de\/wp-content\/uploads\/2018\/12\/unternehmensnachfolge-dresden-sachsen.jpg\" data-no-retina>\n<!--\n\t\t\t\t\t\t\t--><rs-layer\n\t\t\t\t\t\t\t\tid=\"slider-24-slide-27-layer-3\" \n\t\t\t\t\t\t\t\tdata-type=\"text\"\n\t\t\t\t\t\t\t\tdata-color=\"#ffffff\"\n\t\t\t\t\t\t\t\tdata-rsp_ch=\"on\"\n\t\t\t\t\t\t\t\tdata-xy=\"x:c;xo:566px;y:c;yo:119px;\"\n\t\t\t\t\t\t\t\tdata-text=\"s:50;l:70;ls:0px;a:center;\"\n\t\t\t\t\t\t\t\tdata-frame_999=\"o:0;st:w;sR:8700;\"\n\t\t\t\t\t\t\t\tstyle=\"z-index:5;font-family:'Kalam';text-shadow:0 0 4px #000;\"\n\t\t\t\t\t\t\t> \n\t\t\t\t\t\t\t<\/rs-layer><!--\n-->\t\t\t\t\t<\/rs-slide>\n\t\t\t\t\t<\/rs-slides>\n\t\t\t\t<\/rs-module>\n\t\t\t\t<script>\n\t\t\t\t\tsetREVStartSize({c: 'rev_slider_24_1',rl:[1240,1024,768,480],el:[626],gw:[1920],gh:[626],type:'standard',justify:'',layout:'fullwidth',mh:\"0\"});if (window.RS_MODULES!==undefined && window.RS_MODULES.modules!==undefined && window.RS_MODULES.modules[\"revslider241\"]!==undefined) {window.RS_MODULES.modules[\"revslider241\"].once = false;window.revapi24 = undefined;if (window.RS_MODULES.checkMinimal!==undefined) window.RS_MODULES.checkMinimal()}\n\t\t\t\t<\/script>\n\t\t\t<\/rs-module-wrap>\n\t\t\t<!-- END REVOLUTION SLIDER -->\n<\/div><\/div><\/div><\/div><\/div><\/section><section class=\"l-section wpb_row us_custom_dfeff4c7 height_auto\"><div class=\"l-section-h i-cf\"><div class=\"g-cols vc_row via_flex valign_top type_default stacking_default\"><div class=\"vc_col-sm-9 wpb_column vc_column_container\"><div class=\"vc_column-inner\"><div class=\"wpb_wrapper\"><h1 style=\"text-align: left\" class=\"vc_custom_heading vc_do_custom_heading us_custom_38096a73\" >Ich m\u00f6chte zur\u00fcck zu meinen \u201aWurzeln\u2018 - nach Sachsen<\/h1><div class=\"wpb_text_column\"><div class=\"wpb_wrapper\"><p><strong>Diese Vorteile haben Sie, wenn Sie uns mit Ihrer Jobsuche in Sachsen beauftragen:<\/strong><\/p>\n<ol>\n<li>Sie arbeiten in Ihrem jetzigen Job weiter und sparen sich die zeitaufw\u00e4ndige Jobsuche.<\/li>\n<li>Sie haben keine Kosten.<\/li>\n<li>Sie bekommen umgehend aktuelle Tipps zu Ihrer <a href=\"https:\/\/k10602.coveto.de\/public\/bewerbung\/\">Bewerbung<\/a>.<\/li>\n<li>UND: Sie erhalten das beste <a href=\"https:\/\/www.personalagentur-ronsdorf.de\/en\/fuer-bewerber\/stellenboerse\/\">Jobangebot<\/a> zuerst, bevor wir es ver\u00f6ffentlichen.<\/li>\n<\/ol>\n<p>Wir freuen uns sehr, wenn wir Sie dabei unterst\u00fctzen k\u00f6nnen.<\/p>\n<\/div><\/div><div class=\"ubtn-ctn-left\"><a class=\"ubtn-link ult-adjust-bottom-margin ubtn-left ubtn-small\" href=\"https:\/\/k10602.coveto.de\/public\/bewerbung\/\" ><button type=\"button\" id=\"ubtn-1435\"  class=\"ubtn ult-adjust-bottom-margin ult-responsive ubtn-small ubtn-fade-bg  ulta-pop  ubtn-shd  ubtn-left  shd-bottom tooltip-69f45840913a2\"  data-hover=\"\" data-border-color=\"\" data-bg=\"#b02a30\" data-hover-bg=\"#af424a\" data-border-hover=\"\" data-shadow-hover=\"0 3px #d8d8d8;\" data-shadow-click=\"\" data-shadow=\"0 1px #e0e0e0;\" data-shd-shadow=\"1\"  data-ultimate-target='#ubtn-1435'  data-responsive-json-new='{\"font-size\":\"desktop:14px;\",\"line-height\":\"\"}'  style=\"font-weight:bold;border:none;box-shadow: 0 1px #e0e0e0;background: #b02a30;color: #ffffff;\"><span class=\"ubtn-hover\" style=\"background-color:#af424a\"><\/span><span class=\"ubtn-data ubtn-text\" >Jetzt online bewerben!<\/span><\/button><\/a><\/div><div class=\"wpb_text_column\"><div class=\"wpb_wrapper\"><p>Wir kennen einige Ihrer guten Gr\u00fcnde, zur\u00fcck nach Sachsen zu kommen. Meistens sind es emotionale Gr\u00fcnde:<\/p>\n<ul>\n<li>Sie sind in Sachsen geboren.<\/li>\n<li>Ihre Eltern und Gro\u00dfeltern leben hier.<\/li>\n<li>Ihre eigenen Kinder wollen \u00f6fter bei Oma und Opa sein.<\/li>\n<li>Sie selbst haben wenig Zeit, sich zu bewerben, da Sie \u00fcber 50 Std\/Woche in Ihrem aktuellen Job arbeiten.<\/li>\n<li>Es gibt hervorragende Angebote zur Kinderbetreuung in Sachsen.<\/li>\n<\/ul>\n<\/div><\/div><div class=\"ubtn-ctn-left\"><a class=\"ubtn-link ult-adjust-bottom-margin ubtn-left ubtn-small\" href=\"https:\/\/www.personalagentur-ronsdorf.de\/en\/fuer-bewerber\/stellenboerse\/\" title=\"Stellenangebote\" ><button type=\"button\" id=\"ubtn-8625\"  class=\"ubtn ult-adjust-bottom-margin ult-responsive ubtn-small ubtn-fade-bg  ulta-pop  ubtn-shd  ubtn-left  shd-bottom tooltip-69f458409151a\"  data-hover=\"\" data-border-color=\"\" data-bg=\"#b02a30\" data-hover-bg=\"#af424a\" data-border-hover=\"\" data-shadow-hover=\"0 3px #d8d8d8;\" data-shadow-click=\"\" data-shadow=\"0 1px #e0e0e0;\" data-shd-shadow=\"1\"  data-ultimate-target='#ubtn-8625'  data-responsive-json-new='{\"font-size\":\"desktop:14px;\",\"line-height\":\"\"}'  style=\"font-weight:bold;border:none;box-shadow: 0 1px #e0e0e0;background: #b02a30;color: #ffffff;\"><span class=\"ubtn-hover\" style=\"background-color:#af424a\"><\/span><span class=\"ubtn-data ubtn-text\" >Aktuelle Stellenangebote in Sachsen<\/span><\/button><\/a><\/div><\/div><\/div><\/div><div class=\"vc_col-sm-3 wpb_column vc_column_container\"><div class=\"vc_column-inner\"><div class=\"wpb_wrapper\"><div class=\"ult-content-box-container\" >\t\t<div class=\"ult-content-box\" style=\"background-color:#b02a30;box-shadow: 2px 3px 3px 2px #bcbcbc none;padding:10%;-webkit-transition: all 700ms ease;-moz-transition: all 700ms ease;-ms-transition: all 700ms ease;-o-transition: all 700ms ease;transition: all 700ms ease;\"  data-hover_box_shadow=\"none\"     data-bg=\"#b02a30\" ><div class=\"wpb_text_column us_custom_6df4bc3a has_text_color\"><div class=\"wpb_wrapper\"><p style=\"text-align: center;\"><b>Jetzt anfragen!<br \/>\n<\/b>Simply send us your contact details. We will get in touch with you shortly.<\/p>\n<\/div><\/div><form class=\"w-form  us-field-style_1 us_custom_053637e0 has_text_color layout_ver for_cform us_form_1\" autocomplete=\"off\" action=\"https:\/\/www.personalagentur-ronsdorf.de\/en\/en\/wp-json\/wp\/v2\/pages\/1242\" method=\"post\" data-trp-original-action=\"https:\/\/www.personalagentur-ronsdorf.de\/en\/en\/wp-json\/wp\/v2\/pages\/1242\"><div class=\"w-form-h\"><div class=\"w-form-row for_text required\">\r\n\t\t<div class=\"w-form-row-field\">\r\n\t\t\t\t\t\t<input aria-label=\"Name\" type=\"text\" name=\"us_form_1_text_1\" value placeholder=\"Name *\" data-required=\"true\" aria-required=\"true\"\/>\r\n\t\t\t<\/div>\r\n\t\t<div class=\"w-form-row-state\">Fill out this field<\/div>\r\n<\/div>\r\n<div class=\"w-form-row for_email required\">\r\n\t\t<div class=\"w-form-row-field\">\r\n\t\t\t\t\t\t<input aria-label=\"E-Mail\" type=\"email\" name=\"us_form_1_email_1\" value placeholder=\"E-Mail *\" data-required=\"true\" aria-required=\"true\"\/>\r\n\t\t\t<\/div>\r\n\t\t<div class=\"w-form-row-state\">Please enter a valid email address.<\/div>\r\n<\/div>\r\n<div class=\"w-form-row for_textarea\">\r\n\t\t<div class=\"w-form-row-field\">\r\n\t\t\t\t\t\t<textarea aria-label=\"Text\" name=\"us_form_1_textarea_1\" placeholder=\"Text\"><\/textarea>\r\n\t\t\t<\/div>\r\n\t\t<div class=\"w-form-row-state\">Fill out this field<\/div>\r\n<\/div>\r\n<div class=\"w-form-row for_agreement required\">\r\n\t\t\t<div class=\"w-form-row-label\">\r\n\t\t\t<span>Security and privacy notice * <span class=\"required\">*<\/span><\/span>\r\n\t\t<\/div>\r\n\t\t<div class=\"w-form-row-field\">\r\n\t\t\t\t<label>\r\n\t\t\t<input type=\"checkbox\" value=\"1\" data-required=\"true\" aria-required=\"true\" name=\"us_form_1_agreement_1\"\/>\r\n\t\t\t<span><\/span>\r\n\t\t<\/label>\r\n\t\t\t<\/div>\r\n\t\t\t<div class=\"w-form-row-description translation-block\">I agree to the storage of my data and accept the<a href=\"\/en\/datenschutz\/\" style=\"color:#999;text-decoration:underline\" target=\"_self\">privacy policy*<\/a>.<\/div>\r\n\t\t<div class=\"w-form-row-state\">You need to agree with the terms to proceed<\/div>\r\n<\/div>\r\n<div class=\"w-form-row for_info\">\r\n\t<p>We will treat your data as strictly confidential and will not pass it on to third parties. You can revoke your consent to storage at any time and request deletion.<\/p>\r\n<\/div>\r\n<div class=\"w-form-row for_captcha required\">\r\n\t<div class=\"w-form-row-label\">\r\n\t\t<span> <span>28 + 15 = ?<\/span><\/span>\r\n\t<\/div>\r\n\t<div class=\"w-form-row-field\">\r\n\t\t\t\t<input type=\"hidden\" name=\"us_form_1_captcha_1_hash\" value=\"34628df0a9790ff2dfeb8943fb20ca43\" \/>\r\n\t\t\t\t<input aria-label=\"us_form_1_captcha_1\" type=\"text\" name=\"us_form_1_captcha_1\" placeholder data-required=\"true\" aria-required=\"true\"\/>\r\n\t\t\t<\/div>\r\n\t\t\t<div class=\"w-form-row-description\">\r\n\t\t\tTo protect against spam, please answer this small math problem.\t\t<\/div>\r\n\t\t<div class=\"w-form-row-state\">Enter the equation result to proceed<\/div>\r\n<\/div>\r\n<input type=\"hidden\" name=\"action\" value=\"us_ajax_cform\" \/>\r\n<input type=\"hidden\" name=\"post_id\" value=\"0\" \/>\r\n<input type=\"hidden\" name=\"form_index\" value=\"1\" \/>\r\n<div class=\"w-form-row for_submit align_center\">\r\n\t<button class=\"w-btn  us-btn-style_4\" aria-label=\"Submit\" type=\"submit\">\r\n\t\t<span class=\"g-preloader type_1\"><\/span>\r\n\t\t\t\t<span class=\"w-btn-label\">Submit<\/span>\r\n\t\t\t<\/button>\r\n\t<\/div>\r\n<\/div><div class=\"w-form-message\"><\/div><div class=\"w-form-json hidden\" onclick='return {&quot;ajaxurl&quot;:&quot;https:\\\/\\\/www.personalagentur-ronsdorf.de\\\/wp-admin\\\/admin-ajax.php&quot;,&quot;messages&quot;:{&quot;err_empty&quot;:&quot;Fill out this field&quot;,&quot;err_size&quot;:&quot;File size cannot exceed %s MB&quot;,&quot;err_extension&quot;:&quot;%s file type is not allowed&quot;,&quot;err_recaptcha_keys&quot;:&quot;reCAPTCHA keys are incorrect&quot;}}'><\/div><input type=\"hidden\" name=\"trp-form-language\" value=\"en\"\/><\/form>\t\t<\/div><\/div><\/div><\/div><\/div><\/div><\/div><\/section><section class=\"l-section wpb_row us_custom_1fbafc34 height_auto\"><div class=\"l-section-h i-cf\"><div class=\"g-cols vc_row via_flex valign_middle type_default stacking_default\"><div class=\"vc_col-sm-6 wpb_column vc_column_container\"><div class=\"vc_column-inner\"><div class=\"wpb_wrapper\"><div class=\"w-image align_none\"><div class=\"w-image-h\"><img decoding=\"async\" width=\"1024\" height=\"681\" src=\"https:\/\/www.personalagentur-ronsdorf.de\/wp-content\/uploads\/2019\/07\/DSC8048be-1024x681.jpg\" class=\"attachment-large size-large\" alt=\"\" loading=\"lazy\" srcset=\"https:\/\/www.personalagentur-ronsdorf.de\/wp-content\/uploads\/2019\/07\/DSC8048be-1024x681.jpg 1024w, https:\/\/www.personalagentur-ronsdorf.de\/wp-content\/uploads\/2019\/07\/DSC8048be-300x200.jpg 300w, https:\/\/www.personalagentur-ronsdorf.de\/wp-content\/uploads\/2019\/07\/DSC8048be-768x511.jpg 768w, https:\/\/www.personalagentur-ronsdorf.de\/wp-content\/uploads\/2019\/07\/DSC8048be-600x400.jpg 600w, https:\/\/www.personalagentur-ronsdorf.de\/wp-content\/uploads\/2019\/07\/DSC8048be-400x266.jpg 400w\" sizes=\"auto, (max-width: 1024px) 100vw, 1024px\" \/><\/div><\/div><div class=\"w-separator size_medium\"><\/div><\/div><\/div><\/div><div class=\"vc_col-sm-6 wpb_column vc_column_container\"><div class=\"vc_column-inner\"><div class=\"wpb_wrapper\"><h3 style=\"text-align: left\" class=\"vc_custom_heading vc_do_custom_heading us_custom_cda6f729\" >Bewerben Sie sich am besten direkt!<\/h3><div class=\"wpb_text_column\"><div class=\"wpb_wrapper\"><p>Hier finden Sie unsere aktuellen Stellenangebote. Sollte derzeit nicht das Passende f\u00fcr Sie dabei sein, z\u00f6gern Sie dennoch nicht, mit uns Kontakt aufzunehmen. Denn unser Netzwerk arbeitet in Sachsen, deutschland- und weltweit.<\/p>\n<\/div><\/div><div class=\"ubtn-ctn-left\"><a class=\"ubtn-link ult-adjust-bottom-margin ubtn-left ubtn-small\" href=\"https:\/\/www.personalagentur-ronsdorf.de\/en\/fuer-bewerber\/stellenboerse\/\" title=\"Stellenangebote\" ><button type=\"button\" id=\"ubtn-9197\"  class=\"ubtn ult-adjust-bottom-margin ult-responsive ubtn-small ubtn-fade-bg  ulta-pop  ubtn-shd  ubtn-left  shd-bottom tooltip-69f4584092b18\"  data-hover=\"\" data-border-color=\"\" data-bg=\"#b02a30\" data-hover-bg=\"#af424a\" data-border-hover=\"\" data-shadow-hover=\"0 3px #d8d8d8;\" data-shadow-click=\"\" data-shadow=\"0 1px #e0e0e0;\" data-shd-shadow=\"1\"  data-ultimate-target='#ubtn-9197'  data-responsive-json-new='{\"font-size\":\"desktop:14px;\",\"line-height\":\"\"}'  style=\"font-weight:bold;border:none;box-shadow: 0 1px #e0e0e0;background: #b02a30;color: #ffffff;\"><span class=\"ubtn-hover\" style=\"background-color:#af424a\"><\/span><span class=\"ubtn-data ubtn-text\" >Offene Stellen in Sachsen<\/span><\/button><\/a><\/div><\/div><\/div><\/div><\/div><\/div><\/section><section class=\"l-section wpb_row us_custom_e8719faf height_medium\"><div class=\"l-section-h i-cf\"><div class=\"g-cols vc_row via_flex valign_top type_default stacking_default\"><div class=\"vc_col-sm-12 wpb_column vc_column_container\"><div class=\"vc_column-inner\"><div class=\"wpb_wrapper\"><div class=\"wpb_text_column\"><div class=\"wpb_wrapper\"><p style=\"text-align: center;\">Find out more here: <a href=\"mailto:mail@personalagentur-dresden.de\">mail@personalagentur-dresden.de<\/a> and <a href=\"tel:+493513151175\">T:+49 351 3151175<\/a><\/p>\n<\/div><\/div><\/div><\/div><\/div><\/div><\/div><\/section>","protected":false},"excerpt":{"rendered":"Ich m\u00f6chte zur\u00fcck zu meinen \u201aWurzeln\u2018 - nach SachsenDiese Vorteile haben Sie, wenn Sie uns mit Ihrer Jobsuche in Sachsen beauftragen: Sie arbeiten in Ihrem jetzigen Job weiter und sparen sich die zeitaufw\u00e4ndige Jobsuche. Sie haben keine Kosten. Sie bekommen umgehend aktuelle Tipps zu Ihrer Bewerbung. UND: Sie erhalten das beste Jobangebot zuerst, bevor wir...","protected":false},"author":2,"featured_media":0,"parent":0,"menu_order":38,"comment_status":"closed","ping_status":"closed","template":"","meta":{"footnotes":""},"class_list":["post-1242","page","type-page","status-publish","hentry"],"yoast_head":"<!-- This site is optimized with the Yoast SEO plugin v27.5 - https:\/\/yoast.com\/product\/yoast-seo-wordpress\/ -->\n<title>Jobs in Sachsen - Zur\u00fcck nach Sachsen | Ronsdorf Personal<\/title>\n<meta name=\"description\" content=\"Zur\u00fcck zu den Wurzeln? Wir unterst\u00fctzen Sie bei der Jobsuche in Sachsen. Jetzt pers\u00f6nlich beraten lassen &amp; aktuelle Stellenangebote sichten.\" \/>\n<meta name=\"robots\" content=\"index, follow, max-snippet:-1, max-image-preview:large, max-video-preview:-1\" \/>\n<link rel=\"canonical\" href=\"https:\/\/www.personalagentur-ronsdorf.de\/en\/vakanzen__trashed\/zurueck-nach-sachsen\/\" \/>\n<meta property=\"og:locale\" content=\"en_US\" \/>\n<meta property=\"og:type\" content=\"article\" \/>\n<meta property=\"og:title\" content=\"Traumjobs in Sachsen\" \/>\n<meta property=\"og:description\" content=\"Jetzt bewerben!\" \/>\n<meta property=\"og:url\" content=\"https:\/\/www.personalagentur-ronsdorf.de\/en\/vakanzen__trashed\/zurueck-nach-sachsen\/\" \/>\n<meta property=\"og:site_name\" content=\"Personalberatung Ronsdorf\" \/>\n<meta property=\"article:modified_time\" content=\"2022-09-15T04:44:20+00:00\" \/>\n<meta property=\"og:image\" content=\"https:\/\/www.personalagentur-ronsdorf.de\/wp-content\/uploads\/2021\/10\/Ronsdorf_FBPostbild_9_zurueck_nach_Sachsen.jpg\" \/>\n\t<meta property=\"og:image:width\" content=\"1200\" \/>\n\t<meta property=\"og:image:height\" content=\"628\" \/>\n\t<meta property=\"og:image:type\" content=\"image\/jpeg\" \/>\n<meta name=\"twitter:card\" content=\"summary_large_image\" \/>\n<meta name=\"twitter:title\" content=\"Traumjobs in Sachsen\" \/>\n<meta name=\"twitter:description\" content=\"Jetzt bewerben!\" \/>\n<meta name=\"twitter:image\" content=\"https:\/\/www.personalagentur-ronsdorf.de\/wp-content\/uploads\/2021\/10\/Ronsdorf_TWPostbild_9_zurueck_nach_Sachsen.jpg\" \/>\n<script type=\"application\/ld+json\" class=\"yoast-schema-graph\">{\"@context\":\"https:\\\/\\\/schema.org\",\"@graph\":[{\"@type\":\"WebPage\",\"@id\":\"https:\\\/\\\/www.personalagentur-ronsdorf.de\\\/vakanzen__trashed\\\/zurueck-nach-sachsen\\\/\",\"url\":\"https:\\\/\\\/www.personalagentur-ronsdorf.de\\\/vakanzen__trashed\\\/zurueck-nach-sachsen\\\/\",\"name\":\"Jobs in Sachsen - Zur\u00fcck nach Sachsen | Ronsdorf Personal\",\"isPartOf\":{\"@id\":\"https:\\\/\\\/www.personalagentur-ronsdorf.de\\\/#website\"},\"datePublished\":\"2021-03-03T08:03:10+00:00\",\"dateModified\":\"2022-09-15T04:44:20+00:00\",\"description\":\"Zur\u00fcck zu den Wurzeln? Wir unterst\u00fctzen Sie bei der Jobsuche in Sachsen. Jetzt pers\u00f6nlich beraten lassen & aktuelle Stellenangebote sichten.\",\"breadcrumb\":{\"@id\":\"https:\\\/\\\/www.personalagentur-ronsdorf.de\\\/vakanzen__trashed\\\/zurueck-nach-sachsen\\\/#breadcrumb\"},\"inLanguage\":\"en-US\",\"potentialAction\":[{\"@type\":\"ReadAction\",\"target\":[\"https:\\\/\\\/www.personalagentur-ronsdorf.de\\\/vakanzen__trashed\\\/zurueck-nach-sachsen\\\/\"]}]},{\"@type\":\"BreadcrumbList\",\"@id\":\"https:\\\/\\\/www.personalagentur-ronsdorf.de\\\/vakanzen__trashed\\\/zurueck-nach-sachsen\\\/#breadcrumb\",\"itemListElement\":[{\"@type\":\"ListItem\",\"position\":1,\"name\":\"Startseite\",\"item\":\"https:\\\/\\\/www.personalagentur-ronsdorf.de\\\/\"},{\"@type\":\"ListItem\",\"position\":2,\"name\":\"Zur\u00fcck nach Sachsen\"}]},{\"@type\":\"WebSite\",\"@id\":\"https:\\\/\\\/www.personalagentur-ronsdorf.de\\\/#website\",\"url\":\"https:\\\/\\\/www.personalagentur-ronsdorf.de\\\/\",\"name\":\"Personalberatung Ronsdorf\",\"description\":\"\",\"publisher\":{\"@id\":\"https:\\\/\\\/www.personalagentur-ronsdorf.de\\\/#organization\"},\"potentialAction\":[{\"@type\":\"SearchAction\",\"target\":{\"@type\":\"EntryPoint\",\"urlTemplate\":\"https:\\\/\\\/www.personalagentur-ronsdorf.de\\\/?s={search_term_string}\"},\"query-input\":{\"@type\":\"PropertyValueSpecification\",\"valueRequired\":true,\"valueName\":\"search_term_string\"}}],\"inLanguage\":\"en-US\"},{\"@type\":\"Organization\",\"@id\":\"https:\\\/\\\/www.personalagentur-ronsdorf.de\\\/#organization\",\"name\":\"Ronsdorf \u2013 Personal & Business\",\"url\":\"https:\\\/\\\/www.personalagentur-ronsdorf.de\\\/\",\"logo\":{\"@type\":\"ImageObject\",\"inLanguage\":\"en-US\",\"@id\":\"https:\\\/\\\/www.personalagentur-ronsdorf.de\\\/#\\\/schema\\\/logo\\\/image\\\/\",\"url\":\"https:\\\/\\\/www.personalagentur-ronsdorf.de\\\/wp-content\\\/uploads\\\/2018\\\/12\\\/Logo_endversion.png\",\"contentUrl\":\"https:\\\/\\\/www.personalagentur-ronsdorf.de\\\/wp-content\\\/uploads\\\/2018\\\/12\\\/Logo_endversion.png\",\"width\":163,\"height\":154,\"caption\":\"Ronsdorf \u2013 Personal & Business\"},\"image\":{\"@id\":\"https:\\\/\\\/www.personalagentur-ronsdorf.de\\\/#\\\/schema\\\/logo\\\/image\\\/\"}}]}<\/script>\n<!-- \/ Yoast SEO plugin. -->","yoast_head_json":{"title":"Jobs in Sachsen - Zur\u00fcck nach Sachsen | Ronsdorf Personal","description":"Zur\u00fcck zu den Wurzeln? Wir unterst\u00fctzen Sie bei der Jobsuche in Sachsen. Jetzt pers\u00f6nlich beraten lassen & aktuelle Stellenangebote sichten.","robots":{"index":"index","follow":"follow","max-snippet":"max-snippet:-1","max-image-preview":"max-image-preview:large","max-video-preview":"max-video-preview:-1"},"canonical":"https:\/\/www.personalagentur-ronsdorf.de\/en\/vakanzen__trashed\/zurueck-nach-sachsen\/","og_locale":"en_US","og_type":"article","og_title":"Traumjobs in Sachsen","og_description":"Jetzt bewerben!","og_url":"https:\/\/www.personalagentur-ronsdorf.de\/en\/vakanzen__trashed\/zurueck-nach-sachsen\/","og_site_name":"Personalberatung Ronsdorf","article_modified_time":"2022-09-15T04:44:20+00:00","og_image":[{"width":1200,"height":628,"url":"https:\/\/www.personalagentur-ronsdorf.de\/wp-content\/uploads\/2021\/10\/Ronsdorf_FBPostbild_9_zurueck_nach_Sachsen.jpg","type":"image\/jpeg"}],"twitter_card":"summary_large_image","twitter_title":"Traumjobs in Sachsen","twitter_description":"Jetzt bewerben!","twitter_image":"https:\/\/www.personalagentur-ronsdorf.de\/wp-content\/uploads\/2021\/10\/Ronsdorf_TWPostbild_9_zurueck_nach_Sachsen.jpg","schema":{"@context":"https:\/\/schema.org","@graph":[{"@type":"WebPage","@id":"https:\/\/www.personalagentur-ronsdorf.de\/vakanzen__trashed\/zurueck-nach-sachsen\/","url":"https:\/\/www.personalagentur-ronsdorf.de\/vakanzen__trashed\/zurueck-nach-sachsen\/","name":"Jobs in Sachsen - Zur\u00fcck nach Sachsen | Ronsdorf Personal","isPartOf":{"@id":"https:\/\/www.personalagentur-ronsdorf.de\/#website"},"datePublished":"2021-03-03T08:03:10+00:00","dateModified":"2022-09-15T04:44:20+00:00","description":"Zur\u00fcck zu den Wurzeln? Wir unterst\u00fctzen Sie bei der Jobsuche in Sachsen. Jetzt pers\u00f6nlich beraten lassen & aktuelle Stellenangebote sichten.","breadcrumb":{"@id":"https:\/\/www.personalagentur-ronsdorf.de\/vakanzen__trashed\/zurueck-nach-sachsen\/#breadcrumb"},"inLanguage":"en-US","potentialAction":[{"@type":"ReadAction","target":["https:\/\/www.personalagentur-ronsdorf.de\/vakanzen__trashed\/zurueck-nach-sachsen\/"]}]},{"@type":"BreadcrumbList","@id":"https:\/\/www.personalagentur-ronsdorf.de\/vakanzen__trashed\/zurueck-nach-sachsen\/#breadcrumb","itemListElement":[{"@type":"ListItem","position":1,"name":"Startseite","item":"https:\/\/www.personalagentur-ronsdorf.de\/"},{"@type":"ListItem","position":2,"name":"Zur\u00fcck nach Sachsen"}]},{"@type":"WebSite","@id":"https:\/\/www.personalagentur-ronsdorf.de\/#website","url":"https:\/\/www.personalagentur-ronsdorf.de\/","name":"Personalberatung Ronsdorf","description":"","publisher":{"@id":"https:\/\/www.personalagentur-ronsdorf.de\/#organization"},"potentialAction":[{"@type":"SearchAction","target":{"@type":"EntryPoint","urlTemplate":"https:\/\/www.personalagentur-ronsdorf.de\/?s={search_term_string}"},"query-input":{"@type":"PropertyValueSpecification","valueRequired":true,"valueName":"search_term_string"}}],"inLanguage":"en-US"},{"@type":"Organization","@id":"https:\/\/www.personalagentur-ronsdorf.de\/#organization","name":"Ronsdorf \u2013 Personal & Business","url":"https:\/\/www.personalagentur-ronsdorf.de\/","logo":{"@type":"ImageObject","inLanguage":"en-US","@id":"https:\/\/www.personalagentur-ronsdorf.de\/#\/schema\/logo\/image\/","url":"https:\/\/www.personalagentur-ronsdorf.de\/wp-content\/uploads\/2018\/12\/Logo_endversion.png","contentUrl":"https:\/\/www.personalagentur-ronsdorf.de\/wp-content\/uploads\/2018\/12\/Logo_endversion.png","width":163,"height":154,"caption":"Ronsdorf \u2013 Personal & Business"},"image":{"@id":"https:\/\/www.personalagentur-ronsdorf.de\/#\/schema\/logo\/image\/"}}]}},"_links":{"self":[{"href":"https:\/\/www.personalagentur-ronsdorf.de\/en\/wp-json\/wp\/v2\/pages\/1242","targetHints":{"allow":["GET"]}}],"collection":[{"href":"https:\/\/www.personalagentur-ronsdorf.de\/en\/wp-json\/wp\/v2\/pages"}],"about":[{"href":"https:\/\/www.personalagentur-ronsdorf.de\/en\/wp-json\/wp\/v2\/types\/page"}],"author":[{"embeddable":true,"href":"https:\/\/www.personalagentur-ronsdorf.de\/en\/wp-json\/wp\/v2\/users\/2"}],"replies":[{"embeddable":true,"href":"https:\/\/www.personalagentur-ronsdorf.de\/en\/wp-json\/wp\/v2\/comments?post=1242"}],"version-history":[{"count":16,"href":"https:\/\/www.personalagentur-ronsdorf.de\/en\/wp-json\/wp\/v2\/pages\/1242\/revisions"}],"predecessor-version":[{"id":2061,"href":"https:\/\/www.personalagentur-ronsdorf.de\/en\/wp-json\/wp\/v2\/pages\/1242\/revisions\/2061"}],"wp:attachment":[{"href":"https:\/\/www.personalagentur-ronsdorf.de\/en\/wp-json\/wp\/v2\/media?parent=1242"}],"curies":[{"name":"wp","href":"https:\/\/api.w.org\/{rel}","templated":true}]}}