{"id":1176,"date":"2021-02-18T10:29:32","date_gmt":"2021-02-18T09:29:32","guid":{"rendered":"https:\/\/www.personalagentur-ronsdorf.de\/?page_id=1176"},"modified":"2025-02-04T13:36:35","modified_gmt":"2025-02-04T12:36:35","slug":"hr-services","status":"publish","type":"page","link":"https:\/\/www.personalagentur-ronsdorf.de\/en\/fuer-unternehmen\/hr-services\/","title":{"rendered":"HR Services"},"content":{"rendered":"<section class=\"l-section wpb_row height_auto width_full\"><div class=\"l-section-h i-cf\"><div class=\"g-cols vc_row via_flex valign_top type_default stacking_default\"><div class=\"vc_col-sm-12 wpb_column vc_column_container\"><div class=\"vc_column-inner\"><div class=\"wpb_wrapper\">\n\t\t\t<!-- START HR Outsourcing 2108 REVOLUTION SLIDER 6.7.34 --><p class=\"rs-p-wp-fix\"><\/p>\n\t\t\t<rs-module-wrap id=\"rev_slider_28_1_wrapper\" data-source=\"gallery\" style=\"visibility:hidden;background:transparent;padding:0;margin:0px auto;margin-top:0;margin-bottom:0;\">\n\t\t\t\t<rs-module id=\"rev_slider_28_1\" style=\"\" data-version=\"6.7.34\">\n\t\t\t\t\t<rs-slides style=\"overflow: hidden; position: absolute;\">\n\t\t\t\t\t\t<rs-slide style=\"position: absolute;\" data-key=\"rs-31\" data-title=\"Slide\" data-anim=\"adpr:false;ms:600;\" data-in=\"o:0;\" data-out=\"a:false;\">\n\t\t\t\t\t\t\t<img decoding=\"async\" src=\"\/\/www.personalagentur-ronsdorf.de\/wp-content\/plugins\/revslider\/sr6\/assets\/assets\/dummy.png\" alt=\"\" title=\"Headerbild_5_alle_Thema_Unternehmen\" width=\"1920\" height=\"960\" class=\"rev-slidebg tp-rs-img rs-lazyload\" data-lazyload=\"\/\/www.personalagentur-ronsdorf.de\/wp-content\/uploads\/2021\/08\/Headerbild_5_alle_Thema_Unternehmen.jpg\" data-no-retina>\n<!--\n\t\t\t\t\t\t\t--><rs-layer\n\t\t\t\t\t\t\t\tid=\"slider-28-slide-31-layer-0\" \n\t\t\t\t\t\t\t\tdata-type=\"image\"\n\t\t\t\t\t\t\t\tdata-rsp_ch=\"on\"\n\t\t\t\t\t\t\t\tdata-xy=\"x:7px;y:b;yo:-386px;\"\n\t\t\t\t\t\t\t\tdata-text=\"w:normal;\"\n\t\t\t\t\t\t\t\tdata-dim=\"w:1950px;h:1463px;\"\n\t\t\t\t\t\t\t\tdata-frame_999=\"o:0;st:w;\"\n\t\t\t\t\t\t\t\tstyle=\"z-index:6;\"\n\t\t\t\t\t\t\t><img decoding=\"async\" src=\"\/\/www.personalagentur-ronsdorf.de\/wp-content\/plugins\/revslider\/sr6\/assets\/assets\/dummy.png\" alt=\"\" class=\"tp-rs-img rs-lazyload\" width=\"640\" height=\"480\" data-lazyload=\"\/\/www.personalagentur-ronsdorf.de\/wp-content\/uploads\/2025\/11\/Dubai.jpg\" data-no-retina> \n\t\t\t\t\t\t\t<\/rs-layer><!--\n\n\t\t\t\t\t\t\t--><rs-layer\n\t\t\t\t\t\t\t\tid=\"slider-28-slide-31-layer-3\" \n\t\t\t\t\t\t\t\tdata-type=\"text\"\n\t\t\t\t\t\t\t\tdata-color=\"#ffffff\"\n\t\t\t\t\t\t\t\tdata-rsp_ch=\"on\"\n\t\t\t\t\t\t\t\tdata-xy=\"x:c;xo:567px;y:c;yo:118px;\"\n\t\t\t\t\t\t\t\tdata-text=\"s:50;l:44;ls:0px;a:center;\"\n\t\t\t\t\t\t\t\tdata-frame_999=\"o:0;st:w;sR:8700;\"\n\t\t\t\t\t\t\t\tstyle=\"z-index:5;font-family:'Kalam';text-shadow:0 0 4px #000;\"\n\t\t\t\t\t\t\t> \n\t\t\t\t\t\t\t<\/rs-layer><!--\n-->\t\t\t\t\t<\/rs-slide>\n\t\t\t\t\t<\/rs-slides>\n\t\t\t\t<\/rs-module>\n\t\t\t\t<script>\n\t\t\t\t\tsetREVStartSize({c: 'rev_slider_28_1',rl:[1240,1024,768,480],el:[626],gw:[1920],gh:[626],type:'standard',justify:'',layout:'fullwidth',mh:\"0\"});if (window.RS_MODULES!==undefined && window.RS_MODULES.modules!==undefined && window.RS_MODULES.modules[\"revslider281\"]!==undefined) {window.RS_MODULES.modules[\"revslider281\"].once = false;window.revapi28 = undefined;if (window.RS_MODULES.checkMinimal!==undefined) window.RS_MODULES.checkMinimal()}\n\t\t\t\t<\/script>\n\t\t\t<\/rs-module-wrap>\n\t\t\t<!-- END REVOLUTION SLIDER -->\n<\/div><\/div><\/div><\/div><\/div><\/section><section class=\"l-section wpb_row us_custom_dfeff4c7 height_auto\"><div class=\"l-section-h i-cf\"><div class=\"g-cols vc_row via_flex valign_top type_default stacking_default\"><div class=\"vc_col-sm-12 wpb_column vc_column_container\"><div class=\"vc_column-inner\"><div class=\"wpb_wrapper\"><h1 style=\"text-align: left\" class=\"vc_custom_heading vc_do_custom_heading us_custom_5fb5abd6\" >HR Outsourcing - We are your HR department<\/h1><div class=\"wpb_text_column\"><div class=\"wpb_wrapper\"><p>We take over your tasks in the human resources department.\u00a0<strong>When is it worthwhile for your company to delegate certain HR tasks?<\/strong> Here are selected examples:<\/p>\n<ul>\n<li>As an entrepreneur, you handle all personnel tasks yourself.<\/li>\n<li>Your HR department is overloaded \u2013 e.g. due to illness of your employees, etc.<\/li>\n<li>Your company has different locations \u2013 domestically and\/or abroad.<\/li>\n<li>Your company is too small for its own HR employee.<\/li>\n<li>You are looking for an interim solution until the new employee joins the staff.<\/li>\n<\/ul>\n<\/div><\/div><div class=\"ubtn-ctn-left\"><a class=\"ubtn-link ult-adjust-bottom-margin ubtn-left ubtn-small\" href=\"https:\/\/www.personalagentur-ronsdorf.de\/en\/kontakt\/\" ><button type=\"button\" id=\"ubtn-2716\"  class=\"ubtn ult-adjust-bottom-margin ult-responsive ubtn-small ubtn-fade-bg  ulta-pop  ubtn-shd  ubtn-left  shd-bottom tooltip-69f3f4518fa55\"  data-hover=\"\" data-border-color=\"\" data-bg=\"#b32d33\" data-hover-bg=\"#af424a\" data-border-hover=\"\" data-shadow-hover=\"0 3px #d8d8d8;\" data-shadow-click=\"\" data-shadow=\"0 1px #e0e0e0;\" data-shd-shadow=\"1\"  data-ultimate-target='#ubtn-2716'  data-responsive-json-new='{\"font-size\":\"desktop:14px;\",\"line-height\":\"\"}'  style=\"font-weight:bold;border:none;box-shadow: 0 1px #e0e0e0;background: #b32d33;color: #ffffff;\"><span class=\"ubtn-hover\" style=\"background-color:#af424a\"><\/span><span class=\"ubtn-data ubtn-text\" >Book your free HR Outsource consultation now!<\/span><\/button><\/a><\/div><div class=\"w-separator size_small\"><\/div><h2 style=\"text-align: left\" class=\"vc_custom_heading vc_do_custom_heading us_custom_4076faf9\" >Human resources work is always a matter of trust!<\/h2><div class=\"wpb_text_column\"><div class=\"wpb_wrapper\"><p>That\u2019s why we get to know each other PERSONALLY beforehand, preferably via Zoom or Skype.<\/p>\n<p><strong>You may delegate these tasks to us:<\/strong><\/p>\n<ul>\n<li>employee search\/recruitment<\/li>\n<li>personnel planning<\/li>\n<li>Strengthening the employer brand \/ HR marketing<\/li>\n<li>planning and organization of personnel development measures<\/li>\n<li>organization of team events<\/li>\n<li>Support with onboarding processes and employee support<\/li>\n<li>Administrative activities (time recording, vacation planning, key figure reporting, etc.)<\/li>\n<\/ul>\n<p class=\"translation-block\">Further tasks can be carried out on request if required \u2013 also entirely in English. As part of the <strong><a href=\"https:\/\/ipter.net\/\" target=\"_blank\" rel=\"noopener\">International Partner Team of Executive Recruiters (IPTER)<\/a><\/strong> we can provide you with comprehensive support.<\/p>\n<\/div><\/div><div class=\"ubtn-ctn-left\"><a class=\"ubtn-link ult-adjust-bottom-margin ubtn-left ubtn-small\" href=\"https:\/\/ipter.net\/\" target=\"_blank\" rel=\"noopener\" ><button type=\"button\" id=\"ubtn-8770\"  class=\"ubtn ult-adjust-bottom-margin ult-responsive ubtn-small ubtn-fade-bg  ulta-pop  ubtn-shd  ubtn-left  shd-bottom tooltip-69f3f4518ff12\"  data-hover=\"\" data-border-color=\"\" data-bg=\"#b32d33\" data-hover-bg=\"#af424a\" data-border-hover=\"\" data-shadow-hover=\"0 3px #d8d8d8;\" data-shadow-click=\"\" data-shadow=\"0 1px #e0e0e0;\" data-shd-shadow=\"1\"  data-ultimate-target='#ubtn-8770'  data-responsive-json-new='{\"font-size\":\"desktop:14px;\",\"line-height\":\"\"}'  style=\"font-weight:bold;border:none;box-shadow: 0 1px #e0e0e0;background: #b32d33;color: #ffffff;\"><span class=\"ubtn-hover\" style=\"background-color:#af424a\"><\/span><span class=\"ubtn-data ubtn-text\" >We speak English fluently - Find out more!<\/span><\/button><\/a><\/div><\/div><\/div><\/div><\/div><\/div><\/section><section class=\"l-section wpb_row us_custom_1fbafc34 height_auto\"><div class=\"l-section-h i-cf\"><div class=\"g-cols vc_row via_flex valign_middle type_default stacking_default\"><div class=\"vc_col-sm-6 wpb_column vc_column_container\"><div class=\"vc_column-inner\"><div class=\"wpb_wrapper\"><div class=\"w-image has_ratio align_none\"><div class=\"w-image-h\"><div style=\"padding-bottom:133.3333%\"><\/div><img decoding=\"async\" width=\"545\" height=\"720\" src=\"https:\/\/www.personalagentur-ronsdorf.de\/wp-content\/uploads\/2021\/02\/hroutsource_ronsdorf.png\" class=\"attachment-large size-large\" alt=\"\" loading=\"lazy\" \/><\/div><\/div><\/div><\/div><\/div><div class=\"vc_col-sm-6 wpb_column vc_column_container\"><div class=\"vc_column-inner\"><div class=\"wpb_wrapper\"><h3 style=\"text-align: left\" class=\"vc_custom_heading vc_do_custom_heading us_custom_4076faf9\" >Your benefits<\/h3><div class=\"wpb_text_column\"><div class=\"wpb_wrapper\"><ul>\n<li>You can concentrate on important core tasks in the human resources area.<\/li>\n<li>We support you when you actually need it and only charge for our services when you do.<\/li>\n<li>In the event of short-term staff shortages in the HR area, we can ensure the smooth running of personnel management by temporarily taking over tasks.<\/li>\n<\/ul>\n<\/div><\/div><h3 style=\"text-align: left\" class=\"vc_custom_heading vc_do_custom_heading us_custom_4076faf9\" >HR Outsourcing - Why with Ronsdorf Personal?<\/h3><div class=\"wpb_text_column\"><div class=\"wpb_wrapper\"><p>Our customers can rely on a trusting collaboration. This is what the Director Europe of a listed, international company for measuring instruments in semiconductor manufacturing says about us:<\/p>\n<blockquote>\n<p class=\"translation-block\">We work with Ronsdorf \u2013 Personal &amp; Business in the area of \u200b\u200b<strong>HR Outsource<\/strong> and what we value most is that we and <strong>all employees<\/strong> <strong>in Europe<\/strong> have a permanent contact person for our HR questions, locally and internationally as far away as Israel.\"<\/p>\n<\/blockquote>\n<\/div><\/div><\/div><\/div><\/div><\/div><\/div><\/section><section class=\"l-section wpb_row us_custom_e8719faf height_medium\"><div class=\"l-section-h i-cf\"><div class=\"g-cols vc_row via_flex valign_top type_default stacking_default\"><div class=\"vc_col-sm-12 wpb_column vc_column_container\"><div class=\"vc_column-inner\"><div class=\"wpb_wrapper\"><div class=\"wpb_text_column\"><div class=\"wpb_wrapper\"><p style=\"text-align: center;\" class=\"translation-block\">That sounds good. I would like to get to know RONSDORF \u2013 Human Resources.<br>\n<a href=\"https:\/\/www.personalagentur-ronsdorf.de\/en\/kontakt\/\" target=\"_self\">Arrange a personal appointment now!<\/a><br>\n<a href=\"tel:+493513151175\" target=\"_self\">Call us: 0049351-3151175<\/a><\/p>\n<\/div><\/div><\/div><\/div><\/div><\/div><\/div><\/section><section class=\"l-section wpb_row height_medium\"><div class=\"l-section-h i-cf\"><div class=\"g-cols vc_row via_flex valign_top type_default stacking_default\"><div class=\"vc_col-sm-12 wpb_column vc_column_container\"><div class=\"vc_column-inner\"><div class=\"wpb_wrapper\"><div class=\"ult-content-box-container\" >\t\t<div class=\"ult-content-box\" style=\"background-color:#ffffff;box-shadow: 2px 3px 3px 2px #bcbcbc none;-webkit-transition: all 700ms ease;-moz-transition: all 700ms ease;-ms-transition: all 700ms ease;-o-transition: all 700ms ease;transition: all 700ms ease;\"  data-hover_box_shadow=\"none\"     data-bg=\"#ffffff\" ><div class=\"wpb_text_column\"><div class=\"wpb_wrapper\"><h3 class=\"translation-block\">Now <a id=\"kontakt\" target=\"_self\"><\/a><span style=\"color: #b02a30\">inquire!<\/span><\/h3>\n<p>Simply send us your contact details. We will get in touch with you shortly.<\/p>\n<\/div><\/div><form class=\"w-form  us-field-style_1 us_custom_1629d12c has_text_color layout_ver for_cform us_form_1\" autocomplete=\"off\" action=\"https:\/\/www.personalagentur-ronsdorf.de\/en\/en\/wp-json\/wp\/v2\/pages\/1176\" method=\"post\" data-trp-original-action=\"https:\/\/www.personalagentur-ronsdorf.de\/en\/en\/wp-json\/wp\/v2\/pages\/1176\"><div class=\"w-form-h\"><div class=\"w-form-row for_text required\">\r\n\t\t<div class=\"w-form-row-field\">\r\n\t\t\t\t\t\t<input aria-label=\"Name\" type=\"text\" name=\"us_form_1_text_1\" value placeholder=\"Name *\" data-required=\"true\" aria-required=\"true\"\/>\r\n\t\t\t<\/div>\r\n\t\t<div class=\"w-form-row-state\">Fill out this field<\/div>\r\n<\/div>\r\n<div class=\"w-form-row for_email required\">\r\n\t\t<div class=\"w-form-row-field\">\r\n\t\t\t\t\t\t<input aria-label=\"E-Mail\" type=\"email\" name=\"us_form_1_email_1\" value placeholder=\"E-Mail *\" data-required=\"true\" aria-required=\"true\"\/>\r\n\t\t\t<\/div>\r\n\t\t<div class=\"w-form-row-state\">Please enter a valid email address.<\/div>\r\n<\/div>\r\n<div class=\"w-form-row for_textarea\">\r\n\t\t<div class=\"w-form-row-field\">\r\n\t\t\t\t\t\t<textarea aria-label=\"Text\" name=\"us_form_1_textarea_1\" placeholder=\"Text\"><\/textarea>\r\n\t\t\t<\/div>\r\n\t\t<div class=\"w-form-row-state\">Fill out this field<\/div>\r\n<\/div>\r\n<div class=\"w-form-row for_agreement required\">\r\n\t\t\t<div class=\"w-form-row-label\">\r\n\t\t\t<span>Security and privacy notice * <span class=\"required\">*<\/span><\/span>\r\n\t\t<\/div>\r\n\t\t<div class=\"w-form-row-field\">\r\n\t\t\t\t<label>\r\n\t\t\t<input type=\"checkbox\" value=\"1\" data-required=\"true\" aria-required=\"true\" name=\"us_form_1_agreement_1\"\/>\r\n\t\t\t<span><\/span>\r\n\t\t<\/label>\r\n\t\t\t<\/div>\r\n\t\t\t<div class=\"w-form-row-description translation-block\">I agree to the storage of my data and accept the<a href=\"\/en\/datenschutz\/\" style=\"color:#999;text-decoration:underline\" target=\"_self\">privacy policy*<\/a>.<\/div>\r\n\t\t<div class=\"w-form-row-state\">You need to agree with the terms to proceed<\/div>\r\n<\/div>\r\n<div class=\"w-form-row for_info\">\r\n\t<p>We will treat your data as strictly confidential and will not pass it on to third parties. You can revoke your consent to storage at any time and request deletion.<\/p>\r\n<\/div>\r\n<div class=\"w-form-row for_captcha required\">\r\n\t<div class=\"w-form-row-label\">\r\n\t\t<span> <span>17 + 15 = ?<\/span><\/span>\r\n\t<\/div>\r\n\t<div class=\"w-form-row-field\">\r\n\t\t\t\t<input type=\"hidden\" name=\"us_form_1_captcha_1_hash\" value=\"822153ebcb168c7bd199f61e7af3f1be\" \/>\r\n\t\t\t\t<input aria-label=\"us_form_1_captcha_1\" type=\"text\" name=\"us_form_1_captcha_1\" placeholder data-required=\"true\" aria-required=\"true\"\/>\r\n\t\t\t<\/div>\r\n\t\t\t<div class=\"w-form-row-description\">\r\n\t\t\tTo protect against spam, please answer this small math problem.\t\t<\/div>\r\n\t\t<div class=\"w-form-row-state\">Enter the equation result to proceed<\/div>\r\n<\/div>\r\n<input type=\"hidden\" name=\"action\" value=\"us_ajax_cform\" \/>\r\n<input type=\"hidden\" name=\"post_id\" value=\"0\" \/>\r\n<input type=\"hidden\" name=\"form_index\" value=\"1\" \/>\r\n<div class=\"w-form-row for_submit align_center\">\r\n\t<button class=\"w-btn  us-btn-style_4\" aria-label=\"Submit\" type=\"submit\">\r\n\t\t<span class=\"g-preloader type_1\"><\/span>\r\n\t\t\t\t<span class=\"w-btn-label\">Submit<\/span>\r\n\t\t\t<\/button>\r\n\t<\/div>\r\n<\/div><div class=\"w-form-message\"><\/div><div class=\"w-form-json hidden\" onclick='return {&quot;ajaxurl&quot;:&quot;https:\\\/\\\/www.personalagentur-ronsdorf.de\\\/wp-admin\\\/admin-ajax.php&quot;,&quot;messages&quot;:{&quot;err_empty&quot;:&quot;Fill out this field&quot;,&quot;err_size&quot;:&quot;File size cannot exceed %s MB&quot;,&quot;err_extension&quot;:&quot;%s file type is not allowed&quot;,&quot;err_recaptcha_keys&quot;:&quot;reCAPTCHA keys are incorrect&quot;}}'><\/div><input type=\"hidden\" name=\"trp-form-language\" value=\"en\"\/><\/form>\t\t<\/div><\/div><\/div><\/div><\/div><\/div><\/div><\/section><!-- Row Backgrounds --><div class=\"upb_color\" data-bg-override=\"0\" data-bg-color=\"\" data-fadeout=\"\" data-fadeout-percentage=\"30\" data-parallax-content=\"\" data-parallax-content-sense=\"30\" data-row-effect-mobile-disable=\"true\" data-img-parallax-mobile-disable=\"true\" data-rtl=\"false\"  data-custom-vc-row=\"\"  data-vc=\"8.4.1\"  data-is_old_vc=\"\"  data-theme-support=\"\"   data-overlay=\"false\" data-overlay-color=\"\" data-overlay-pattern=\"\" data-overlay-pattern-opacity=\"\" data-overlay-pattern-size=\"\"    ><\/div>","protected":false},"excerpt":{"rendered":"HR Outsourcing - Wir sind Ihre PersonalabteilungWir \u00fcbernehmen Ihre Aufgaben in der Personalabteilung.\u00a0Wann lohnt es sich f\u00fcr Ihr Unternehmen, bestimmte Aufgaben aus dem Personalbereich abzugeben? Hier ausgew\u00e4hlte Beispiele: Als UnternehmerIn erledigen Sie alle Personalaufgaben selbst. Ihre Personalabteilung ist \u00fcberlastet &#8211; z.B. durch Krankheit Ihrer MitarbeiterInnen etc. Ihr Unternehmen ist an verschiedenen Standorten &#8211; im Inland...","protected":false},"author":2,"featured_media":0,"parent":1036,"menu_order":60,"comment_status":"closed","ping_status":"closed","template":"","meta":{"footnotes":""},"class_list":["post-1176","page","type-page","status-publish","hentry"],"yoast_head":"<!-- This site is optimized with the Yoast SEO plugin v27.5 - https:\/\/yoast.com\/product\/yoast-seo-wordpress\/ -->\n<title>HR Services | Ronsdorf Personalagentur Dresden<\/title>\n<meta name=\"description\" content=\"Effiziente Personalarbeit: Lagern Sie klassische HR-Aufgaben vertrauensvoll an uns aus. Jetzt pers\u00f6nliches HR Service Angebot anfordern!\" \/>\n<meta name=\"robots\" content=\"index, follow, max-snippet:-1, max-image-preview:large, max-video-preview:-1\" \/>\n<link rel=\"canonical\" href=\"https:\/\/www.personalagentur-ronsdorf.de\/en\/fuer-unternehmen\/hr-services\/\" \/>\n<meta property=\"og:locale\" content=\"en_US\" \/>\n<meta property=\"og:type\" content=\"article\" \/>\n<meta property=\"og:title\" content=\"Ronsdorf Personal\" \/>\n<meta property=\"og:description\" content=\"Wir \u00fcbernehmen Ihre HR-Aufgaben - zuverl\u00e4ssig &amp; kompetent.\" \/>\n<meta property=\"og:url\" content=\"https:\/\/www.personalagentur-ronsdorf.de\/en\/fuer-unternehmen\/hr-services\/\" \/>\n<meta property=\"og:site_name\" content=\"Personalberatung Ronsdorf\" \/>\n<meta property=\"article:modified_time\" content=\"2025-02-04T12:36:35+00:00\" \/>\n<meta property=\"og:image\" content=\"https:\/\/www.personalagentur-ronsdorf.de\/wp-content\/uploads\/2021\/10\/Ronsdorf_FBPostbild_4_Outsourcing.jpg\" \/>\n\t<meta property=\"og:image:width\" content=\"1200\" \/>\n\t<meta property=\"og:image:height\" content=\"628\" \/>\n\t<meta property=\"og:image:type\" content=\"image\/jpeg\" \/>\n<meta name=\"twitter:card\" content=\"summary_large_image\" \/>\n<meta name=\"twitter:title\" content=\"Ronsdorf Personal\" \/>\n<meta name=\"twitter:description\" content=\"Wir \u00fcbernehmen Ihre HR-Aufgaben - zuverl\u00e4ssig &amp; kompetent.\" \/>\n<meta name=\"twitter:image\" content=\"https:\/\/www.personalagentur-ronsdorf.de\/wp-content\/uploads\/2021\/10\/Ronsdorf_TWPostbild_4_Outsourcing.jpg\" \/>\n<script type=\"application\/ld+json\" class=\"yoast-schema-graph\">{\"@context\":\"https:\\\/\\\/schema.org\",\"@graph\":[{\"@type\":\"WebPage\",\"@id\":\"https:\\\/\\\/www.personalagentur-ronsdorf.de\\\/fuer-unternehmen\\\/hr-services\\\/\",\"url\":\"https:\\\/\\\/www.personalagentur-ronsdorf.de\\\/fuer-unternehmen\\\/hr-services\\\/\",\"name\":\"HR Services | Ronsdorf Personalagentur Dresden\",\"isPartOf\":{\"@id\":\"https:\\\/\\\/www.personalagentur-ronsdorf.de\\\/#website\"},\"datePublished\":\"2021-02-18T09:29:32+00:00\",\"dateModified\":\"2025-02-04T12:36:35+00:00\",\"description\":\"Effiziente Personalarbeit: Lagern Sie klassische HR-Aufgaben vertrauensvoll an uns aus. Jetzt pers\u00f6nliches HR Service Angebot anfordern!\",\"breadcrumb\":{\"@id\":\"https:\\\/\\\/www.personalagentur-ronsdorf.de\\\/fuer-unternehmen\\\/hr-services\\\/#breadcrumb\"},\"inLanguage\":\"en-US\",\"potentialAction\":[{\"@type\":\"ReadAction\",\"target\":[\"https:\\\/\\\/www.personalagentur-ronsdorf.de\\\/fuer-unternehmen\\\/hr-services\\\/\"]}]},{\"@type\":\"BreadcrumbList\",\"@id\":\"https:\\\/\\\/www.personalagentur-ronsdorf.de\\\/fuer-unternehmen\\\/hr-services\\\/#breadcrumb\",\"itemListElement\":[{\"@type\":\"ListItem\",\"position\":1,\"name\":\"Startseite\",\"item\":\"https:\\\/\\\/www.personalagentur-ronsdorf.de\\\/\"},{\"@type\":\"ListItem\",\"position\":2,\"name\":\"F\u00fcr Unternehmen\",\"item\":\"https:\\\/\\\/www.personalagentur-ronsdorf.de\\\/fuer-unternehmen\\\/\"},{\"@type\":\"ListItem\",\"position\":3,\"name\":\"HR Services\"}]},{\"@type\":\"WebSite\",\"@id\":\"https:\\\/\\\/www.personalagentur-ronsdorf.de\\\/#website\",\"url\":\"https:\\\/\\\/www.personalagentur-ronsdorf.de\\\/\",\"name\":\"Personalberatung Ronsdorf\",\"description\":\"\",\"publisher\":{\"@id\":\"https:\\\/\\\/www.personalagentur-ronsdorf.de\\\/#organization\"},\"potentialAction\":[{\"@type\":\"SearchAction\",\"target\":{\"@type\":\"EntryPoint\",\"urlTemplate\":\"https:\\\/\\\/www.personalagentur-ronsdorf.de\\\/?s={search_term_string}\"},\"query-input\":{\"@type\":\"PropertyValueSpecification\",\"valueRequired\":true,\"valueName\":\"search_term_string\"}}],\"inLanguage\":\"en-US\"},{\"@type\":\"Organization\",\"@id\":\"https:\\\/\\\/www.personalagentur-ronsdorf.de\\\/#organization\",\"name\":\"Ronsdorf \u2013 Personal & Business\",\"url\":\"https:\\\/\\\/www.personalagentur-ronsdorf.de\\\/\",\"logo\":{\"@type\":\"ImageObject\",\"inLanguage\":\"en-US\",\"@id\":\"https:\\\/\\\/www.personalagentur-ronsdorf.de\\\/#\\\/schema\\\/logo\\\/image\\\/\",\"url\":\"https:\\\/\\\/www.personalagentur-ronsdorf.de\\\/wp-content\\\/uploads\\\/2018\\\/12\\\/Logo_endversion.png\",\"contentUrl\":\"https:\\\/\\\/www.personalagentur-ronsdorf.de\\\/wp-content\\\/uploads\\\/2018\\\/12\\\/Logo_endversion.png\",\"width\":163,\"height\":154,\"caption\":\"Ronsdorf \u2013 Personal & Business\"},\"image\":{\"@id\":\"https:\\\/\\\/www.personalagentur-ronsdorf.de\\\/#\\\/schema\\\/logo\\\/image\\\/\"}}]}<\/script>\n<!-- \/ Yoast SEO plugin. -->","yoast_head_json":{"title":"HR Services | Ronsdorf Personalagentur Dresden","description":"Effiziente Personalarbeit: Lagern Sie klassische HR-Aufgaben vertrauensvoll an uns aus. Jetzt pers\u00f6nliches HR Service Angebot anfordern!","robots":{"index":"index","follow":"follow","max-snippet":"max-snippet:-1","max-image-preview":"max-image-preview:large","max-video-preview":"max-video-preview:-1"},"canonical":"https:\/\/www.personalagentur-ronsdorf.de\/en\/fuer-unternehmen\/hr-services\/","og_locale":"en_US","og_type":"article","og_title":"Ronsdorf Personal","og_description":"Wir \u00fcbernehmen Ihre HR-Aufgaben - zuverl\u00e4ssig & kompetent.","og_url":"https:\/\/www.personalagentur-ronsdorf.de\/en\/fuer-unternehmen\/hr-services\/","og_site_name":"Personalberatung Ronsdorf","article_modified_time":"2025-02-04T12:36:35+00:00","og_image":[{"width":1200,"height":628,"url":"https:\/\/www.personalagentur-ronsdorf.de\/wp-content\/uploads\/2021\/10\/Ronsdorf_FBPostbild_4_Outsourcing.jpg","type":"image\/jpeg"}],"twitter_card":"summary_large_image","twitter_title":"Ronsdorf Personal","twitter_description":"Wir \u00fcbernehmen Ihre HR-Aufgaben - zuverl\u00e4ssig & kompetent.","twitter_image":"https:\/\/www.personalagentur-ronsdorf.de\/wp-content\/uploads\/2021\/10\/Ronsdorf_TWPostbild_4_Outsourcing.jpg","schema":{"@context":"https:\/\/schema.org","@graph":[{"@type":"WebPage","@id":"https:\/\/www.personalagentur-ronsdorf.de\/fuer-unternehmen\/hr-services\/","url":"https:\/\/www.personalagentur-ronsdorf.de\/fuer-unternehmen\/hr-services\/","name":"HR Services | Ronsdorf Personalagentur Dresden","isPartOf":{"@id":"https:\/\/www.personalagentur-ronsdorf.de\/#website"},"datePublished":"2021-02-18T09:29:32+00:00","dateModified":"2025-02-04T12:36:35+00:00","description":"Effiziente Personalarbeit: Lagern Sie klassische HR-Aufgaben vertrauensvoll an uns aus. Jetzt pers\u00f6nliches HR Service Angebot anfordern!","breadcrumb":{"@id":"https:\/\/www.personalagentur-ronsdorf.de\/fuer-unternehmen\/hr-services\/#breadcrumb"},"inLanguage":"en-US","potentialAction":[{"@type":"ReadAction","target":["https:\/\/www.personalagentur-ronsdorf.de\/fuer-unternehmen\/hr-services\/"]}]},{"@type":"BreadcrumbList","@id":"https:\/\/www.personalagentur-ronsdorf.de\/fuer-unternehmen\/hr-services\/#breadcrumb","itemListElement":[{"@type":"ListItem","position":1,"name":"Startseite","item":"https:\/\/www.personalagentur-ronsdorf.de\/"},{"@type":"ListItem","position":2,"name":"F\u00fcr Unternehmen","item":"https:\/\/www.personalagentur-ronsdorf.de\/fuer-unternehmen\/"},{"@type":"ListItem","position":3,"name":"HR Services"}]},{"@type":"WebSite","@id":"https:\/\/www.personalagentur-ronsdorf.de\/#website","url":"https:\/\/www.personalagentur-ronsdorf.de\/","name":"Personalberatung Ronsdorf","description":"","publisher":{"@id":"https:\/\/www.personalagentur-ronsdorf.de\/#organization"},"potentialAction":[{"@type":"SearchAction","target":{"@type":"EntryPoint","urlTemplate":"https:\/\/www.personalagentur-ronsdorf.de\/?s={search_term_string}"},"query-input":{"@type":"PropertyValueSpecification","valueRequired":true,"valueName":"search_term_string"}}],"inLanguage":"en-US"},{"@type":"Organization","@id":"https:\/\/www.personalagentur-ronsdorf.de\/#organization","name":"Ronsdorf \u2013 Personal & Business","url":"https:\/\/www.personalagentur-ronsdorf.de\/","logo":{"@type":"ImageObject","inLanguage":"en-US","@id":"https:\/\/www.personalagentur-ronsdorf.de\/#\/schema\/logo\/image\/","url":"https:\/\/www.personalagentur-ronsdorf.de\/wp-content\/uploads\/2018\/12\/Logo_endversion.png","contentUrl":"https:\/\/www.personalagentur-ronsdorf.de\/wp-content\/uploads\/2018\/12\/Logo_endversion.png","width":163,"height":154,"caption":"Ronsdorf \u2013 Personal & Business"},"image":{"@id":"https:\/\/www.personalagentur-ronsdorf.de\/#\/schema\/logo\/image\/"}}]}},"_links":{"self":[{"href":"https:\/\/www.personalagentur-ronsdorf.de\/en\/wp-json\/wp\/v2\/pages\/1176","targetHints":{"allow":["GET"]}}],"collection":[{"href":"https:\/\/www.personalagentur-ronsdorf.de\/en\/wp-json\/wp\/v2\/pages"}],"about":[{"href":"https:\/\/www.personalagentur-ronsdorf.de\/en\/wp-json\/wp\/v2\/types\/page"}],"author":[{"embeddable":true,"href":"https:\/\/www.personalagentur-ronsdorf.de\/en\/wp-json\/wp\/v2\/users\/2"}],"replies":[{"embeddable":true,"href":"https:\/\/www.personalagentur-ronsdorf.de\/en\/wp-json\/wp\/v2\/comments?post=1176"}],"version-history":[{"count":24,"href":"https:\/\/www.personalagentur-ronsdorf.de\/en\/wp-json\/wp\/v2\/pages\/1176\/revisions"}],"predecessor-version":[{"id":3277,"href":"https:\/\/www.personalagentur-ronsdorf.de\/en\/wp-json\/wp\/v2\/pages\/1176\/revisions\/3277"}],"up":[{"embeddable":true,"href":"https:\/\/www.personalagentur-ronsdorf.de\/en\/wp-json\/wp\/v2\/pages\/1036"}],"wp:attachment":[{"href":"https:\/\/www.personalagentur-ronsdorf.de\/en\/wp-json\/wp\/v2\/media?parent=1176"}],"curies":[{"name":"wp","href":"https:\/\/api.w.org\/{rel}","templated":true}]}}